{"id":11578,"date":"2023-04-09T10:02:51","date_gmt":"2023-04-09T10:02:51","guid":{"rendered":"https:\/\/the-church.nl\/romantisches-zimmer\/"},"modified":"2023-04-09T10:02:52","modified_gmt":"2023-04-09T10:02:52","slug":"romantisches-zimmer","status":"publish","type":"page","link":"https:\/\/the-church.nl\/de\/uebernachten\/hotelzimmer\/romantisches-zimmer\/","title":{"rendered":"Romantisches Zimmer"},"content":{"rendered":"<section class=\"wpb-content-wrapper\"><p>[vc_row css_animation=&#8220;&#8220; row_type=&#8220;row&#8220; use_row_as_full_screen_section=&#8220;yes&#8220; type=&#8220;full_width&#8220; angled_section=&#8220;no&#8220; text_align=&#8220;center&#8220; background_image_as_pattern=&#8220;without_pattern&#8220; z_index=&#8220;&#8220; css=&#8220;.vc_custom_1677770822300{margin-bottom: 200px !important;}&#8220; background_image=&#8220;10683&#8243; side_padding=&#8220;10%&#8220; padding_top=&#8220;40%&#8220; padding_bottom=&#8220;40%&#8220;][vc_column css=&#8220;.vc_custom_1677753625052{padding-top: 400px !important;padding-bottom: 400px !important;}&#8220;][vc_column_text]<\/p>\n<h1 style=\"color: #ffffff; text-align: center;\">Romantisches Zimmer<\/h1>\n<p>[\/vc_column_text][vc_separator type=&#8220;small&#8220; position=&#8220;center&#8220; color=&#8220;#ffffff&#8220; transparency=&#8220;0.5&#8243; down=&#8220;35&#8243;]<a  itemprop=\"url\" href=\"https:\/\/www.mews.li\/distributor\/c69a065c-5100-43e6-bea9-afaf00a4adb7\" target=\"_self\"  class=\"qbutton  large center default\" style=\"\">Ein Zimmer reservieren<\/a>[\/vc_column][\/vc_row][vc_row css_animation=&#8220;&#8220; row_type=&#8220;row&#8220; use_row_as_full_screen_section=&#8220;no&#8220; type=&#8220;grid&#8220; angled_section=&#8220;no&#8220; text_align=&#8220;left&#8220; background_image_as_pattern=&#8220;without_pattern&#8220; z_index=&#8220;&#8220;][vc_column][vc_column_text]<\/p>\n<p style=\"text-align: center;\">Das 20 m\u00b2 gro\u00dfe Romantikzimmer verf\u00fcgt \u00fcber ein offenes Bad mit freistehender Badewanne. Ob im Bett oder im Bad, Sie k\u00f6nnen fernsehen, indem Sie den Bildschirm in die gew\u00fcnschte Richtung drehen. Dieses Zimmer verf\u00fcgt \u00fcber Wi-Fi, Haartrockner, Klimaanlage, franz\u00f6sische Fenster und Kaffee-\/Teekocher.<span class=\"Apple-converted-space\"> <\/span><\/p>\n<p>[\/vc_column_text][vc_empty_space height=&#8220;50px&#8220;][\/vc_column][\/vc_row][vc_row css_animation=&#8220;&#8220; row_type=&#8220;row&#8220; use_row_as_full_screen_section=&#8220;no&#8220; type=&#8220;grid&#8220; angled_section=&#8220;no&#8220; text_align=&#8220;left&#8220; background_image_as_pattern=&#8220;without_pattern&#8220; z_index=&#8220;&#8220;][vc_column width=&#8220;1\/3&#8243;][vc_gallery interval=&#8220;3&#8243; images=&#8220;10683,10689,10692,10695,10707,10704,10701,10698,10716,10713,10710&#8243; img_size=&#8220;500&#215;500&#8243; pause_on_hover=&#8220;yes&#8220;][\/vc_column][vc_column width=&#8220;1\/3&#8243;][vc_column_text]<strong>ROMANTISCHE ZIMMER<\/strong><\/p>\n<ul>\n<li>Badezimmer mit freistehender Badewanne<\/li>\n<li>Fenster \u00f6ffnen<\/li>\n<li>TV<\/li>\n<li>Kaffee\/Tee-Einrichtungen<\/li>\n<\/ul>\n<p>[\/vc_column_text][\/vc_column][vc_column width=&#8220;1\/3&#8243;][vc_column_text]<strong>HOTELANLAGEN<\/strong><\/p>\n<ul>\n<li>Einchecken 15:00 bis 20:00<\/li>\n<li>Check-out bis 11:00 Uhr<\/li>\n<li>Reichhaltiges Fr\u00fchst\u00fcck<\/li>\n<li>Klimatisierung in allen Zimmern<\/li>\n<li>Kostenloses WIFI<\/li>\n<li>Bar und Aufenthaltsraum<\/li>\n<li>Kulinarisches Restaurant<\/li>\n<li>\n<\/li>\n<\/ul>\n<p>[\/vc_column_text][\/vc_column][\/vc_row][vc_row css_animation=&#8220;&#8220; row_type=&#8220;row&#8220; use_row_as_full_screen_section=&#8220;no&#8220; type=&#8220;full_width&#8220; angled_section=&#8220;no&#8220; text_align=&#8220;left&#8220; background_image_as_pattern=&#8220;without_pattern&#8220;][vc_column][vc_empty_space height=&#8220;20px&#8220;][\/vc_column][\/vc_row][vc_row css_animation=&#8220;&#8220; row_type=&#8220;row&#8220; use_row_as_full_screen_section=&#8220;no&#8220; type=&#8220;grid&#8220; angled_section=&#8220;no&#8220; text_align=&#8220;left&#8220; background_image_as_pattern=&#8220;without_pattern&#8220; z_index=&#8220;&#8220;][vc_column][vc_column_text]<\/p>\n<h3 style=\"text-align: center;\">Was halten andere von unserem Hotel?<\/h3>\n<p>[\/vc_column_text]<div class='blog_slider_holder clearfix '><div class='blog_slider blog_slider_carousel' data-blogs_shown='3' data-auto_start='false'><ul class='blog_slides'>Sorry, no posts matched your criteria.<\/ul><\/div><\/div>[vc_empty_space height=&#8220;20px&#8220;][\/vc_column][\/vc_row]<\/p>\n<\/section>","protected":false},"excerpt":{"rendered":"<p>[vc_row css_animation=&#8220;&#8220; row_type=&#8220;row&#8220; use_row_as_full_screen_section=&#8220;yes&#8220; type=&#8220;full_width&#8220; angled_section=&#8220;no&#8220; text_align=&#8220;center&#8220; background_image_as_pattern=&#8220;without_pattern&#8220; z_index=&#8220;&#8220; css=&#8220;.vc_custom_1677770822300{margin-bottom: 200px !important;}&#8220; background_image=&#8220;10683&#8243; side_padding=&#8220;10%&#8220; padding_top=&#8220;40%&#8220; padding_bottom=&#8220;40%&#8220;][vc_column css=&#8220;.vc_custom_1677753625052{padding-top: 400px !important;padding-bottom: 400px !important;}&#8220;][vc_column_text] Romantisches Zimmer [\/vc_column_text][vc_separator type=&#8220;small&#8220; position=&#8220;center&#8220; color=&#8220;#ffffff&#8220; transparency=&#8220;0.5&#8243; down=&#8220;35&#8243;][\/vc_column][\/vc_row][vc_row css_animation=&#8220;&#8220; row_type=&#8220;row&#8220; use_row_as_full_screen_section=&#8220;no&#8220; type=&#8220;grid&#8220; angled_section=&#8220;no&#8220; text_align=&#8220;left&#8220; background_image_as_pattern=&#8220;without_pattern&#8220; z_index=&#8220;&#8220;][vc_column][vc_column_text] Das 20 m\u00b2 gro\u00dfe Romantikzimmer verf\u00fcgt \u00fcber ein offenes Bad mit freistehender Badewanne&#8230;.<\/p>\n","protected":false},"author":1,"featured_media":0,"parent":11579,"menu_order":0,"comment_status":"closed","ping_status":"closed","template":"","meta":{"footnotes":""},"class_list":["post-11578","page","type-page","status-publish","hentry"],"yoast_head":"<!-- This site is optimized with the Yoast SEO plugin v25.0 - https:\/\/yoast.com\/wordpress\/plugins\/seo\/ -->\n<title>Romantisches Zimmer - The Church<\/title>\n<meta name=\"description\" content=\"Das 20 m\u00b2 gro\u00dfe Romantikzimmer verf\u00fcgt \u00fcber ein offenes Bad mit freistehender Badewanne. Ob im Bett oder im Bad, Sie k\u00f6nnen fernsehen, indem Sie den Bildschirm in die gew\u00fcnschte Richtung drehen. Dieses Zimmer verf\u00fcgt \u00fcber Wi-Fi, Haartrockner, Klimaanlage, franz\u00f6sische Fenster und Kaffee-\/Teekocher.\" \/>\n<meta name=\"robots\" content=\"index, follow, max-snippet:-1, max-image-preview:large, max-video-preview:-1\" \/>\n<link rel=\"canonical\" href=\"https:\/\/the-church.nl\/de\/uebernachten\/hotelzimmer\/romantisches-zimmer\/\" \/>\n<meta property=\"og:locale\" content=\"de_DE\" \/>\n<meta property=\"og:type\" content=\"article\" \/>\n<meta property=\"og:title\" content=\"Romantisches Zimmer - The Church\" \/>\n<meta property=\"og:description\" content=\"Das 20 m\u00b2 gro\u00dfe Romantikzimmer verf\u00fcgt \u00fcber ein offenes Bad mit freistehender Badewanne. Ob im Bett oder im Bad, Sie k\u00f6nnen fernsehen, indem Sie den Bildschirm in die gew\u00fcnschte Richtung drehen. Dieses Zimmer verf\u00fcgt \u00fcber Wi-Fi, Haartrockner, Klimaanlage, franz\u00f6sische Fenster und Kaffee-\/Teekocher.\" \/>\n<meta property=\"og:url\" content=\"https:\/\/the-church.nl\/de\/uebernachten\/hotelzimmer\/romantisches-zimmer\/\" \/>\n<meta property=\"og:site_name\" content=\"The Church\" \/>\n<meta property=\"article:modified_time\" content=\"2023-04-09T10:02:52+00:00\" \/>\n<meta name=\"twitter:card\" content=\"summary_large_image\" \/>\n<meta name=\"twitter:label1\" content=\"Gesch\u00e4tzte Lesezeit\" \/>\n\t<meta name=\"twitter:data1\" content=\"2\u00a0Minuten\" \/>\n<script type=\"application\/ld+json\" class=\"yoast-schema-graph\">{\"@context\":\"https:\/\/schema.org\",\"@graph\":[{\"@type\":\"WebPage\",\"@id\":\"https:\/\/the-church.nl\/de\/uebernachten\/hotelzimmer\/romantisches-zimmer\/\",\"url\":\"https:\/\/the-church.nl\/de\/uebernachten\/hotelzimmer\/romantisches-zimmer\/\",\"name\":\"Romantisches Zimmer - The Church\",\"isPartOf\":{\"@id\":\"https:\/\/the-church.nl\/de\/#website\"},\"datePublished\":\"2023-04-09T10:02:51+00:00\",\"dateModified\":\"2023-04-09T10:02:52+00:00\",\"description\":\"Das 20 m\u00b2 gro\u00dfe Romantikzimmer verf\u00fcgt \u00fcber ein offenes Bad mit freistehender Badewanne. Ob im Bett oder im Bad, Sie k\u00f6nnen fernsehen, indem Sie den Bildschirm in die gew\u00fcnschte Richtung drehen. Dieses Zimmer verf\u00fcgt \u00fcber Wi-Fi, Haartrockner, Klimaanlage, franz\u00f6sische Fenster und Kaffee-\/Teekocher.\",\"breadcrumb\":{\"@id\":\"https:\/\/the-church.nl\/de\/uebernachten\/hotelzimmer\/romantisches-zimmer\/#breadcrumb\"},\"inLanguage\":\"de\",\"potentialAction\":[{\"@type\":\"ReadAction\",\"target\":[\"https:\/\/the-church.nl\/de\/uebernachten\/hotelzimmer\/romantisches-zimmer\/\"]}]},{\"@type\":\"BreadcrumbList\",\"@id\":\"https:\/\/the-church.nl\/de\/uebernachten\/hotelzimmer\/romantisches-zimmer\/#breadcrumb\",\"itemListElement\":[{\"@type\":\"ListItem\",\"position\":1,\"name\":\"Home\",\"item\":\"https:\/\/the-church.nl\/de\/\"},{\"@type\":\"ListItem\",\"position\":2,\"name\":\"Schlaf\",\"item\":\"https:\/\/the-church.nl\/de\/slapen-bij\/\"},{\"@type\":\"ListItem\",\"position\":3,\"name\":\"Hotelzimmer\",\"item\":\"https:\/\/the-church.nl\/de\/slapen-bij\/hotelkamers\/\"},{\"@type\":\"ListItem\",\"position\":4,\"name\":\"Romantisches Zimmer\"}]},{\"@type\":\"WebSite\",\"@id\":\"https:\/\/the-church.nl\/de\/#website\",\"url\":\"https:\/\/the-church.nl\/de\/\",\"name\":\"The Church\",\"description\":\"Heaven for your senses\",\"potentialAction\":[{\"@type\":\"SearchAction\",\"target\":{\"@type\":\"EntryPoint\",\"urlTemplate\":\"https:\/\/the-church.nl\/de\/?s={search_term_string}\"},\"query-input\":{\"@type\":\"PropertyValueSpecification\",\"valueRequired\":true,\"valueName\":\"search_term_string\"}}],\"inLanguage\":\"de\"}]}<\/script>\n<!-- \/ Yoast SEO plugin. -->","yoast_head_json":{"title":"Romantisches Zimmer - The Church","description":"Das 20 m\u00b2 gro\u00dfe Romantikzimmer verf\u00fcgt \u00fcber ein offenes Bad mit freistehender Badewanne. Ob im Bett oder im Bad, Sie k\u00f6nnen fernsehen, indem Sie den Bildschirm in die gew\u00fcnschte Richtung drehen. Dieses Zimmer verf\u00fcgt \u00fcber Wi-Fi, Haartrockner, Klimaanlage, franz\u00f6sische Fenster und Kaffee-\/Teekocher.","robots":{"index":"index","follow":"follow","max-snippet":"max-snippet:-1","max-image-preview":"max-image-preview:large","max-video-preview":"max-video-preview:-1"},"canonical":"https:\/\/the-church.nl\/de\/uebernachten\/hotelzimmer\/romantisches-zimmer\/","og_locale":"de_DE","og_type":"article","og_title":"Romantisches Zimmer - The Church","og_description":"Das 20 m\u00b2 gro\u00dfe Romantikzimmer verf\u00fcgt \u00fcber ein offenes Bad mit freistehender Badewanne. Ob im Bett oder im Bad, Sie k\u00f6nnen fernsehen, indem Sie den Bildschirm in die gew\u00fcnschte Richtung drehen. Dieses Zimmer verf\u00fcgt \u00fcber Wi-Fi, Haartrockner, Klimaanlage, franz\u00f6sische Fenster und Kaffee-\/Teekocher.","og_url":"https:\/\/the-church.nl\/de\/uebernachten\/hotelzimmer\/romantisches-zimmer\/","og_site_name":"The Church","article_modified_time":"2023-04-09T10:02:52+00:00","twitter_card":"summary_large_image","twitter_misc":{"Gesch\u00e4tzte Lesezeit":"2\u00a0Minuten"},"schema":{"@context":"https:\/\/schema.org","@graph":[{"@type":"WebPage","@id":"https:\/\/the-church.nl\/de\/uebernachten\/hotelzimmer\/romantisches-zimmer\/","url":"https:\/\/the-church.nl\/de\/uebernachten\/hotelzimmer\/romantisches-zimmer\/","name":"Romantisches Zimmer - The Church","isPartOf":{"@id":"https:\/\/the-church.nl\/de\/#website"},"datePublished":"2023-04-09T10:02:51+00:00","dateModified":"2023-04-09T10:02:52+00:00","description":"Das 20 m\u00b2 gro\u00dfe Romantikzimmer verf\u00fcgt \u00fcber ein offenes Bad mit freistehender Badewanne. Ob im Bett oder im Bad, Sie k\u00f6nnen fernsehen, indem Sie den Bildschirm in die gew\u00fcnschte Richtung drehen. Dieses Zimmer verf\u00fcgt \u00fcber Wi-Fi, Haartrockner, Klimaanlage, franz\u00f6sische Fenster und Kaffee-\/Teekocher.","breadcrumb":{"@id":"https:\/\/the-church.nl\/de\/uebernachten\/hotelzimmer\/romantisches-zimmer\/#breadcrumb"},"inLanguage":"de","potentialAction":[{"@type":"ReadAction","target":["https:\/\/the-church.nl\/de\/uebernachten\/hotelzimmer\/romantisches-zimmer\/"]}]},{"@type":"BreadcrumbList","@id":"https:\/\/the-church.nl\/de\/uebernachten\/hotelzimmer\/romantisches-zimmer\/#breadcrumb","itemListElement":[{"@type":"ListItem","position":1,"name":"Home","item":"https:\/\/the-church.nl\/de\/"},{"@type":"ListItem","position":2,"name":"Schlaf","item":"https:\/\/the-church.nl\/de\/slapen-bij\/"},{"@type":"ListItem","position":3,"name":"Hotelzimmer","item":"https:\/\/the-church.nl\/de\/slapen-bij\/hotelkamers\/"},{"@type":"ListItem","position":4,"name":"Romantisches Zimmer"}]},{"@type":"WebSite","@id":"https:\/\/the-church.nl\/de\/#website","url":"https:\/\/the-church.nl\/de\/","name":"The Church","description":"Heaven for your senses","potentialAction":[{"@type":"SearchAction","target":{"@type":"EntryPoint","urlTemplate":"https:\/\/the-church.nl\/de\/?s={search_term_string}"},"query-input":{"@type":"PropertyValueSpecification","valueRequired":true,"valueName":"search_term_string"}}],"inLanguage":"de"}]}},"_links":{"self":[{"href":"https:\/\/the-church.nl\/de\/wp-json\/wp\/v2\/pages\/11578","targetHints":{"allow":["GET"]}}],"collection":[{"href":"https:\/\/the-church.nl\/de\/wp-json\/wp\/v2\/pages"}],"about":[{"href":"https:\/\/the-church.nl\/de\/wp-json\/wp\/v2\/types\/page"}],"author":[{"embeddable":true,"href":"https:\/\/the-church.nl\/de\/wp-json\/wp\/v2\/users\/1"}],"replies":[{"embeddable":true,"href":"https:\/\/the-church.nl\/de\/wp-json\/wp\/v2\/comments?post=11578"}],"version-history":[{"count":2,"href":"https:\/\/the-church.nl\/de\/wp-json\/wp\/v2\/pages\/11578\/revisions"}],"predecessor-version":[{"id":11581,"href":"https:\/\/the-church.nl\/de\/wp-json\/wp\/v2\/pages\/11578\/revisions\/11581"}],"up":[{"embeddable":true,"href":"https:\/\/the-church.nl\/de\/wp-json\/wp\/v2\/pages\/11579"}],"wp:attachment":[{"href":"https:\/\/the-church.nl\/de\/wp-json\/wp\/v2\/media?parent=11578"}],"curies":[{"name":"wp","href":"https:\/\/api.w.org\/{rel}","templated":true}]}}