{"id":11618,"date":"2023-04-09T10:02:57","date_gmt":"2023-04-09T10:02:57","guid":{"rendered":"https:\/\/the-church.nl\/lebensmittel\/"},"modified":"2024-12-18T08:03:04","modified_gmt":"2024-12-18T08:03:04","slug":"essen","status":"publish","type":"page","link":"https:\/\/the-church.nl\/de\/essen\/","title":{"rendered":"Essen"},"content":{"rendered":"<section class=\"wpb-content-wrapper\"><p>[vc_row css_animation=&#8220;&#8220; row_type=&#8220;row&#8220; use_row_as_full_screen_section=&#8220;yes&#8220; type=&#8220;full_width&#8220; angled_section=&#8220;no&#8220; text_align=&#8220;center&#8220; background_image_as_pattern=&#8220;without_pattern&#8220; z_index=&#8220;&#8220; css=&#8220;.vc_custom_1679500691105{margin-bottom: 75px !important;}&#8220; background_image=&#8220;11361&#8243; side_padding=&#8220;10%&#8220; padding_top=&#8220;40%&#8220; padding_bottom=&#8220;40%&#8220;][vc_column css=&#8220;.vc_custom_1677753625052{padding-top: 400px !important;padding-bottom: 400px !important;}&#8220;][vc_column_text]<\/p>\n<h1 style=\"color: #ffffff;\">Lebensmittel<\/h1>\n<p>[\/vc_column_text][vc_separator type=&#8220;small&#8220; position=&#8220;center&#8220; color=&#8220;#ffffff&#8220; transparency=&#8220;0.5&#8243; down=&#8220;35&#8243;]<a  itemprop=\"url\" href=\"#ft-open\" target=\"_self\"  class=\"qbutton  large center default\" style=\"\">Einen Tisch reservieren<\/a>[\/vc_column][\/vc_row][vc_row css_animation=&#8220;&#8220; row_type=&#8220;row&#8220; use_row_as_full_screen_section=&#8220;no&#8220; type=&#8220;grid&#8220; angled_section=&#8220;no&#8220; text_align=&#8220;left&#8220; background_image_as_pattern=&#8220;without_pattern&#8220; z_index=&#8220;&#8220;][vc_column width=&#8220;1\/2&#8243; css=&#8220;.vc_custom_1548961531536{padding-right: 5px !important;}&#8220;][vc_single_image image=&#8220;11400&#8243; img_size=&#8220;600&#215;400&#8243; qode_css_animation=&#8220;&#8220;][vc_empty_space height=&#8220;20px&#8220;][vc_column_text]<\/p>\n<h3 style=\"text-align: center;\">Essen und Trinken im Himmel<\/h3>\n<p>[\/vc_column_text][vc_empty_space height=&#8220;20px&#8220;][vc_column_text]<\/p>\n<p style=\"text-align: center;\">Wenn man nach oben schaut, gleitet der Blick durch die Orgel und die schwebenden Hotelzimmer zu den Deckengew\u00f6lben und dem monumentalen Kronleuchter. Eine luxuri\u00f6se Lounge &amp; Cocktailbar und das Restaurant befinden sich unter dem blauen Himmel von The Church. Stimmungsvoll umrahmt von einer Mischung aus modernem Interieur, Buntglasfenstern und gro\u00dfformatigen Wandmalereien im Stil der Stra\u00dfenkunst. Entlang der W\u00e4nde k\u00f6nnen Sie auf bequemen Sofas und St\u00fchlen Getr\u00e4nke und Snacks zu sich nehmen. Und freitags und samstags legt ein DJ leichte Lounge-Kl\u00e4nge auf, die Ihren Cocktail nach dem Essen begleiten. Das ist der Ort, an dem Arnheim zu Hause ist!<\/p>\n<p>[\/vc_column_text][\/vc_column][vc_column width=&#8220;1\/2&#8243; css=&#8220;.vc_custom_1548959040496{padding-left: 5px !important;}&#8220;][vc_single_image image=&#8220;11485&#8243; img_size=&#8220;600&#215;400&#8243; qode_css_animation=&#8220;&#8220;][vc_empty_space height=&#8220;20px&#8220;][vc_column_text]<\/p>\n<h3 style=\"text-align: center;\">Kommissar Bart Leussink<\/h3>\n<p>[\/vc_column_text][vc_empty_space height=&#8220;20px&#8220;][vc_column_text]<\/p>\n<p style=\"text-align: center;\">Bart&#8217;s Kitchen steht f\u00fcr reine Zutaten und Qualit\u00e4t. Nicht zu viel Aufhebens, aber \u00fcberraschende Geschmackskombinationen. Alle Vorbereitungen werden getroffen, um das Produkt besser zu machen und die Qualit\u00e4t zu verbessern. Es wird viel mit S\u00e4uren, eingelegtem Gem\u00fcse, Umami und Gew\u00fcrzen gearbeitet. Die verwendeten Techniken entstammen zumeist der klassischen franz\u00f6sischen K\u00fcche, die modern interpretiert wird. Kombiniert mit Einfl\u00fcssen aus der japanischen und orientalischen K\u00fcche. Die echte Gastfreundschaft, die von Janieks Herz kommt, kombiniert mit ihrem Fachwissen, wird im Restaurant umgesetzt. Man f\u00fchlt sich sofort wie zu Hause.<\/p>\n<p>[\/vc_column_text][\/vc_column][\/vc_row][vc_row css_animation=&#8220;&#8220; row_type=&#8220;row&#8220; use_row_as_full_screen_section=&#8220;no&#8220; type=&#8220;grid&#8220; angled_section=&#8220;no&#8220; text_align=&#8220;center&#8220; background_image_as_pattern=&#8220;without_pattern&#8220; z_index=&#8220;&#8220;][vc_column][vc_empty_space height=&#8220;25px&#8220;][vc_column_text]<\/p>\n<p style=\"text-align: center;\">Worauf haben Sie Lust? Setzen Sie sich an den <a href=\"https:\/\/the-church.nl\/eten-bij\/chefs-table\/\">Tisch des K\u00fcchen<\/a> chefs oder w\u00e4hlen Sie einen der runden Tische, an denen Sie mit mehreren Personen sitzen k\u00f6nnen. Es besteht auch die M\u00f6glichkeit, mit der eigenen Gruppe in einem historischen Raum in der ehemaligen Kirche zu dinieren, w\u00e4hrend der Chefkoch privat f\u00fcr Sie kocht. Beim <a href=\"https:\/\/the-church.nl\/eten-bij\/private-dining\/\">Private Dining<\/a> kocht der Chefkoch das f\u00fcr Sie zusammengestellte Men\u00fc. Sonntags k\u00f6nnen Sie in der Kirche einen fabelhaften <a href=\"https:\/\/the-church.nl\/eten-bij\/champagne-brunch\/\">Champagner-Brunch<\/a> genie\u00dfen.<\/p>\n<p>[\/vc_column_text][vc_empty_space height=&#8220;35px&#8220;][\/vc_column][\/vc_row][vc_row css_animation=&#8220;&#8220; row_type=&#8220;row&#8220; use_row_as_full_screen_section=&#8220;no&#8220; type=&#8220;full_width&#8220; angled_section=&#8220;no&#8220; text_align=&#8220;left&#8220; background_image_as_pattern=&#8220;without_pattern&#8220; z_index=&#8220;&#8220; css=&#8220;.vc_custom_1678262838536{margin-top: 75px !important;margin-bottom: 75px !important;padding-right: 10% !important;padding-left: 10% !important;}&#8220; el_id=&#8220;Men\u00fc&#8220;][vc_column][vc_single_image image=&#8220;11004&#8243; img_size=&#8220;full&#8220; qode_css_animation=&#8220;&#8220;][\/vc_column][\/vc_row][vc_row css_animation=&#8220;&#8220; row_type=&#8220;row&#8220; use_row_as_full_screen_section=&#8220;no&#8220; type=&#8220;grid&#8220; angled_section=&#8220;no&#8220; text_align=&#8220;center&#8220; background_image_as_pattern=&#8220;without_pattern&#8220; z_index=&#8220;&#8220;][vc_column][vc_column_text]<\/p>\n<p style=\"text-align: center;\">Das Men\u00fc besteht aus einem Chef-Erlebnismen\u00fc mit einer Auswahl von 6, 9 oder 12 Gerichten. Neben diesem Men\u00fc bieten wir auch Gerichte \u00e0 la carte an. Die Gerichte sind klein und werden in schneller Folge serviert. Das Men\u00fc besteht aus frischen Geschmacksrichtungen und bek\u00f6mmlichen Zutaten. Fisch und Meeresfr\u00fcchte werden h\u00e4ufig verwendet. Wenn Fleisch verwendet wird, wird es oft mit frischen Kr\u00e4utern oder eingelegtem Gem\u00fcse kombiniert.<\/p>\n<p>[\/vc_column_text][vc_empty_space height=&#8220;35px&#8220;][\/vc_column][\/vc_row][vc_row css_animation=&#8220;&#8220; row_type=&#8220;row&#8220; use_row_as_full_screen_section=&#8220;no&#8220; type=&#8220;full_width&#8220; angled_section=&#8220;no&#8220; text_align=&#8220;center&#8220; background_image_as_pattern=&#8220;without_pattern&#8220; z_index=&#8220;&#8220;][vc_column width=&#8220;1\/6&#8243;][\/vc_column][vc_column width=&#8220;1\/3&#8243;]<a  itemprop=\"url\" href=\"http:\/\/the-church.nl\/wp-content\/uploads\/2024\/12\/EN-TC-menukaart-lunch-december-2024-2.pdf\" target=\"_blank\"  class=\"qbutton  center default\" style=\"\">Das Mittagsmen\u00fc ansehen<\/a>[vc_empty_space height=&#8220;15px&#8220;][\/vc_column][vc_column width=&#8220;1\/3&#8243;]<a  itemprop=\"url\" href=\"http:\/\/the-church.nl\/wp-content\/uploads\/2024\/12\/EN-TC-menukaart-diner-december-2024-2.pdf\" target=\"_blank\"  class=\"qbutton  center default\" style=\"\">Das Men\u00fc zum Abendessen ansehen<\/a>[vc_empty_space height=&#8220;15px&#8220;][\/vc_column][vc_column width=&#8220;1\/6&#8243;][\/vc_column][\/vc_row][vc_row css_animation=&#8220;&#8220; row_type=&#8220;row&#8220; use_row_as_full_screen_section=&#8220;no&#8220; type=&#8220;grid&#8220; angled_section=&#8220;no&#8220; text_align=&#8220;left&#8220; background_image_as_pattern=&#8220;without_pattern&#8220; z_index=&#8220;&#8220;][vc_column][vc_empty_space height=&#8220;20px&#8220;][vc_column_text]<\/p>\n<h3 style=\"text-align: center;\">Was denken unsere G\u00e4ste?<\/h3>\n<p>[\/vc_column_text]<div class='blog_slider_holder clearfix '><div class='blog_slider blog_slider_carousel' data-blogs_shown='3' data-auto_start='false'><ul class='blog_slides'>Sorry, no posts matched your criteria.<\/ul><\/div><\/div>[vc_empty_space height=&#8220;20px&#8220;][\/vc_column][\/vc_row]<\/p>\n<\/section>","protected":false},"excerpt":{"rendered":"<p>[vc_row css_animation=&#8220;&#8220; row_type=&#8220;row&#8220; use_row_as_full_screen_section=&#8220;yes&#8220; type=&#8220;full_width&#8220; angled_section=&#8220;no&#8220; text_align=&#8220;center&#8220; background_image_as_pattern=&#8220;without_pattern&#8220; z_index=&#8220;&#8220; css=&#8220;.vc_custom_1679500691105{margin-bottom: 75px !important;}&#8220; background_image=&#8220;11361&#8243; side_padding=&#8220;10%&#8220; padding_top=&#8220;40%&#8220; padding_bottom=&#8220;40%&#8220;][vc_column css=&#8220;.vc_custom_1677753625052{padding-top: 400px !important;padding-bottom: 400px !important;}&#8220;][vc_column_text] Lebensmittel [\/vc_column_text][vc_separator type=&#8220;small&#8220; position=&#8220;center&#8220; color=&#8220;#ffffff&#8220; transparency=&#8220;0.5&#8243; down=&#8220;35&#8243;][\/vc_column][\/vc_row][vc_row css_animation=&#8220;&#8220; row_type=&#8220;row&#8220; use_row_as_full_screen_section=&#8220;no&#8220; type=&#8220;grid&#8220; angled_section=&#8220;no&#8220; text_align=&#8220;left&#8220; background_image_as_pattern=&#8220;without_pattern&#8220; z_index=&#8220;&#8220;][vc_column width=&#8220;1\/2&#8243; css=&#8220;.vc_custom_1548961531536{padding-right: 5px !important;}&#8220;][vc_single_image image=&#8220;11400&#8243; img_size=&#8220;600&#215;400&#8243; qode_css_animation=&#8220;&#8220;][vc_empty_space height=&#8220;20px&#8220;][vc_column_text] Essen und Trinken im Himmel [\/vc_column_text][vc_empty_space&#8230;<\/p>\n","protected":false},"author":1,"featured_media":0,"parent":0,"menu_order":0,"comment_status":"closed","ping_status":"closed","template":"","meta":{"footnotes":""},"class_list":["post-11618","page","type-page","status-publish","hentry"],"yoast_head":"<!-- This site is optimized with the Yoast SEO plugin v25.0 - https:\/\/yoast.com\/wordpress\/plugins\/seo\/ -->\n<title>Restaurant, Cocktailbar und Lounge - The Church %<\/title>\n<meta name=\"description\" content=\"Eine luxuri\u00f6se Lounge &amp; Cocktailbar und das Restaurant befinden sich unter dem blauen Himmel von The Church. Bart&#039;s Kitchen steht f\u00fcr reine Zutaten und Qualit\u00e4t. Nicht zu viel Aufhebens, aber \u00fcberraschende Geschmackskombinationen.\" \/>\n<meta name=\"robots\" content=\"index, follow, max-snippet:-1, max-image-preview:large, max-video-preview:-1\" \/>\n<link rel=\"canonical\" href=\"https:\/\/the-church.nl\/de\/essen\/\" \/>\n<meta property=\"og:locale\" content=\"de_DE\" \/>\n<meta property=\"og:type\" content=\"article\" \/>\n<meta property=\"og:title\" content=\"Restaurant, Cocktailbar und Lounge - The Church %\" \/>\n<meta property=\"og:description\" content=\"Eine luxuri\u00f6se Lounge &amp; Cocktailbar und das Restaurant befinden sich unter dem blauen Himmel von The Church. Bart&#039;s Kitchen steht f\u00fcr reine Zutaten und Qualit\u00e4t. Nicht zu viel Aufhebens, aber \u00fcberraschende Geschmackskombinationen.\" \/>\n<meta property=\"og:url\" content=\"https:\/\/the-church.nl\/de\/essen\/\" \/>\n<meta property=\"og:site_name\" content=\"The Church\" \/>\n<meta property=\"article:modified_time\" content=\"2024-12-18T08:03:04+00:00\" \/>\n<meta name=\"twitter:card\" content=\"summary_large_image\" \/>\n<meta name=\"twitter:label1\" content=\"Gesch\u00e4tzte Lesezeit\" \/>\n\t<meta name=\"twitter:data1\" content=\"4\u00a0Minuten\" \/>\n<script type=\"application\/ld+json\" class=\"yoast-schema-graph\">{\"@context\":\"https:\/\/schema.org\",\"@graph\":[{\"@type\":\"WebPage\",\"@id\":\"https:\/\/the-church.nl\/de\/essen\/\",\"url\":\"https:\/\/the-church.nl\/de\/essen\/\",\"name\":\"Restaurant, Cocktailbar und Lounge - The Church %\",\"isPartOf\":{\"@id\":\"https:\/\/the-church.nl\/de\/#website\"},\"datePublished\":\"2023-04-09T10:02:57+00:00\",\"dateModified\":\"2024-12-18T08:03:04+00:00\",\"description\":\"Eine luxuri\u00f6se Lounge & Cocktailbar und das Restaurant befinden sich unter dem blauen Himmel von The Church. Bart's Kitchen steht f\u00fcr reine Zutaten und Qualit\u00e4t. Nicht zu viel Aufhebens, aber \u00fcberraschende Geschmackskombinationen.\",\"breadcrumb\":{\"@id\":\"https:\/\/the-church.nl\/de\/essen\/#breadcrumb\"},\"inLanguage\":\"de\",\"potentialAction\":[{\"@type\":\"ReadAction\",\"target\":[\"https:\/\/the-church.nl\/de\/essen\/\"]}]},{\"@type\":\"BreadcrumbList\",\"@id\":\"https:\/\/the-church.nl\/de\/essen\/#breadcrumb\",\"itemListElement\":[{\"@type\":\"ListItem\",\"position\":1,\"name\":\"Home\",\"item\":\"https:\/\/the-church.nl\/de\/\"},{\"@type\":\"ListItem\",\"position\":2,\"name\":\"Essen\"}]},{\"@type\":\"WebSite\",\"@id\":\"https:\/\/the-church.nl\/de\/#website\",\"url\":\"https:\/\/the-church.nl\/de\/\",\"name\":\"The Church\",\"description\":\"Heaven for your senses\",\"potentialAction\":[{\"@type\":\"SearchAction\",\"target\":{\"@type\":\"EntryPoint\",\"urlTemplate\":\"https:\/\/the-church.nl\/de\/?s={search_term_string}\"},\"query-input\":{\"@type\":\"PropertyValueSpecification\",\"valueRequired\":true,\"valueName\":\"search_term_string\"}}],\"inLanguage\":\"de\"}]}<\/script>\n<!-- \/ Yoast SEO plugin. -->","yoast_head_json":{"title":"Restaurant, Cocktailbar und Lounge - The Church %","description":"Eine luxuri\u00f6se Lounge & Cocktailbar und das Restaurant befinden sich unter dem blauen Himmel von The Church. Bart's Kitchen steht f\u00fcr reine Zutaten und Qualit\u00e4t. Nicht zu viel Aufhebens, aber \u00fcberraschende Geschmackskombinationen.","robots":{"index":"index","follow":"follow","max-snippet":"max-snippet:-1","max-image-preview":"max-image-preview:large","max-video-preview":"max-video-preview:-1"},"canonical":"https:\/\/the-church.nl\/de\/essen\/","og_locale":"de_DE","og_type":"article","og_title":"Restaurant, Cocktailbar und Lounge - The Church %","og_description":"Eine luxuri\u00f6se Lounge & Cocktailbar und das Restaurant befinden sich unter dem blauen Himmel von The Church. Bart's Kitchen steht f\u00fcr reine Zutaten und Qualit\u00e4t. Nicht zu viel Aufhebens, aber \u00fcberraschende Geschmackskombinationen.","og_url":"https:\/\/the-church.nl\/de\/essen\/","og_site_name":"The Church","article_modified_time":"2024-12-18T08:03:04+00:00","twitter_card":"summary_large_image","twitter_misc":{"Gesch\u00e4tzte Lesezeit":"4\u00a0Minuten"},"schema":{"@context":"https:\/\/schema.org","@graph":[{"@type":"WebPage","@id":"https:\/\/the-church.nl\/de\/essen\/","url":"https:\/\/the-church.nl\/de\/essen\/","name":"Restaurant, Cocktailbar und Lounge - The Church %","isPartOf":{"@id":"https:\/\/the-church.nl\/de\/#website"},"datePublished":"2023-04-09T10:02:57+00:00","dateModified":"2024-12-18T08:03:04+00:00","description":"Eine luxuri\u00f6se Lounge & Cocktailbar und das Restaurant befinden sich unter dem blauen Himmel von The Church. Bart's Kitchen steht f\u00fcr reine Zutaten und Qualit\u00e4t. Nicht zu viel Aufhebens, aber \u00fcberraschende Geschmackskombinationen.","breadcrumb":{"@id":"https:\/\/the-church.nl\/de\/essen\/#breadcrumb"},"inLanguage":"de","potentialAction":[{"@type":"ReadAction","target":["https:\/\/the-church.nl\/de\/essen\/"]}]},{"@type":"BreadcrumbList","@id":"https:\/\/the-church.nl\/de\/essen\/#breadcrumb","itemListElement":[{"@type":"ListItem","position":1,"name":"Home","item":"https:\/\/the-church.nl\/de\/"},{"@type":"ListItem","position":2,"name":"Essen"}]},{"@type":"WebSite","@id":"https:\/\/the-church.nl\/de\/#website","url":"https:\/\/the-church.nl\/de\/","name":"The Church","description":"Heaven for your senses","potentialAction":[{"@type":"SearchAction","target":{"@type":"EntryPoint","urlTemplate":"https:\/\/the-church.nl\/de\/?s={search_term_string}"},"query-input":{"@type":"PropertyValueSpecification","valueRequired":true,"valueName":"search_term_string"}}],"inLanguage":"de"}]}},"_links":{"self":[{"href":"https:\/\/the-church.nl\/de\/wp-json\/wp\/v2\/pages\/11618","targetHints":{"allow":["GET"]}}],"collection":[{"href":"https:\/\/the-church.nl\/de\/wp-json\/wp\/v2\/pages"}],"about":[{"href":"https:\/\/the-church.nl\/de\/wp-json\/wp\/v2\/types\/page"}],"author":[{"embeddable":true,"href":"https:\/\/the-church.nl\/de\/wp-json\/wp\/v2\/users\/1"}],"replies":[{"embeddable":true,"href":"https:\/\/the-church.nl\/de\/wp-json\/wp\/v2\/comments?post=11618"}],"version-history":[{"count":12,"href":"https:\/\/the-church.nl\/de\/wp-json\/wp\/v2\/pages\/11618\/revisions"}],"predecessor-version":[{"id":13111,"href":"https:\/\/the-church.nl\/de\/wp-json\/wp\/v2\/pages\/11618\/revisions\/13111"}],"wp:attachment":[{"href":"https:\/\/the-church.nl\/de\/wp-json\/wp\/v2\/media?parent=11618"}],"curies":[{"name":"wp","href":"https:\/\/api.w.org\/{rel}","templated":true}]}}