{"id":11632,"date":"2023-04-09T10:03:01","date_gmt":"2023-04-09T10:03:01","guid":{"rendered":"https:\/\/the-church.nl\/zimmer\/"},"modified":"2023-04-09T10:03:03","modified_gmt":"2023-04-09T10:03:03","slug":"zimmer","status":"publish","type":"page","link":"https:\/\/the-church.nl\/de\/zimmer\/","title":{"rendered":"Zimmer"},"content":{"rendered":"<section class=\"wpb-content-wrapper\"><p>[vc_row css_animation=&#8220;&#8220; row_type=&#8220;row&#8220; use_row_as_full_screen_section=&#8220;yes&#8220; type=&#8220;full_width&#8220; angled_section=&#8220;no&#8220; text_align=&#8220;center&#8220; background_image_as_pattern=&#8220;without_pattern&#8220; z_index=&#8220;&#8220; css=&#8220;.vc_custom_1677768393002{margin-bottom: 200px !important;}&#8220; background_image=&#8220;10752&#8243; side_padding=&#8220;10%&#8220; padding_top=&#8220;40%&#8220; padding_bottom=&#8220;40%&#8220;][vc_column css=&#8220;.vc_custom_1677753625052{padding-top: 400px !important;padding-bottom: 400px !important;}&#8220;][vc_column_text]<\/p>\n<h1 style=\"color: #ffffff;\">Schlaf<\/h1>\n<p>[\/vc_column_text][vc_separator type=&#8220;small&#8220; position=&#8220;center&#8220; color=&#8220;#ffffff&#8220; transparency=&#8220;0.5&#8243; down=&#8220;35&#8243;]<a  itemprop=\"url\" href=\"https:\/\/www.mews.li\/distributor\/c69a065c-5100-43e6-bea9-afaf00a4adb7\" target=\"_self\"  class=\"qbutton  large center default\" style=\"\">Ein Zimmer reservieren<\/a>[\/vc_column][\/vc_row][vc_row css_animation=&#8220;&#8220; row_type=&#8220;row&#8220; use_row_as_full_screen_section=&#8220;no&#8220; type=&#8220;grid&#8220; angled_section=&#8220;no&#8220; text_align=&#8220;left&#8220; background_image_as_pattern=&#8220;without_pattern&#8220; z_index=&#8220;&#8220;][vc_column width=&#8220;1\/2&#8243;][vc_column_text]<\/p>\n<h3 style=\"text-align: center;\"><b>Schlafen in der ehemaligen lutherischen Kirche<\/b><\/h3>\n<p>[\/vc_column_text][vc_separator type=&#8220;small&#8220; position=&#8220;center&#8220; color=&#8220;#000000&#8243;][vc_empty_space height=&#8220;10px&#8220;][vc_column_text]Das Boutiquehotel The Church befindet sich in der ehemaligen lutherischen Kirche im Zentrum von Arnheim. Das Hotel verf\u00fcgt \u00fcber 14 Hotelzimmer, darunter acht schwimmende Zimmer in der Mitte der Kirche. Alle Zimmer sind unterschiedlich gestaltet und verbinden die Atmosph\u00e4re des historischen Geb\u00e4udes mit modernem Design.[\/vc_column_text][vc_empty_space height=&#8220;20px&#8220;][vc_column_text]Wohnen Sie in einem einzigartigen Hotelzimmer, das in der Mitte der Kirche schwebt. Sie haben einen Panoramablick auf das Restaurant und die himmlischen Gew\u00f6lbe. Um Ihre Privatsph\u00e4re zu sch\u00fctzen, k\u00f6nnen die Vorh\u00e4nge geschlossen werden, und es ist eine perfekte Schalld\u00e4mmung vorhanden. Unseren G\u00e4sten gehen die Worte \u00fcber die besondere Atmosph\u00e4re und den Wohlf\u00fchlkomfort nicht aus. Und \u00fcber die Art und Weise, wie Sie aufwachen: wohlwollender Schlaf nach einer himmlischen Nacht. So k\u00f6nnen Sie Ihren Tag entspannt beginnen und die Gesch\u00e4fte, Terrassen und anderen gastronomischen Einrichtungen im Herzen von Arnheim erkunden.[\/vc_column_text][vc_empty_space height=&#8220;20px&#8220;][\/vc_column][vc_column width=&#8220;1\/2&#8243;][vc_single_image image=&#8220;10713&#8243; img_size=&#8220;large&#8220; alignment=&#8220;center&#8220; qode_css_animation=&#8220;&#8220;][\/vc_column][\/vc_row][vc_row css_animation=&#8220;&#8220; row_type=&#8220;row&#8220; use_row_as_full_screen_section=&#8220;no&#8220; type=&#8220;full_width&#8220; angled_section=&#8220;no&#8220; text_align=&#8220;left&#8220; background_image_as_pattern=&#8220;without_pattern&#8220;][vc_column][vc_empty_space height=&#8220;50px&#8220;][\/vc_column][\/vc_row][vc_row css_animation=&#8220;&#8220; row_type=&#8220;row&#8220; use_row_as_full_screen_section=&#8220;no&#8220; type=&#8220;grid&#8220; angled_section=&#8220;no&#8220; text_align=&#8220;left&#8220; background_image_as_pattern=&#8220;without_pattern&#8220; z_index=&#8220;&#8220;][vc_column width=&#8220;1\/2&#8243;][vc_single_image image=&#8220;10749&#8243; img_size=&#8220;large&#8220; qode_css_animation=&#8220;&#8220;][\/vc_column][vc_column width=&#8220;1\/2&#8243;][vc_empty_space height=&#8220;20px&#8220;][vc_column_text]<\/p>\n<h3 style=\"text-align: center;\"><b>Schwimmende Hotelzimmer<\/b><\/h3>\n<p>[\/vc_column_text][vc_separator type=&#8220;small&#8220; position=&#8220;center&#8220; color=&#8220;#000000&#8243;][vc_empty_space height=&#8220;10px&#8220;][vc_column_text]Acht schwebende R\u00e4ume befinden sich im imposanten Kirchenschiff. Diese Blickf\u00e4nge, direkt \u00fcber unserem Restaurant, fallen sofort ins Auge. Von den schwimmenden Hotelzimmern aus haben Sie einen Blick auf den Kirchensaal mit Bar und Restaurant. Ein ganz besonderes Erlebnis.<\/p>\n<p>Auf dem Bett liegend k\u00f6nnen Sie mit Blick durch das Oberlicht an der Kirchendecke, das wundersch\u00f6n beleuchtet ist und authentische Gem\u00e4lde zeigt, vor sich hin tr\u00e4umen. Das Besondere an diesen Zimmern ist auch, dass sie ein offenes Bad haben, das den Raum funktional und optisch voll ausnutzt.[\/vc_column_text][vc_empty_space height=&#8220;20px&#8220;][vc_empty_space height=&#8220;20px&#8220;][qode_elements_holder number_of_columns=&#8220;one_column&#8220;][qode_elements_holder_item vertical_alignment=&#8220;middle&#8220; horizontal_alignment=&#8220;center&#8220; advanced_animations=&#8220;no&#8220;]<a  itemprop=\"url\" href=\"http:\/\/the-church.nl\/slapen-bij\/hotelkamers\/\" target=\"_self\"  class=\"qbutton  center default\" style=\"\">Hotelzimmer<\/a>[\/qode_elements_holder_item][\/qode_elements_holder][\/vc_column][\/vc_row][vc_row css_animation=&#8220;&#8220; row_type=&#8220;row&#8220; use_row_as_full_screen_section=&#8220;no&#8220; type=&#8220;grid&#8220; angled_section=&#8220;no&#8220; text_align=&#8220;left&#8220; background_image_as_pattern=&#8220;without_pattern&#8220; z_index=&#8220;&#8220;][vc_column][vc_empty_space height=&#8220;50px&#8220;][\/vc_column][\/vc_row][vc_row css_animation=&#8220;&#8220; row_type=&#8220;row&#8220; use_row_as_full_screen_section=&#8220;no&#8220; type=&#8220;grid&#8220; angled_section=&#8220;no&#8220; text_align=&#8220;left&#8220; background_image_as_pattern=&#8220;without_pattern&#8220; z_index=&#8220;&#8220;][vc_column width=&#8220;1\/2&#8243;][vc_empty_space height=&#8220;20px&#8220;][vc_column_text]<\/p>\n<h3 style=\"text-align: center;\"><b>Chambre d&#8217;H\u00f4tel<\/b><\/h3>\n<p>[\/vc_column_text][vc_separator type=&#8220;small&#8220; position=&#8220;center&#8220;][vc_empty_space height=&#8220;10px&#8220;][vc_column_text]F\u00fcr diejenigen, die mehr Abgeschiedenheit w\u00fcnschen, gibt es sechs intime Chambre d&#8217;h\u00f4tel in unserem ehemaligen K\u00fcsterhaus, das direkt mit unserem Kirchengeb\u00e4ude verbunden ist. Die zentrale, gewundene Treppe mit je einem Zimmer auf der linken und rechten Etage erinnert an Pariser Hotels. Das K\u00fcsterhaus stammt aus dem Anfang des letzten Jahrhunderts, aber offensichtlich nicht aus dem<span class=\"Apple-converted-space\"> <\/span><\/p>\n<p>brandneue Einrichtungen. Diese sind absolut zeitgem\u00e4\u00df. Vom Design her sind die Zimmer vielleicht etwas traditioneller als die schwebenden Hotelzimmer in der Kirchenhalle, aber das macht sie nicht weniger besonders. Auch hier werden alle Sinne stimuliert. Ein unvergesslicher Aufenthalt ist also garantiert![\/vc_column_text][vc_empty_space height=&#8220;20px&#8220;][qode_elements_holder number_of_columns=&#8220;one_column&#8220;][qode_elements_holder_item vertical_alignment=&#8220;middle&#8220; horizontal_alignment=&#8220;center&#8220; advanced_animations=&#8220;no&#8220;]<a  itemprop=\"url\" href=\"http:\/\/the-church.nl\/slapen-bij\/hotelkamers\/\" target=\"_self\"  class=\"qbutton  center default\" style=\"\">Hotelzimmer<\/a>[\/qode_elements_holder_item][\/qode_elements_holder][\/vc_column][vc_column width=&#8220;1\/2&#8243;][vc_single_image image=&#8220;10722&#8243; img_size=&#8220;1000&#215;600&#8243; qode_css_animation=&#8220;&#8220;][\/vc_column][\/vc_row][vc_row css_animation=&#8220;&#8220; row_type=&#8220;row&#8220; use_row_as_full_screen_section=&#8220;no&#8220; type=&#8220;full_width&#8220; angled_section=&#8220;no&#8220; text_align=&#8220;left&#8220; background_image_as_pattern=&#8220;without_pattern&#8220;][vc_column][vc_empty_space height=&#8220;50px&#8220;][\/vc_column][\/vc_row][vc_row css_animation=&#8220;&#8220; row_type=&#8220;row&#8220; use_row_as_full_screen_section=&#8220;no&#8220; type=&#8220;grid&#8220; angled_section=&#8220;no&#8220; text_align=&#8220;left&#8220; background_image_as_pattern=&#8220;without_pattern&#8220; z_index=&#8220;&#8220;][vc_column width=&#8220;1\/2&#8243;][vc_single_image image=&#8220;10707&#8243; img_size=&#8220;large&#8220; qode_css_animation=&#8220;&#8220;][\/vc_column][vc_column width=&#8220;1\/2&#8243;][vc_empty_space height=&#8220;20px&#8220;][vc_column_text]<\/p>\n<h3 style=\"text-align: center;\">Arrangements<\/h3>\n<p>[\/vc_column_text][vc_separator type=&#8220;small&#8220; position=&#8220;center&#8220;][vc_empty_space height=&#8220;10px&#8220;][vc_column_text]<\/p>\n<p style=\"text-align: left;\"><span style=\"font-weight: 400;\">Ein gem\u00fctliches Wochenende? Kombinieren Sie einen Ausflug in die Umgebung mit dem Hotel The Church in Arnheim und Ihr Aufenthalt wird garantiert ein Erfolg. Um es Ihnen leicht zu machen, haben wir f\u00fcr Sie die beliebtesten Hotelpakete zusammengestellt. Wie w\u00e4re es zum Beispiel mit unserem romantischen Paket Just LOVE at The Church oder DINE, RELAX AND LAYBACK &#8211; bei dem Sie ein komplettes Abendprogramm in unserer K\u00fcchenbar genie\u00dfen. Geh\u00f6rt Ihr Geschmack nicht dazu? Lassen Sie es uns wissen, wir werden gerne mit Ihnen \u00fcber ein ma\u00dfgeschneidertes Paket nachdenken.<\/span><\/p>\n<p>[\/vc_column_text][vc_empty_space height=&#8220;20px&#8220;][qode_elements_holder number_of_columns=&#8220;one_column&#8220;][qode_elements_holder_item vertical_alignment=&#8220;middle&#8220; horizontal_alignment=&#8220;center&#8220; advanced_animations=&#8220;no&#8220;]<a  itemprop=\"url\" href=\"http:\/\/the-church.nl\/slapen-bij\/arrangementen\/\" target=\"_self\"  class=\"qbutton  center default\" style=\"\">Arrangements<\/a>[\/qode_elements_holder_item][\/qode_elements_holder][\/vc_column][\/vc_row][vc_row css_animation=&#8220;&#8220; row_type=&#8220;row&#8220; use_row_as_full_screen_section=&#8220;no&#8220; type=&#8220;full_width&#8220; angled_section=&#8220;no&#8220; text_align=&#8220;left&#8220; background_image_as_pattern=&#8220;without_pattern&#8220;][vc_column][vc_empty_space]<div class='blog_slider_holder clearfix '><div class='blog_slider blog_slider_carousel' data-blogs_shown='3' data-auto_start='false'><ul class='blog_slides'>Sorry, no posts matched your criteria.<\/ul><\/div><\/div>[vc_empty_space height=&#8220;15px&#8220;][\/vc_column][\/vc_row]<\/p>\n<\/section>","protected":false},"excerpt":{"rendered":"<p>[vc_row css_animation=&#8220;&#8220; row_type=&#8220;row&#8220; use_row_as_full_screen_section=&#8220;yes&#8220; type=&#8220;full_width&#8220; angled_section=&#8220;no&#8220; text_align=&#8220;center&#8220; background_image_as_pattern=&#8220;without_pattern&#8220; z_index=&#8220;&#8220; css=&#8220;.vc_custom_1677768393002{margin-bottom: 200px !important;}&#8220; background_image=&#8220;10752&#8243; side_padding=&#8220;10%&#8220; padding_top=&#8220;40%&#8220; padding_bottom=&#8220;40%&#8220;][vc_column css=&#8220;.vc_custom_1677753625052{padding-top: 400px !important;padding-bottom: 400px !important;}&#8220;][vc_column_text] Schlaf [\/vc_column_text][vc_separator type=&#8220;small&#8220; position=&#8220;center&#8220; color=&#8220;#ffffff&#8220; transparency=&#8220;0.5&#8243; down=&#8220;35&#8243;][\/vc_column][\/vc_row][vc_row css_animation=&#8220;&#8220; row_type=&#8220;row&#8220; use_row_as_full_screen_section=&#8220;no&#8220; type=&#8220;grid&#8220; angled_section=&#8220;no&#8220; text_align=&#8220;left&#8220; background_image_as_pattern=&#8220;without_pattern&#8220; z_index=&#8220;&#8220;][vc_column width=&#8220;1\/2&#8243;][vc_column_text] Schlafen in der ehemaligen lutherischen Kirche [\/vc_column_text][vc_separator type=&#8220;small&#8220; position=&#8220;center&#8220; color=&#8220;#000000&#8243;][vc_empty_space height=&#8220;10px&#8220;][vc_column_text]Das Boutiquehotel The&#8230;<\/p>\n","protected":false},"author":6,"featured_media":0,"parent":0,"menu_order":0,"comment_status":"closed","ping_status":"closed","template":"","meta":{"footnotes":""},"class_list":["post-11632","page","type-page","status-publish","hentry"],"yoast_head":"<!-- This site is optimized with the Yoast SEO plugin v25.0 - https:\/\/yoast.com\/wordpress\/plugins\/seo\/ -->\n<title>Zimmer - The Church<\/title>\n<meta name=\"description\" content=\"\u00dcbernachtung in der ehemaligen lutherischen Kirche. Das Boutiquehotel The Church befindet sich in der ehemaligen lutherischen Kirche im Zentrum von Arnheim. Das Hotel verf\u00fcgt \u00fcber 14 Hotelzimmer, darunter acht schwimmende Zimmer in der Mitte der Kirche.\" \/>\n<meta name=\"robots\" content=\"index, follow, max-snippet:-1, max-image-preview:large, max-video-preview:-1\" \/>\n<link rel=\"canonical\" href=\"https:\/\/the-church.nl\/de\/zimmer\/\" \/>\n<meta property=\"og:locale\" content=\"de_DE\" \/>\n<meta property=\"og:type\" content=\"article\" \/>\n<meta property=\"og:title\" content=\"Zimmer - The Church\" \/>\n<meta property=\"og:description\" content=\"\u00dcbernachtung in der ehemaligen lutherischen Kirche. Das Boutiquehotel The Church befindet sich in der ehemaligen lutherischen Kirche im Zentrum von Arnheim. Das Hotel verf\u00fcgt \u00fcber 14 Hotelzimmer, darunter acht schwimmende Zimmer in der Mitte der Kirche.\" \/>\n<meta property=\"og:url\" content=\"https:\/\/the-church.nl\/de\/zimmer\/\" \/>\n<meta property=\"og:site_name\" content=\"The Church\" \/>\n<meta property=\"article:modified_time\" content=\"2023-04-09T10:03:03+00:00\" \/>\n<meta name=\"twitter:card\" content=\"summary_large_image\" \/>\n<meta name=\"twitter:label1\" content=\"Gesch\u00e4tzte Lesezeit\" \/>\n\t<meta name=\"twitter:data1\" content=\"6\u00a0Minuten\" \/>\n<script type=\"application\/ld+json\" class=\"yoast-schema-graph\">{\"@context\":\"https:\/\/schema.org\",\"@graph\":[{\"@type\":\"WebPage\",\"@id\":\"https:\/\/the-church.nl\/de\/zimmer\/\",\"url\":\"https:\/\/the-church.nl\/de\/zimmer\/\",\"name\":\"Zimmer - The Church\",\"isPartOf\":{\"@id\":\"https:\/\/the-church.nl\/de\/#website\"},\"datePublished\":\"2023-04-09T10:03:01+00:00\",\"dateModified\":\"2023-04-09T10:03:03+00:00\",\"description\":\"\u00dcbernachtung in der ehemaligen lutherischen Kirche. Das Boutiquehotel The Church befindet sich in der ehemaligen lutherischen Kirche im Zentrum von Arnheim. Das Hotel verf\u00fcgt \u00fcber 14 Hotelzimmer, darunter acht schwimmende Zimmer in der Mitte der Kirche.\",\"breadcrumb\":{\"@id\":\"https:\/\/the-church.nl\/de\/zimmer\/#breadcrumb\"},\"inLanguage\":\"de\",\"potentialAction\":[{\"@type\":\"ReadAction\",\"target\":[\"https:\/\/the-church.nl\/de\/zimmer\/\"]}]},{\"@type\":\"BreadcrumbList\",\"@id\":\"https:\/\/the-church.nl\/de\/zimmer\/#breadcrumb\",\"itemListElement\":[{\"@type\":\"ListItem\",\"position\":1,\"name\":\"Home\",\"item\":\"https:\/\/the-church.nl\/de\/\"},{\"@type\":\"ListItem\",\"position\":2,\"name\":\"Zimmer\"}]},{\"@type\":\"WebSite\",\"@id\":\"https:\/\/the-church.nl\/de\/#website\",\"url\":\"https:\/\/the-church.nl\/de\/\",\"name\":\"The Church\",\"description\":\"Heaven for your senses\",\"potentialAction\":[{\"@type\":\"SearchAction\",\"target\":{\"@type\":\"EntryPoint\",\"urlTemplate\":\"https:\/\/the-church.nl\/de\/?s={search_term_string}\"},\"query-input\":{\"@type\":\"PropertyValueSpecification\",\"valueRequired\":true,\"valueName\":\"search_term_string\"}}],\"inLanguage\":\"de\"}]}<\/script>\n<!-- \/ Yoast SEO plugin. -->","yoast_head_json":{"title":"Zimmer - The Church","description":"\u00dcbernachtung in der ehemaligen lutherischen Kirche. Das Boutiquehotel The Church befindet sich in der ehemaligen lutherischen Kirche im Zentrum von Arnheim. Das Hotel verf\u00fcgt \u00fcber 14 Hotelzimmer, darunter acht schwimmende Zimmer in der Mitte der Kirche.","robots":{"index":"index","follow":"follow","max-snippet":"max-snippet:-1","max-image-preview":"max-image-preview:large","max-video-preview":"max-video-preview:-1"},"canonical":"https:\/\/the-church.nl\/de\/zimmer\/","og_locale":"de_DE","og_type":"article","og_title":"Zimmer - The Church","og_description":"\u00dcbernachtung in der ehemaligen lutherischen Kirche. Das Boutiquehotel The Church befindet sich in der ehemaligen lutherischen Kirche im Zentrum von Arnheim. Das Hotel verf\u00fcgt \u00fcber 14 Hotelzimmer, darunter acht schwimmende Zimmer in der Mitte der Kirche.","og_url":"https:\/\/the-church.nl\/de\/zimmer\/","og_site_name":"The Church","article_modified_time":"2023-04-09T10:03:03+00:00","twitter_card":"summary_large_image","twitter_misc":{"Gesch\u00e4tzte Lesezeit":"6\u00a0Minuten"},"schema":{"@context":"https:\/\/schema.org","@graph":[{"@type":"WebPage","@id":"https:\/\/the-church.nl\/de\/zimmer\/","url":"https:\/\/the-church.nl\/de\/zimmer\/","name":"Zimmer - The Church","isPartOf":{"@id":"https:\/\/the-church.nl\/de\/#website"},"datePublished":"2023-04-09T10:03:01+00:00","dateModified":"2023-04-09T10:03:03+00:00","description":"\u00dcbernachtung in der ehemaligen lutherischen Kirche. Das Boutiquehotel The Church befindet sich in der ehemaligen lutherischen Kirche im Zentrum von Arnheim. Das Hotel verf\u00fcgt \u00fcber 14 Hotelzimmer, darunter acht schwimmende Zimmer in der Mitte der Kirche.","breadcrumb":{"@id":"https:\/\/the-church.nl\/de\/zimmer\/#breadcrumb"},"inLanguage":"de","potentialAction":[{"@type":"ReadAction","target":["https:\/\/the-church.nl\/de\/zimmer\/"]}]},{"@type":"BreadcrumbList","@id":"https:\/\/the-church.nl\/de\/zimmer\/#breadcrumb","itemListElement":[{"@type":"ListItem","position":1,"name":"Home","item":"https:\/\/the-church.nl\/de\/"},{"@type":"ListItem","position":2,"name":"Zimmer"}]},{"@type":"WebSite","@id":"https:\/\/the-church.nl\/de\/#website","url":"https:\/\/the-church.nl\/de\/","name":"The Church","description":"Heaven for your senses","potentialAction":[{"@type":"SearchAction","target":{"@type":"EntryPoint","urlTemplate":"https:\/\/the-church.nl\/de\/?s={search_term_string}"},"query-input":{"@type":"PropertyValueSpecification","valueRequired":true,"valueName":"search_term_string"}}],"inLanguage":"de"}]}},"_links":{"self":[{"href":"https:\/\/the-church.nl\/de\/wp-json\/wp\/v2\/pages\/11632","targetHints":{"allow":["GET"]}}],"collection":[{"href":"https:\/\/the-church.nl\/de\/wp-json\/wp\/v2\/pages"}],"about":[{"href":"https:\/\/the-church.nl\/de\/wp-json\/wp\/v2\/types\/page"}],"author":[{"embeddable":true,"href":"https:\/\/the-church.nl\/de\/wp-json\/wp\/v2\/users\/6"}],"replies":[{"embeddable":true,"href":"https:\/\/the-church.nl\/de\/wp-json\/wp\/v2\/comments?post=11632"}],"version-history":[{"count":2,"href":"https:\/\/the-church.nl\/de\/wp-json\/wp\/v2\/pages\/11632\/revisions"}],"predecessor-version":[{"id":11639,"href":"https:\/\/the-church.nl\/de\/wp-json\/wp\/v2\/pages\/11632\/revisions\/11639"}],"wp:attachment":[{"href":"https:\/\/the-church.nl\/de\/wp-json\/wp\/v2\/media?parent=11632"}],"curies":[{"name":"wp","href":"https:\/\/api.w.org\/{rel}","templated":true}]}}