{"id":11641,"date":"2023-04-09T10:03:02","date_gmt":"2023-04-09T10:03:02","guid":{"rendered":"https:\/\/the-church.nl\/lebensmittel\/bar-und-aufenthaltsraum\/"},"modified":"2024-07-09T15:22:27","modified_gmt":"2024-07-09T15:22:27","slug":"bar-und-aufenthaltsraum","status":"publish","type":"page","link":"https:\/\/the-church.nl\/de\/essen\/bar-und-aufenthaltsraum\/","title":{"rendered":"Bar und Aufenthaltsraum"},"content":{"rendered":"<section class=\"wpb-content-wrapper\"><p>[vc_row css_animation=&#8220;&#8220; row_type=&#8220;row&#8220; use_row_as_full_screen_section=&#8220;yes&#8220; type=&#8220;full_width&#8220; angled_section=&#8220;no&#8220; text_align=&#8220;center&#8220; background_image_as_pattern=&#8220;without_pattern&#8220; z_index=&#8220;&#8220; css=&#8220;.vc_custom_1705666582799{margin-bottom: 75px !important;}&#8220; background_image=&#8220;12386&#8243; side_padding=&#8220;10%&#8220; padding_top=&#8220;40%&#8220; padding_bottom=&#8220;40%&#8220;][vc_column css=&#8220;.vc_custom_1677800397831{padding-top: 300px !important;padding-bottom: 300px !important;}&#8220;][vc_column_text]<\/p>\n<h1 style=\"color: #ffffff; text-align: center;\">Bar und Aufenthaltsraum<\/h1>\n<p>[\/vc_column_text][vc_separator type=&#8220;small&#8220; position=&#8220;center&#8220; color=&#8220;#ffffff&#8220; transparency=&#8220;0.5&#8243; down=&#8220;35&#8243;][\/vc_column][\/vc_row][vc_row css_animation=&#8220;&#8220; row_type=&#8220;row&#8220; use_row_as_full_screen_section=&#8220;no&#8220; type=&#8220;grid&#8220; angled_section=&#8220;no&#8220; text_align=&#8220;left&#8220; background_image_as_pattern=&#8220;without_pattern&#8220; z_index=&#8220;&#8220;][vc_column width=&#8220;2\/3&#8243;][vc_column_text]<\/p>\n<h3>Bar und Lounge in The Church in Arnheim<\/h3>\n<p>[\/vc_column_text][vc_empty_space height=&#8220;20px&#8220;][vc_column_text]Jeder ist herzlich eingeladen, vorbeizuschauen. Entfliehen Sie der Hektik der Stadt und machen Sie es sich mit einem Cocktail gem\u00fctlich. Lassen Sie sich von unserem Barkeeper \u00fcberraschen, der seinen Lieblingscocktail f\u00fcr Sie sch\u00fcttelt. Nat\u00fcrlich k\u00f6nnen Sie auch vor und nach dem Essen einen Drink an unserer Bar genie\u00dfen. Die himmlische Atmosph\u00e4re von The Church wird Sie nicht mehr loslassen, sie k\u00f6nnte f\u00fcr immer anhalten.[\/vc_column_text][vc_empty_space height=&#8220;50px&#8220;][\/vc_column][\/vc_row][vc_row css_animation=&#8220;&#8220; row_type=&#8220;row&#8220; use_row_as_full_screen_section=&#8220;no&#8220; type=&#8220;full_width&#8220; angled_section=&#8220;no&#8220; text_align=&#8220;left&#8220; background_image_as_pattern=&#8220;without_pattern&#8220;][vc_column][\/vc_column][\/vc_row]<\/p>\n<\/section>","protected":false},"excerpt":{"rendered":"<p>[vc_row css_animation=&#8220;&#8220; row_type=&#8220;row&#8220; use_row_as_full_screen_section=&#8220;yes&#8220; type=&#8220;full_width&#8220; angled_section=&#8220;no&#8220; text_align=&#8220;center&#8220; background_image_as_pattern=&#8220;without_pattern&#8220; z_index=&#8220;&#8220; css=&#8220;.vc_custom_1705666582799{margin-bottom: 75px !important;}&#8220; background_image=&#8220;12386&#8243; side_padding=&#8220;10%&#8220; padding_top=&#8220;40%&#8220; padding_bottom=&#8220;40%&#8220;][vc_column css=&#8220;.vc_custom_1677800397831{padding-top: 300px !important;padding-bottom: 300px !important;}&#8220;][vc_column_text] Bar und Aufenthaltsraum [\/vc_column_text][vc_separator type=&#8220;small&#8220; position=&#8220;center&#8220; color=&#8220;#ffffff&#8220; transparency=&#8220;0.5&#8243; down=&#8220;35&#8243;][\/vc_column][\/vc_row][vc_row css_animation=&#8220;&#8220; row_type=&#8220;row&#8220; use_row_as_full_screen_section=&#8220;no&#8220; type=&#8220;grid&#8220; angled_section=&#8220;no&#8220; text_align=&#8220;left&#8220; background_image_as_pattern=&#8220;without_pattern&#8220; z_index=&#8220;&#8220;][vc_column width=&#8220;2\/3&#8243;][vc_column_text] Bar und Lounge in The Church in Arnheim [\/vc_column_text][vc_empty_space height=&#8220;20px&#8220;][vc_column_text]Jeder ist&#8230;<\/p>\n","protected":false},"author":6,"featured_media":0,"parent":11618,"menu_order":0,"comment_status":"closed","ping_status":"closed","template":"full_width.php","meta":{"footnotes":""},"class_list":["post-11641","page","type-page","status-publish","hentry"],"yoast_head":"<!-- This site is optimized with the Yoast SEO plugin v25.0 - https:\/\/yoast.com\/wordpress\/plugins\/seo\/ -->\n<title>Bar und Aufenthaltsraum - The Church<\/title>\n<meta name=\"description\" content=\"Entfliehen Sie dem Trubel der Stadt und entspannen Sie bei einem Cocktail. Lassen Sie sich von unserem Barkeeper \u00fcberraschen, der gerne sein Lieblingsgetr\u00e4nk f\u00fcr Sie sch\u00fcttelt. Nat\u00fcrlich k\u00f6nnen Sie vor und nach dem Essen einen Drink an unserer Bar genie\u00dfen.\" \/>\n<meta name=\"robots\" content=\"index, follow, max-snippet:-1, max-image-preview:large, max-video-preview:-1\" \/>\n<link rel=\"canonical\" href=\"https:\/\/the-church.nl\/de\/essen\/bar-und-aufenthaltsraum\/\" \/>\n<meta property=\"og:locale\" content=\"de_DE\" \/>\n<meta property=\"og:type\" content=\"article\" \/>\n<meta property=\"og:title\" content=\"Bar und Aufenthaltsraum - The Church\" \/>\n<meta property=\"og:description\" content=\"Entfliehen Sie dem Trubel der Stadt und entspannen Sie bei einem Cocktail. Lassen Sie sich von unserem Barkeeper \u00fcberraschen, der gerne sein Lieblingsgetr\u00e4nk f\u00fcr Sie sch\u00fcttelt. Nat\u00fcrlich k\u00f6nnen Sie vor und nach dem Essen einen Drink an unserer Bar genie\u00dfen.\" \/>\n<meta property=\"og:url\" content=\"https:\/\/the-church.nl\/de\/essen\/bar-und-aufenthaltsraum\/\" \/>\n<meta property=\"og:site_name\" content=\"The Church\" \/>\n<meta property=\"article:modified_time\" content=\"2024-07-09T15:22:27+00:00\" \/>\n<meta name=\"twitter:card\" content=\"summary_large_image\" \/>\n<meta name=\"twitter:label1\" content=\"Gesch\u00e4tzte Lesezeit\" \/>\n\t<meta name=\"twitter:data1\" content=\"1\u00a0Minute\" \/>\n<script type=\"application\/ld+json\" class=\"yoast-schema-graph\">{\"@context\":\"https:\/\/schema.org\",\"@graph\":[{\"@type\":\"WebPage\",\"@id\":\"https:\/\/the-church.nl\/de\/essen\/bar-und-aufenthaltsraum\/\",\"url\":\"https:\/\/the-church.nl\/de\/essen\/bar-und-aufenthaltsraum\/\",\"name\":\"Bar und Aufenthaltsraum - The Church\",\"isPartOf\":{\"@id\":\"https:\/\/the-church.nl\/de\/#website\"},\"datePublished\":\"2023-04-09T10:03:02+00:00\",\"dateModified\":\"2024-07-09T15:22:27+00:00\",\"description\":\"Entfliehen Sie dem Trubel der Stadt und entspannen Sie bei einem Cocktail. Lassen Sie sich von unserem Barkeeper \u00fcberraschen, der gerne sein Lieblingsgetr\u00e4nk f\u00fcr Sie sch\u00fcttelt. Nat\u00fcrlich k\u00f6nnen Sie vor und nach dem Essen einen Drink an unserer Bar genie\u00dfen.\",\"breadcrumb\":{\"@id\":\"https:\/\/the-church.nl\/de\/essen\/bar-und-aufenthaltsraum\/#breadcrumb\"},\"inLanguage\":\"de\",\"potentialAction\":[{\"@type\":\"ReadAction\",\"target\":[\"https:\/\/the-church.nl\/de\/essen\/bar-und-aufenthaltsraum\/\"]}]},{\"@type\":\"BreadcrumbList\",\"@id\":\"https:\/\/the-church.nl\/de\/essen\/bar-und-aufenthaltsraum\/#breadcrumb\",\"itemListElement\":[{\"@type\":\"ListItem\",\"position\":1,\"name\":\"Home\",\"item\":\"https:\/\/the-church.nl\/de\/\"},{\"@type\":\"ListItem\",\"position\":2,\"name\":\"Essen\",\"item\":\"https:\/\/the-church.nl\/de\/essen\/\"},{\"@type\":\"ListItem\",\"position\":3,\"name\":\"Bar und Aufenthaltsraum\"}]},{\"@type\":\"WebSite\",\"@id\":\"https:\/\/the-church.nl\/de\/#website\",\"url\":\"https:\/\/the-church.nl\/de\/\",\"name\":\"The Church\",\"description\":\"Heaven for your senses\",\"potentialAction\":[{\"@type\":\"SearchAction\",\"target\":{\"@type\":\"EntryPoint\",\"urlTemplate\":\"https:\/\/the-church.nl\/de\/?s={search_term_string}\"},\"query-input\":{\"@type\":\"PropertyValueSpecification\",\"valueRequired\":true,\"valueName\":\"search_term_string\"}}],\"inLanguage\":\"de\"}]}<\/script>\n<!-- \/ Yoast SEO plugin. -->","yoast_head_json":{"title":"Bar und Aufenthaltsraum - The Church","description":"Entfliehen Sie dem Trubel der Stadt und entspannen Sie bei einem Cocktail. Lassen Sie sich von unserem Barkeeper \u00fcberraschen, der gerne sein Lieblingsgetr\u00e4nk f\u00fcr Sie sch\u00fcttelt. Nat\u00fcrlich k\u00f6nnen Sie vor und nach dem Essen einen Drink an unserer Bar genie\u00dfen.","robots":{"index":"index","follow":"follow","max-snippet":"max-snippet:-1","max-image-preview":"max-image-preview:large","max-video-preview":"max-video-preview:-1"},"canonical":"https:\/\/the-church.nl\/de\/essen\/bar-und-aufenthaltsraum\/","og_locale":"de_DE","og_type":"article","og_title":"Bar und Aufenthaltsraum - The Church","og_description":"Entfliehen Sie dem Trubel der Stadt und entspannen Sie bei einem Cocktail. Lassen Sie sich von unserem Barkeeper \u00fcberraschen, der gerne sein Lieblingsgetr\u00e4nk f\u00fcr Sie sch\u00fcttelt. Nat\u00fcrlich k\u00f6nnen Sie vor und nach dem Essen einen Drink an unserer Bar genie\u00dfen.","og_url":"https:\/\/the-church.nl\/de\/essen\/bar-und-aufenthaltsraum\/","og_site_name":"The Church","article_modified_time":"2024-07-09T15:22:27+00:00","twitter_card":"summary_large_image","twitter_misc":{"Gesch\u00e4tzte Lesezeit":"1\u00a0Minute"},"schema":{"@context":"https:\/\/schema.org","@graph":[{"@type":"WebPage","@id":"https:\/\/the-church.nl\/de\/essen\/bar-und-aufenthaltsraum\/","url":"https:\/\/the-church.nl\/de\/essen\/bar-und-aufenthaltsraum\/","name":"Bar und Aufenthaltsraum - The Church","isPartOf":{"@id":"https:\/\/the-church.nl\/de\/#website"},"datePublished":"2023-04-09T10:03:02+00:00","dateModified":"2024-07-09T15:22:27+00:00","description":"Entfliehen Sie dem Trubel der Stadt und entspannen Sie bei einem Cocktail. Lassen Sie sich von unserem Barkeeper \u00fcberraschen, der gerne sein Lieblingsgetr\u00e4nk f\u00fcr Sie sch\u00fcttelt. Nat\u00fcrlich k\u00f6nnen Sie vor und nach dem Essen einen Drink an unserer Bar genie\u00dfen.","breadcrumb":{"@id":"https:\/\/the-church.nl\/de\/essen\/bar-und-aufenthaltsraum\/#breadcrumb"},"inLanguage":"de","potentialAction":[{"@type":"ReadAction","target":["https:\/\/the-church.nl\/de\/essen\/bar-und-aufenthaltsraum\/"]}]},{"@type":"BreadcrumbList","@id":"https:\/\/the-church.nl\/de\/essen\/bar-und-aufenthaltsraum\/#breadcrumb","itemListElement":[{"@type":"ListItem","position":1,"name":"Home","item":"https:\/\/the-church.nl\/de\/"},{"@type":"ListItem","position":2,"name":"Essen","item":"https:\/\/the-church.nl\/de\/essen\/"},{"@type":"ListItem","position":3,"name":"Bar und Aufenthaltsraum"}]},{"@type":"WebSite","@id":"https:\/\/the-church.nl\/de\/#website","url":"https:\/\/the-church.nl\/de\/","name":"The Church","description":"Heaven for your senses","potentialAction":[{"@type":"SearchAction","target":{"@type":"EntryPoint","urlTemplate":"https:\/\/the-church.nl\/de\/?s={search_term_string}"},"query-input":{"@type":"PropertyValueSpecification","valueRequired":true,"valueName":"search_term_string"}}],"inLanguage":"de"}]}},"_links":{"self":[{"href":"https:\/\/the-church.nl\/de\/wp-json\/wp\/v2\/pages\/11641","targetHints":{"allow":["GET"]}}],"collection":[{"href":"https:\/\/the-church.nl\/de\/wp-json\/wp\/v2\/pages"}],"about":[{"href":"https:\/\/the-church.nl\/de\/wp-json\/wp\/v2\/types\/page"}],"author":[{"embeddable":true,"href":"https:\/\/the-church.nl\/de\/wp-json\/wp\/v2\/users\/6"}],"replies":[{"embeddable":true,"href":"https:\/\/the-church.nl\/de\/wp-json\/wp\/v2\/comments?post=11641"}],"version-history":[{"count":4,"href":"https:\/\/the-church.nl\/de\/wp-json\/wp\/v2\/pages\/11641\/revisions"}],"predecessor-version":[{"id":12856,"href":"https:\/\/the-church.nl\/de\/wp-json\/wp\/v2\/pages\/11641\/revisions\/12856"}],"up":[{"embeddable":true,"href":"https:\/\/the-church.nl\/de\/wp-json\/wp\/v2\/pages\/11618"}],"wp:attachment":[{"href":"https:\/\/the-church.nl\/de\/wp-json\/wp\/v2\/media?parent=11641"}],"curies":[{"name":"wp","href":"https:\/\/api.w.org\/{rel}","templated":true}]}}