{"id":11649,"date":"2023-04-09T10:03:06","date_gmt":"2023-04-09T10:03:06","guid":{"rendered":"https:\/\/the-church.nl\/uebernachten\/einrichtungen\/"},"modified":"2024-09-02T06:28:35","modified_gmt":"2024-09-02T06:28:35","slug":"einrichtungen","status":"publish","type":"page","link":"https:\/\/the-church.nl\/de\/uebernachten\/einrichtungen\/","title":{"rendered":"Einrichtungen"},"content":{"rendered":"<section class=\"wpb-content-wrapper\"><p>[vc_row css_animation=&#8220;&#8220; row_type=&#8220;row&#8220; use_row_as_full_screen_section=&#8220;yes&#8220; type=&#8220;full_width&#8220; angled_section=&#8220;no&#8220; text_align=&#8220;center&#8220; background_image_as_pattern=&#8220;without_pattern&#8220; z_index=&#8220;&#8220; css=&#8220;.vc_custom_1677795497220{margin-bottom: 200px !important;}&#8220; background_image=&#8220;10746&#8243; side_padding=&#8220;10%&#8220; padding_top=&#8220;40%&#8220; padding_bottom=&#8220;40%&#8220;][vc_column css=&#8220;.vc_custom_1677753625052{padding-top: 400px !important;padding-bottom: 400px !important;}&#8220;][vc_column_text]<\/p>\n<h1 style=\"color: #ffffff; text-align: center;\">Einrichtungen<\/h1>\n<p>[\/vc_column_text][vc_separator type=&#8220;small&#8220; position=&#8220;center&#8220; color=&#8220;#ffffff&#8220; transparency=&#8220;0.5&#8243; down=&#8220;35&#8243;]<a  itemprop=\"url\" href=\"https:\/\/www.mews.li\/distributor\/c69a065c-5100-43e6-bea9-afaf00a4adb7\" target=\"_self\"  class=\"qbutton  large center default\" style=\"\">Ein Zimmer reservieren<\/a>[\/vc_column][\/vc_row][vc_row css_animation=&#8220;&#8220; row_type=&#8220;row&#8220; use_row_as_full_screen_section=&#8220;no&#8220; type=&#8220;full_width&#8220; angled_section=&#8220;no&#8220; text_align=&#8220;left&#8220; background_image_as_pattern=&#8220;without_pattern&#8220;][vc_column][vc_empty_space][\/vc_column][\/vc_row][vc_row css_animation=&#8220;&#8220; row_type=&#8220;row&#8220; use_row_as_full_screen_section=&#8220;no&#8220; type=&#8220;grid&#8220; angled_section=&#8220;no&#8220; text_align=&#8220;left&#8220; background_image_as_pattern=&#8220;without_pattern&#8220; z_index=&#8220;&#8220;][vc_column width=&#8220;1\/3&#8243;]<div class=\"q_box_holder with_icon\" style=\"border-color: #000000;\"><div class=\"box_holder_icon\"><div class=\"box_holder_icon_inner medium normal_icon q_icon_animation\" style=\"transition-delay: 100ms; -webkit-transition-delay: 100ms; -moz-transition-delay: 100ms; -o-transition-delay: 100ms;\"><span data-icon-type=\"normal\"   style=\"font-size: 38px;\" class=\"qode_iwt_icon_holder q_font_awsome_icon fa-3x  \"><i class=\"qode_icon_font_awesome fa fa-coffee qode_iwt_icon_element\" style=\"color: #000000;\" ><\/i><\/span><\/div><\/div><div class=\"box_holder_inner medium center\"><h3 class=\"icon_title\" style=\"\">Fr\u00fchst\u00fcck<\/h3><span class=\"separator transparent\" style=\"margin: 8px 0;\"><\/span><p style=\"\">Montag bis Freitag servieren wir unser Fr\u00fchst\u00fcck von 7:30 bis 10:00 Uhr und Samstag und Sonntag von 8:30 bis 10:30 Uhr.<\/p><\/div><\/div>[vc_empty_space]<div class=\"q_box_holder with_icon\" style=\"border-color: #000000;\"><div class=\"box_holder_icon\"><div class=\"box_holder_icon_inner medium normal_icon q_icon_animation\" style=\"transition-delay: 100ms; -webkit-transition-delay: 100ms; -moz-transition-delay: 100ms; -o-transition-delay: 100ms;\"><span data-icon-type=\"normal\"   style=\"font-size: 38px;\" class=\"qode_iwt_icon_holder q_font_awsome_icon fa-3x  \"><i class=\"qode_icon_font_awesome fa fa-glass qode_iwt_icon_element\" style=\"color: #000000;\" ><\/i><\/span><\/div><\/div><div class=\"box_holder_inner medium center\"><h3 class=\"icon_title\" style=\"\">Bar und Aufenthaltsraum<\/h3><span class=\"separator transparent\" style=\"margin: 8px 0;\"><\/span><p style=\"\">Lust auf einen Drink? Lassen Sie sich in unserer Lounge nieder und lassen Sie sich von einem der \u00fcberraschenden Cocktails unseres Barkeepers \u00fcberraschen.<\/p><a itemprop='url' class='icon_with_title_link' href='http:\/\/the-church.nl\/parkeren-route\/' target='_self' style='color: #939393;'>Mehr lesen<\/a><\/div><\/div>[vc_empty_space]<div class=\"q_box_holder with_icon\" style=\"border-color: #000000;\"><div class=\"box_holder_icon\"><div class=\"box_holder_icon_inner medium normal_icon q_icon_animation\" style=\"transition-delay: 100ms; -webkit-transition-delay: 100ms; -moz-transition-delay: 100ms; -o-transition-delay: 100ms;\"><span data-icon-type=\"normal\"   style=\"font-size: 38px;\" class=\"qode_iwt_icon_holder q_font_awsome_icon fa-3x  \"><i class=\"qode_icon_font_awesome fa fa-cloud qode_iwt_icon_element\" style=\"color: #000000;\" ><\/i><\/span><\/div><\/div><div class=\"box_holder_inner medium center\"><h3 class=\"icon_title\" style=\"\">Klimatisierung<\/h3><span class=\"separator transparent\" style=\"margin: 8px 0;\"><\/span><p style=\"\">Alle unsere Zimmer sind klimatisiert. Gut gemacht in den schw\u00fclen Sommermonaten!<\/p><\/div><\/div>[\/vc_column][vc_column width=&#8220;1\/3&#8243;]<div class=\"q_box_holder with_icon\" style=\"border-color: #000000;\"><div class=\"box_holder_icon\"><div class=\"box_holder_icon_inner medium normal_icon q_icon_animation\" style=\"transition-delay: 100ms; -webkit-transition-delay: 100ms; -moz-transition-delay: 100ms; -o-transition-delay: 100ms;\"><span data-icon-type=\"normal\"   style=\"font-size: 38px;\" class=\"qode_iwt_icon_holder q_font_awsome_icon fa-3x  \"><i class=\"qode_icon_font_awesome fa fa-bell qode_iwt_icon_element\" style=\"color: #000000;\" ><\/i><\/span><\/div><\/div><div class=\"box_holder_inner medium center\"><h3 class=\"icon_title\" style=\"\">Einchecken<\/h3><span class=\"separator transparent\" style=\"margin: 8px 0;\"><\/span><p style=\"\">Sonntags und montags k\u00f6nnen Sie zwischen 15:00 und 18:00 Uhr bei uns einchecken. Von Dienstag bis Samstag zwischen 15:00 und 20:00 Uhr.Sp\u00e4ter ankommen? Bitte kontaktieren Sie die Rezeption.<\/p><\/div><\/div>[vc_empty_space]<div class=\"q_box_holder with_icon\" style=\"border-color: #000000;\"><div class=\"box_holder_icon\"><div class=\"box_holder_icon_inner medium normal_icon q_icon_animation\" style=\"transition-delay: 100ms; -webkit-transition-delay: 100ms; -moz-transition-delay: 100ms; -o-transition-delay: 100ms;\"><span data-icon-type=\"normal\"   style=\"font-size: 38px;\" class=\"qode_iwt_icon_holder q_font_awsome_icon fa-3x  \"><i class=\"qode_icon_font_awesome fa fa-shopping-basket qode_iwt_icon_element\" style=\"color: #000000;\" ><\/i><\/span><\/div><\/div><div class=\"box_holder_inner medium center\"><h3 class=\"icon_title\" style=\"\">B\u00fcgel- und W\u00e4scheservice<\/h3><span class=\"separator transparent\" style=\"margin: 8px 0;\"><\/span><p style=\"\">B\u00fcgeleisen und -brett sind an unserer Rezeption erh\u00e4ltlich. Sie k\u00f6nnen Ihre Kleidung auch w\u00e4hrend Ihres Aufenthalts chemisch reinigen lassen!<\/p><\/div><\/div>[vc_empty_space]<div class=\"q_box_holder with_icon\" style=\"border-color: #000000;\"><div class=\"box_holder_icon\"><div class=\"box_holder_icon_inner medium normal_icon q_icon_animation\" style=\"transition-delay: 100ms; -webkit-transition-delay: 100ms; -moz-transition-delay: 100ms; -o-transition-delay: 100ms;\"><span data-icon-type=\"normal\"   style=\"font-size: 38px;\" class=\"qode_iwt_icon_holder q_font_awsome_icon fa-3x  \"><i class=\"qode_icon_font_awesome fa fa-heart qode_iwt_icon_element\" style=\"color: #000000;\" ><\/i><\/span><\/div><\/div><div class=\"box_holder_inner medium center\"><h4 class=\"icon_title\" style=\"\">Haustiere<\/h4><span class=\"separator transparent\" style=\"margin: 8px 0;\"><\/span><p style=\"\">So sehr wir Haustiere auch lieben, sie sind in unserem Hotel leider nicht erlaubt. Tags\u00fcber in unserem Restaurant (bis 17:00 Uhr) und auf der Terrasse sind sie nat\u00fcrlich willkommen.<\/p><\/div><\/div>[vc_empty_space]<div class=\"q_box_holder with_icon\" style=\"border-color: #000000;\"><div class=\"box_holder_icon\"><div class=\"box_holder_icon_inner medium normal_icon q_icon_animation\" style=\"transition-delay: 100ms; -webkit-transition-delay: 100ms; -moz-transition-delay: 100ms; -o-transition-delay: 100ms;\"><span data-icon-type=\"normal\"   style=\"font-size: 38px;\" class=\"qode_iwt_icon_holder q_font_awsome_icon fa-3x  \"><i class=\"qode_icon_font_awesome fa fa-bell qode_iwt_icon_element\" style=\"color: #000000;\" ><\/i><\/span><\/div><\/div><div class=\"box_holder_inner medium center\"><h3 class=\"icon_title\" style=\"\">Check-out bis 11:00 Uhr.<\/h3><span class=\"separator transparent\" style=\"margin: 8px 0;\"><\/span><p style=\"\">L\u00e4nger schlafen? Fragen Sie unsere Rezeption nach den M\u00f6glichkeiten.<\/p><\/div><\/div>[\/vc_column][vc_column width=&#8220;1\/3&#8243;]<div class=\"q_box_holder with_icon\" style=\"border-color: #000000;\"><div class=\"box_holder_icon\"><div class=\"box_holder_icon_inner medium normal_icon q_icon_animation\" style=\"transition-delay: 100ms; -webkit-transition-delay: 100ms; -moz-transition-delay: 100ms; -o-transition-delay: 100ms;\"><span data-icon-type=\"normal\"   style=\"font-size: 38px;\" class=\"qode_iwt_icon_holder q_font_awsome_icon fa-3x  \"><i class=\"qode_icon_font_awesome fa fa-wifi qode_iwt_icon_element\" style=\"color: #000000;\" ><\/i><\/span><\/div><\/div><div class=\"box_holder_inner medium center\"><h3 class=\"icon_title\" style=\"\">Kostenloses WIFI<\/h3><span class=\"separator transparent\" style=\"margin: 8px 0;\"><\/span><p style=\"\">Nat\u00fcrlich haben wir kostenloses WLAN, aber manchmal ist es auch sch\u00f6n, offline zu sein.<\/p><\/div><\/div>[vc_empty_space]<div class=\"q_box_holder with_icon\" style=\"border-color: #000000;\"><div class=\"box_holder_icon\"><div class=\"box_holder_icon_inner medium normal_icon q_icon_animation\" style=\"transition-delay: 100ms; -webkit-transition-delay: 100ms; -moz-transition-delay: 100ms; -o-transition-delay: 100ms;\"><span data-icon-type=\"normal\"   style=\"font-size: 38px;\" class=\"qode_iwt_icon_holder q_font_awsome_icon fa-3x  \"><i class=\"qode_icon_font_awesome fa fa-spoon qode_iwt_icon_element\" style=\"color: #000000;\" ><\/i><\/span><\/div><\/div><div class=\"box_holder_inner medium center\"><h3 class=\"icon_title\" style=\"\">Restaurant<\/h3><span class=\"separator transparent\" style=\"margin: 8px 0;\"><\/span><p style=\"\">Kulinarische Gen\u00fcsse in entspannter Atmosph\u00e4re<\/p><a itemprop='url' class='icon_with_title_link' href='http:\/\/the-church.nl\/eten-bij\/' target='_self' style='color: #939393;'>Mehr lesen<\/a><\/div><\/div>[vc_empty_space]<div class=\"q_box_holder with_icon\" style=\"border-color: #000000;\"><div class=\"box_holder_icon\"><div class=\"box_holder_icon_inner medium normal_icon q_icon_animation\" style=\"transition-delay: 100ms; -webkit-transition-delay: 100ms; -moz-transition-delay: 100ms; -o-transition-delay: 100ms;\"><span data-icon-type=\"normal\"   style=\"font-size: 38px;\" class=\"qode_iwt_icon_holder q_font_awsome_icon fa-3x  \"><i class=\"qode_icon_font_awesome fa fa-car qode_iwt_icon_element\" style=\"color: #000000;\" ><\/i><\/span><\/div><\/div><div class=\"box_holder_inner medium center\"><h3 class=\"icon_title\" style=\"\">Check-out bis 11:00 Uhr.<\/h3><span class=\"separator transparent\" style=\"margin: 8px 0;\"><\/span><p style=\"\">Das Parken ist im Parkhaus Velperplein einfach. Sie erreichen ihn \u00fcber die Spoorwegstraat. Werfen Sie Ihr Gep\u00e4ck schon im Voraus aus, wenn Sie am Hotel vorbeifahren. Nach dem Parken gehen Sie zwei Minuten zum Hoteleingang an der Spoorwegstraat.<\/p><\/div><\/div>[\/vc_column][\/vc_row][vc_row css_animation=&#8220;&#8220; row_type=&#8220;row&#8220; use_row_as_full_screen_section=&#8220;no&#8220; type=&#8220;full_width&#8220; angled_section=&#8220;no&#8220; text_align=&#8220;left&#8220; background_image_as_pattern=&#8220;without_pattern&#8220;][vc_column][vc_empty_space][\/vc_column][\/vc_row]<\/p>\n<\/section>","protected":false},"excerpt":{"rendered":"<p>[vc_row css_animation=&#8220;&#8220; row_type=&#8220;row&#8220; use_row_as_full_screen_section=&#8220;yes&#8220; type=&#8220;full_width&#8220; angled_section=&#8220;no&#8220; text_align=&#8220;center&#8220; background_image_as_pattern=&#8220;without_pattern&#8220; z_index=&#8220;&#8220; css=&#8220;.vc_custom_1677795497220{margin-bottom: 200px !important;}&#8220; background_image=&#8220;10746&#8243; side_padding=&#8220;10%&#8220; padding_top=&#8220;40%&#8220; padding_bottom=&#8220;40%&#8220;][vc_column css=&#8220;.vc_custom_1677753625052{padding-top: 400px !important;padding-bottom: 400px !important;}&#8220;][vc_column_text] Einrichtungen [\/vc_column_text][vc_separator type=&#8220;small&#8220; position=&#8220;center&#8220; color=&#8220;#ffffff&#8220; transparency=&#8220;0.5&#8243; down=&#8220;35&#8243;][\/vc_column][\/vc_row][vc_row css_animation=&#8220;&#8220; row_type=&#8220;row&#8220; use_row_as_full_screen_section=&#8220;no&#8220; type=&#8220;full_width&#8220; angled_section=&#8220;no&#8220; text_align=&#8220;left&#8220; background_image_as_pattern=&#8220;without_pattern&#8220;][vc_column][vc_empty_space][\/vc_column][\/vc_row][vc_row css_animation=&#8220;&#8220; row_type=&#8220;row&#8220; use_row_as_full_screen_section=&#8220;no&#8220; type=&#8220;grid&#8220; angled_section=&#8220;no&#8220; text_align=&#8220;left&#8220; background_image_as_pattern=&#8220;without_pattern&#8220; z_index=&#8220;&#8220;][vc_column width=&#8220;1\/3&#8243;][vc_empty_space][vc_empty_space][\/vc_column][vc_column width=&#8220;1\/3&#8243;][vc_empty_space][vc_empty_space][vc_empty_space][\/vc_column][vc_column width=&#8220;1\/3&#8243;][vc_empty_space][vc_empty_space][\/vc_column][\/vc_row][vc_row css_animation=&#8220;&#8220; row_type=&#8220;row&#8220; use_row_as_full_screen_section=&#8220;no&#8220; type=&#8220;full_width&#8220;&#8230;<\/p>\n","protected":false},"author":1,"featured_media":0,"parent":3161,"menu_order":0,"comment_status":"closed","ping_status":"closed","template":"","meta":{"footnotes":""},"class_list":["post-11649","page","type-page","status-publish","hentry"],"yoast_head":"<!-- This site is optimized with the Yoast SEO plugin v25.0 - https:\/\/yoast.com\/wordpress\/plugins\/seo\/ -->\n<title>Einrichtungen - The Church<\/title>\n<meta name=\"description\" content=\"In Arnheim finden Sie das Hotel The Church. Pr\u00fcfen Sie alle Einrichtungen, die The Church als Hotel und Veranstaltungsort zu bieten hat.\" \/>\n<meta name=\"robots\" content=\"index, follow, max-snippet:-1, max-image-preview:large, max-video-preview:-1\" \/>\n<link rel=\"canonical\" href=\"https:\/\/the-church.nl\/de\/uebernachten\/einrichtungen\/\" \/>\n<meta property=\"og:locale\" content=\"de_DE\" \/>\n<meta property=\"og:type\" content=\"article\" \/>\n<meta property=\"og:title\" content=\"Einrichtungen - The Church\" \/>\n<meta property=\"og:description\" content=\"In Arnheim finden Sie das Hotel The Church. Pr\u00fcfen Sie alle Einrichtungen, die The Church als Hotel und Veranstaltungsort zu bieten hat.\" \/>\n<meta property=\"og:url\" content=\"https:\/\/the-church.nl\/de\/uebernachten\/einrichtungen\/\" \/>\n<meta property=\"og:site_name\" content=\"The Church\" \/>\n<meta property=\"article:modified_time\" content=\"2024-09-02T06:28:35+00:00\" \/>\n<meta name=\"twitter:card\" content=\"summary_large_image\" \/>\n<meta name=\"twitter:label1\" content=\"Gesch\u00e4tzte Lesezeit\" \/>\n\t<meta name=\"twitter:data1\" content=\"3\u00a0Minuten\" \/>\n<script type=\"application\/ld+json\" class=\"yoast-schema-graph\">{\"@context\":\"https:\/\/schema.org\",\"@graph\":[{\"@type\":\"WebPage\",\"@id\":\"https:\/\/the-church.nl\/de\/uebernachten\/einrichtungen\/\",\"url\":\"https:\/\/the-church.nl\/de\/uebernachten\/einrichtungen\/\",\"name\":\"Einrichtungen - The Church\",\"isPartOf\":{\"@id\":\"https:\/\/the-church.nl\/de\/#website\"},\"datePublished\":\"2023-04-09T10:03:06+00:00\",\"dateModified\":\"2024-09-02T06:28:35+00:00\",\"description\":\"In Arnheim finden Sie das Hotel The Church. Pr\u00fcfen Sie alle Einrichtungen, die The Church als Hotel und Veranstaltungsort zu bieten hat.\",\"breadcrumb\":{\"@id\":\"https:\/\/the-church.nl\/de\/uebernachten\/einrichtungen\/#breadcrumb\"},\"inLanguage\":\"de\",\"potentialAction\":[{\"@type\":\"ReadAction\",\"target\":[\"https:\/\/the-church.nl\/de\/uebernachten\/einrichtungen\/\"]}]},{\"@type\":\"BreadcrumbList\",\"@id\":\"https:\/\/the-church.nl\/de\/uebernachten\/einrichtungen\/#breadcrumb\",\"itemListElement\":[{\"@type\":\"ListItem\",\"position\":1,\"name\":\"Home\",\"item\":\"https:\/\/the-church.nl\/de\/\"},{\"@type\":\"ListItem\",\"position\":2,\"name\":\"Schlaf\",\"item\":\"https:\/\/the-church.nl\/de\/slapen-bij\/\"},{\"@type\":\"ListItem\",\"position\":3,\"name\":\"Einrichtungen\"}]},{\"@type\":\"WebSite\",\"@id\":\"https:\/\/the-church.nl\/de\/#website\",\"url\":\"https:\/\/the-church.nl\/de\/\",\"name\":\"The Church\",\"description\":\"Heaven for your senses\",\"potentialAction\":[{\"@type\":\"SearchAction\",\"target\":{\"@type\":\"EntryPoint\",\"urlTemplate\":\"https:\/\/the-church.nl\/de\/?s={search_term_string}\"},\"query-input\":{\"@type\":\"PropertyValueSpecification\",\"valueRequired\":true,\"valueName\":\"search_term_string\"}}],\"inLanguage\":\"de\"}]}<\/script>\n<!-- \/ Yoast SEO plugin. -->","yoast_head_json":{"title":"Einrichtungen - The Church","description":"In Arnheim finden Sie das Hotel The Church. Pr\u00fcfen Sie alle Einrichtungen, die The Church als Hotel und Veranstaltungsort zu bieten hat.","robots":{"index":"index","follow":"follow","max-snippet":"max-snippet:-1","max-image-preview":"max-image-preview:large","max-video-preview":"max-video-preview:-1"},"canonical":"https:\/\/the-church.nl\/de\/uebernachten\/einrichtungen\/","og_locale":"de_DE","og_type":"article","og_title":"Einrichtungen - The Church","og_description":"In Arnheim finden Sie das Hotel The Church. Pr\u00fcfen Sie alle Einrichtungen, die The Church als Hotel und Veranstaltungsort zu bieten hat.","og_url":"https:\/\/the-church.nl\/de\/uebernachten\/einrichtungen\/","og_site_name":"The Church","article_modified_time":"2024-09-02T06:28:35+00:00","twitter_card":"summary_large_image","twitter_misc":{"Gesch\u00e4tzte Lesezeit":"3\u00a0Minuten"},"schema":{"@context":"https:\/\/schema.org","@graph":[{"@type":"WebPage","@id":"https:\/\/the-church.nl\/de\/uebernachten\/einrichtungen\/","url":"https:\/\/the-church.nl\/de\/uebernachten\/einrichtungen\/","name":"Einrichtungen - The Church","isPartOf":{"@id":"https:\/\/the-church.nl\/de\/#website"},"datePublished":"2023-04-09T10:03:06+00:00","dateModified":"2024-09-02T06:28:35+00:00","description":"In Arnheim finden Sie das Hotel The Church. Pr\u00fcfen Sie alle Einrichtungen, die The Church als Hotel und Veranstaltungsort zu bieten hat.","breadcrumb":{"@id":"https:\/\/the-church.nl\/de\/uebernachten\/einrichtungen\/#breadcrumb"},"inLanguage":"de","potentialAction":[{"@type":"ReadAction","target":["https:\/\/the-church.nl\/de\/uebernachten\/einrichtungen\/"]}]},{"@type":"BreadcrumbList","@id":"https:\/\/the-church.nl\/de\/uebernachten\/einrichtungen\/#breadcrumb","itemListElement":[{"@type":"ListItem","position":1,"name":"Home","item":"https:\/\/the-church.nl\/de\/"},{"@type":"ListItem","position":2,"name":"Schlaf","item":"https:\/\/the-church.nl\/de\/slapen-bij\/"},{"@type":"ListItem","position":3,"name":"Einrichtungen"}]},{"@type":"WebSite","@id":"https:\/\/the-church.nl\/de\/#website","url":"https:\/\/the-church.nl\/de\/","name":"The Church","description":"Heaven for your senses","potentialAction":[{"@type":"SearchAction","target":{"@type":"EntryPoint","urlTemplate":"https:\/\/the-church.nl\/de\/?s={search_term_string}"},"query-input":{"@type":"PropertyValueSpecification","valueRequired":true,"valueName":"search_term_string"}}],"inLanguage":"de"}]}},"_links":{"self":[{"href":"https:\/\/the-church.nl\/de\/wp-json\/wp\/v2\/pages\/11649","targetHints":{"allow":["GET"]}}],"collection":[{"href":"https:\/\/the-church.nl\/de\/wp-json\/wp\/v2\/pages"}],"about":[{"href":"https:\/\/the-church.nl\/de\/wp-json\/wp\/v2\/types\/page"}],"author":[{"embeddable":true,"href":"https:\/\/the-church.nl\/de\/wp-json\/wp\/v2\/users\/1"}],"replies":[{"embeddable":true,"href":"https:\/\/the-church.nl\/de\/wp-json\/wp\/v2\/comments?post=11649"}],"version-history":[{"count":10,"href":"https:\/\/the-church.nl\/de\/wp-json\/wp\/v2\/pages\/11649\/revisions"}],"predecessor-version":[{"id":12722,"href":"https:\/\/the-church.nl\/de\/wp-json\/wp\/v2\/pages\/11649\/revisions\/12722"}],"up":[{"embeddable":true,"href":"https:\/\/the-church.nl\/de\/wp-json\/wp\/v2\/pages\/3161"}],"wp:attachment":[{"href":"https:\/\/the-church.nl\/de\/wp-json\/wp\/v2\/media?parent=11649"}],"curies":[{"name":"wp","href":"https:\/\/api.w.org\/{rel}","templated":true}]}}