{"id":11722,"date":"2023-04-09T10:24:22","date_gmt":"2023-04-09T10:24:22","guid":{"rendered":"https:\/\/the-church.nl\/uebernachten\/hotelzimmer\/luxus-zimmer\/"},"modified":"2024-08-19T10:02:35","modified_gmt":"2024-08-19T10:02:35","slug":"luxus-zimmer","status":"publish","type":"page","link":"https:\/\/the-church.nl\/de\/uebernachten\/hotelzimmer\/luxus-zimmer\/","title":{"rendered":"Luxus-Zimmer"},"content":{"rendered":"<section class=\"wpb-content-wrapper\"><p>[vc_row css_animation=&#8220;&#8220; row_type=&#8220;row&#8220; use_row_as_full_screen_section=&#8220;yes&#8220; type=&#8220;full_width&#8220; angled_section=&#8220;no&#8220; text_align=&#8220;center&#8220; background_image_as_pattern=&#8220;without_pattern&#8220; z_index=&#8220;&#8220; css=&#8220;.vc_custom_1724061721831{margin-bottom: 50px !important;}&#8220; background_image=&#8220;12886&#8243; side_padding=&#8220;10%&#8220; padding_top=&#8220;40%&#8220; padding_bottom=&#8220;40%&#8220;][vc_column css=&#8220;.vc_custom_1677753625052{padding-top: 400px !important;padding-bottom: 400px !important;}&#8220;][vc_column_text]<\/p>\n<h1 style=\"color: #ffffff; text-align: center;\">Luxus-Zimmer<\/h1>\n<p>[\/vc_column_text][vc_separator type=&#8220;small&#8220; position=&#8220;center&#8220; color=&#8220;#ffffff&#8220; transparency=&#8220;0.5&#8243; down=&#8220;35&#8243;]<a  itemprop=\"url\" href=\"https:\/\/www.mews.li\/distributor\/c69a065c-5100-43e6-bea9-afaf00a4adb7\" target=\"_self\"  class=\"qbutton  large center default\" style=\"\">Ein Zimmer reservieren<\/a>[\/vc_column][\/vc_row][vc_row css_animation=&#8220;&#8220; row_type=&#8220;row&#8220; use_row_as_full_screen_section=&#8220;no&#8220; type=&#8220;grid&#8220; angled_section=&#8220;no&#8220; text_align=&#8220;left&#8220; background_image_as_pattern=&#8220;without_pattern&#8220; z_index=&#8220;&#8220;][vc_column][vc_column_text]<\/p>\n<p style=\"text-align: center;\">Unsere ger\u00e4umigen Deluxe-Zimmer mit einer Fl\u00e4che von \u00fcber 25 m2 sind in zwei Varianten erh\u00e4ltlich: ein behindertengerechtes Zimmer im Erdgeschoss und ein ger\u00e4umiges Zimmer im ersten Stock mit abschlie\u00dfbarem Bad. Diese Zimmer zeichnen sich durch alte Ornamente, einen Natursteinkamin und sch\u00f6ne authentische Decken aus. Beide Deluxe-Zimmer verf\u00fcgen \u00fcber Wi-Fi, Haartrockner, Klimaanlage, Schiebefenster und Kaffee-\/Teekocher.<\/p>\n<p>[\/vc_column_text][vc_empty_space height=&#8220;50px&#8220;][\/vc_column][\/vc_row][vc_row css_animation=&#8220;&#8220; row_type=&#8220;row&#8220; use_row_as_full_screen_section=&#8220;no&#8220; type=&#8220;grid&#8220; angled_section=&#8220;no&#8220; text_align=&#8220;left&#8220; background_image_as_pattern=&#8220;without_pattern&#8220; z_index=&#8220;&#8220;][vc_column width=&#8220;1\/3&#8243;][vc_gallery interval=&#8220;3&#8243; images=&#8220;12884,12881,12878,12887,12869,12875,12331&#8243; img_size=&#8220;500&#215;500&#8243; pause_on_hover=&#8220;yes&#8220;][\/vc_column][vc_column width=&#8220;1\/3&#8243;][vc_column_text]<strong>DELUXE-ZIMMER<\/strong><\/p>\n<ul>\n<li>Ger\u00e4umige Zimmer von 25 m\u00b2<\/li>\n<li>Verf\u00fcgbar im Erdgeschoss und im ersten Stock<\/li>\n<li>Abschlie\u00dfbares Badezimmer<\/li>\n<li>Alte Ornamente<\/li>\n<li>Kamin aus Naturstein<\/li>\n<li>Sch\u00f6ne authentische Decken<\/li>\n<li>Fenster \u00f6ffnen<\/li>\n<li>Kaffee\/Tee-Einrichtungen<\/li>\n<\/ul>\n<p>[\/vc_column_text][\/vc_column][vc_column width=&#8220;1\/3&#8243;][vc_column_text]<strong>HOTELANLAGEN<\/strong><\/p>\n<ul>\n<li>Einchecken 15:00 bis 20:00<\/li>\n<li>Check-out bis 11:00 Uhr<\/li>\n<li>Reichhaltiges Fr\u00fchst\u00fcck<\/li>\n<li>Klimatisierung in allen Zimmern<\/li>\n<li>Kostenloses WIFI<\/li>\n<li>Bar und Aufenthaltsraum<\/li>\n<li>Kulinarisches Restaurant<\/li>\n<\/ul>\n<p>[\/vc_column_text][\/vc_column][\/vc_row][vc_row css_animation=&#8220;&#8220; row_type=&#8220;row&#8220; use_row_as_full_screen_section=&#8220;no&#8220; type=&#8220;full_width&#8220; angled_section=&#8220;no&#8220; text_align=&#8220;left&#8220; background_image_as_pattern=&#8220;without_pattern&#8220;][vc_column][vc_empty_space height=&#8220;20px&#8220;][\/vc_column][\/vc_row][vc_row css_animation=&#8220;&#8220; row_type=&#8220;row&#8220; use_row_as_full_screen_section=&#8220;no&#8220; type=&#8220;grid&#8220; angled_section=&#8220;no&#8220; text_align=&#8220;left&#8220; background_image_as_pattern=&#8220;without_pattern&#8220; z_index=&#8220;&#8220;][vc_column][vc_column_text]<\/p>\n<h3 style=\"text-align: center;\">Was halten andere von unserem Hotel?<\/h3>\n<p>[\/vc_column_text]<div class='blog_slider_holder clearfix '><div class='blog_slider blog_slider_carousel' data-blogs_shown='3' data-auto_start='false'><ul class='blog_slides'>Sorry, no posts matched your criteria.<\/ul><\/div><\/div>[vc_empty_space height=&#8220;20px&#8220;][\/vc_column][\/vc_row]<\/p>\n<\/section>","protected":false},"excerpt":{"rendered":"<p>[vc_row css_animation=&#8220;&#8220; row_type=&#8220;row&#8220; use_row_as_full_screen_section=&#8220;yes&#8220; type=&#8220;full_width&#8220; angled_section=&#8220;no&#8220; text_align=&#8220;center&#8220; background_image_as_pattern=&#8220;without_pattern&#8220; z_index=&#8220;&#8220; css=&#8220;.vc_custom_1724061721831{margin-bottom: 50px !important;}&#8220; background_image=&#8220;12886&#8243; side_padding=&#8220;10%&#8220; padding_top=&#8220;40%&#8220; padding_bottom=&#8220;40%&#8220;][vc_column css=&#8220;.vc_custom_1677753625052{padding-top: 400px !important;padding-bottom: 400px !important;}&#8220;][vc_column_text] Luxus-Zimmer [\/vc_column_text][vc_separator type=&#8220;small&#8220; position=&#8220;center&#8220; color=&#8220;#ffffff&#8220; transparency=&#8220;0.5&#8243; down=&#8220;35&#8243;][\/vc_column][\/vc_row][vc_row css_animation=&#8220;&#8220; row_type=&#8220;row&#8220; use_row_as_full_screen_section=&#8220;no&#8220; type=&#8220;grid&#8220; angled_section=&#8220;no&#8220; text_align=&#8220;left&#8220; background_image_as_pattern=&#8220;without_pattern&#8220; z_index=&#8220;&#8220;][vc_column][vc_column_text] Unsere ger\u00e4umigen Deluxe-Zimmer mit einer Fl\u00e4che von \u00fcber 25 m2 sind in zwei Varianten&#8230;<\/p>\n","protected":false},"author":1,"featured_media":0,"parent":11579,"menu_order":0,"comment_status":"closed","ping_status":"closed","template":"full_width.php","meta":{"footnotes":""},"class_list":["post-11722","page","type-page","status-publish","hentry"],"yoast_head":"<!-- This site is optimized with the Yoast SEO plugin v27.5 - https:\/\/yoast.com\/product\/yoast-seo-wordpress\/ -->\n<title>Luxus-Zimmer - The Church<\/title>\n<meta name=\"description\" content=\"Unsere ger\u00e4umigen Deluxe-Zimmer mit einer Fl\u00e4che von \u00fcber 25 m2 sind in zwei Varianten erh\u00e4ltlich: ein behindertengerechtes Zimmer im Erdgeschoss und ein ger\u00e4umiges Zimmer im ersten Stock mit abschlie\u00dfbarem Bad. Diese Zimmer zeichnen sich durch alte Ornamente, einen Natursteinkamin und sch\u00f6ne authentische Decken aus.\" \/>\n<meta name=\"robots\" content=\"index, follow, max-snippet:-1, max-image-preview:large, max-video-preview:-1\" \/>\n<link rel=\"canonical\" href=\"https:\/\/the-church.nl\/de\/uebernachten\/hotelzimmer\/luxus-zimmer\/\" \/>\n<meta property=\"og:locale\" content=\"de_DE\" \/>\n<meta property=\"og:type\" content=\"article\" \/>\n<meta property=\"og:title\" content=\"Luxus-Zimmer - The Church\" \/>\n<meta property=\"og:description\" content=\"Unsere ger\u00e4umigen Deluxe-Zimmer mit einer Fl\u00e4che von \u00fcber 25 m2 sind in zwei Varianten erh\u00e4ltlich: ein behindertengerechtes Zimmer im Erdgeschoss und ein ger\u00e4umiges Zimmer im ersten Stock mit abschlie\u00dfbarem Bad. Diese Zimmer zeichnen sich durch alte Ornamente, einen Natursteinkamin und sch\u00f6ne authentische Decken aus.\" \/>\n<meta property=\"og:url\" content=\"https:\/\/the-church.nl\/de\/uebernachten\/hotelzimmer\/luxus-zimmer\/\" \/>\n<meta property=\"og:site_name\" content=\"The Church\" \/>\n<meta property=\"article:modified_time\" content=\"2024-08-19T10:02:35+00:00\" \/>\n<meta name=\"twitter:card\" content=\"summary_large_image\" \/>\n<meta name=\"twitter:label1\" content=\"Gesch\u00e4tzte Lesezeit\" \/>\n\t<meta name=\"twitter:data1\" content=\"1\u00a0Minute\" \/>\n<script type=\"application\/ld+json\" class=\"yoast-schema-graph\">{\"@context\":\"https:\\\/\\\/schema.org\",\"@graph\":[{\"@type\":\"WebPage\",\"@id\":\"https:\\\/\\\/the-church.nl\\\/de\\\/uebernachten\\\/hotelzimmer\\\/luxus-zimmer\\\/\",\"url\":\"https:\\\/\\\/the-church.nl\\\/de\\\/uebernachten\\\/hotelzimmer\\\/luxus-zimmer\\\/\",\"name\":\"Luxus-Zimmer - The Church\",\"isPartOf\":{\"@id\":\"https:\\\/\\\/the-church.nl\\\/de\\\/#website\"},\"datePublished\":\"2023-04-09T10:24:22+00:00\",\"dateModified\":\"2024-08-19T10:02:35+00:00\",\"description\":\"Unsere ger\u00e4umigen Deluxe-Zimmer mit einer Fl\u00e4che von \u00fcber 25 m2 sind in zwei Varianten erh\u00e4ltlich: ein behindertengerechtes Zimmer im Erdgeschoss und ein ger\u00e4umiges Zimmer im ersten Stock mit abschlie\u00dfbarem Bad. Diese Zimmer zeichnen sich durch alte Ornamente, einen Natursteinkamin und sch\u00f6ne authentische Decken aus.\",\"breadcrumb\":{\"@id\":\"https:\\\/\\\/the-church.nl\\\/de\\\/uebernachten\\\/hotelzimmer\\\/luxus-zimmer\\\/#breadcrumb\"},\"inLanguage\":\"de\",\"potentialAction\":[{\"@type\":\"ReadAction\",\"target\":[\"https:\\\/\\\/the-church.nl\\\/de\\\/uebernachten\\\/hotelzimmer\\\/luxus-zimmer\\\/\"]}]},{\"@type\":\"BreadcrumbList\",\"@id\":\"https:\\\/\\\/the-church.nl\\\/de\\\/uebernachten\\\/hotelzimmer\\\/luxus-zimmer\\\/#breadcrumb\",\"itemListElement\":[{\"@type\":\"ListItem\",\"position\":1,\"name\":\"Home\",\"item\":\"https:\\\/\\\/the-church.nl\\\/de\\\/\"},{\"@type\":\"ListItem\",\"position\":2,\"name\":\"Schlaf\",\"item\":\"https:\\\/\\\/the-church.nl\\\/de\\\/slapen-bij\\\/\"},{\"@type\":\"ListItem\",\"position\":3,\"name\":\"Hotelzimmer\",\"item\":\"https:\\\/\\\/the-church.nl\\\/de\\\/slapen-bij\\\/hotelkamers\\\/\"},{\"@type\":\"ListItem\",\"position\":4,\"name\":\"Luxus-Zimmer\"}]},{\"@type\":\"WebSite\",\"@id\":\"https:\\\/\\\/the-church.nl\\\/de\\\/#website\",\"url\":\"https:\\\/\\\/the-church.nl\\\/de\\\/\",\"name\":\"The Church\",\"description\":\"Heaven for your senses\",\"potentialAction\":[{\"@type\":\"SearchAction\",\"target\":{\"@type\":\"EntryPoint\",\"urlTemplate\":\"https:\\\/\\\/the-church.nl\\\/de\\\/?s={search_term_string}\"},\"query-input\":{\"@type\":\"PropertyValueSpecification\",\"valueRequired\":true,\"valueName\":\"search_term_string\"}}],\"inLanguage\":\"de\"}]}<\/script>\n<!-- \/ Yoast SEO plugin. -->","yoast_head_json":{"title":"Luxus-Zimmer - The Church","description":"Unsere ger\u00e4umigen Deluxe-Zimmer mit einer Fl\u00e4che von \u00fcber 25 m2 sind in zwei Varianten erh\u00e4ltlich: ein behindertengerechtes Zimmer im Erdgeschoss und ein ger\u00e4umiges Zimmer im ersten Stock mit abschlie\u00dfbarem Bad. Diese Zimmer zeichnen sich durch alte Ornamente, einen Natursteinkamin und sch\u00f6ne authentische Decken aus.","robots":{"index":"index","follow":"follow","max-snippet":"max-snippet:-1","max-image-preview":"max-image-preview:large","max-video-preview":"max-video-preview:-1"},"canonical":"https:\/\/the-church.nl\/de\/uebernachten\/hotelzimmer\/luxus-zimmer\/","og_locale":"de_DE","og_type":"article","og_title":"Luxus-Zimmer - The Church","og_description":"Unsere ger\u00e4umigen Deluxe-Zimmer mit einer Fl\u00e4che von \u00fcber 25 m2 sind in zwei Varianten erh\u00e4ltlich: ein behindertengerechtes Zimmer im Erdgeschoss und ein ger\u00e4umiges Zimmer im ersten Stock mit abschlie\u00dfbarem Bad. Diese Zimmer zeichnen sich durch alte Ornamente, einen Natursteinkamin und sch\u00f6ne authentische Decken aus.","og_url":"https:\/\/the-church.nl\/de\/uebernachten\/hotelzimmer\/luxus-zimmer\/","og_site_name":"The Church","article_modified_time":"2024-08-19T10:02:35+00:00","twitter_card":"summary_large_image","twitter_misc":{"Gesch\u00e4tzte Lesezeit":"1\u00a0Minute"},"schema":{"@context":"https:\/\/schema.org","@graph":[{"@type":"WebPage","@id":"https:\/\/the-church.nl\/de\/uebernachten\/hotelzimmer\/luxus-zimmer\/","url":"https:\/\/the-church.nl\/de\/uebernachten\/hotelzimmer\/luxus-zimmer\/","name":"Luxus-Zimmer - The Church","isPartOf":{"@id":"https:\/\/the-church.nl\/de\/#website"},"datePublished":"2023-04-09T10:24:22+00:00","dateModified":"2024-08-19T10:02:35+00:00","description":"Unsere ger\u00e4umigen Deluxe-Zimmer mit einer Fl\u00e4che von \u00fcber 25 m2 sind in zwei Varianten erh\u00e4ltlich: ein behindertengerechtes Zimmer im Erdgeschoss und ein ger\u00e4umiges Zimmer im ersten Stock mit abschlie\u00dfbarem Bad. Diese Zimmer zeichnen sich durch alte Ornamente, einen Natursteinkamin und sch\u00f6ne authentische Decken aus.","breadcrumb":{"@id":"https:\/\/the-church.nl\/de\/uebernachten\/hotelzimmer\/luxus-zimmer\/#breadcrumb"},"inLanguage":"de","potentialAction":[{"@type":"ReadAction","target":["https:\/\/the-church.nl\/de\/uebernachten\/hotelzimmer\/luxus-zimmer\/"]}]},{"@type":"BreadcrumbList","@id":"https:\/\/the-church.nl\/de\/uebernachten\/hotelzimmer\/luxus-zimmer\/#breadcrumb","itemListElement":[{"@type":"ListItem","position":1,"name":"Home","item":"https:\/\/the-church.nl\/de\/"},{"@type":"ListItem","position":2,"name":"Schlaf","item":"https:\/\/the-church.nl\/de\/slapen-bij\/"},{"@type":"ListItem","position":3,"name":"Hotelzimmer","item":"https:\/\/the-church.nl\/de\/slapen-bij\/hotelkamers\/"},{"@type":"ListItem","position":4,"name":"Luxus-Zimmer"}]},{"@type":"WebSite","@id":"https:\/\/the-church.nl\/de\/#website","url":"https:\/\/the-church.nl\/de\/","name":"The Church","description":"Heaven for your senses","potentialAction":[{"@type":"SearchAction","target":{"@type":"EntryPoint","urlTemplate":"https:\/\/the-church.nl\/de\/?s={search_term_string}"},"query-input":{"@type":"PropertyValueSpecification","valueRequired":true,"valueName":"search_term_string"}}],"inLanguage":"de"}]}},"_links":{"self":[{"href":"https:\/\/the-church.nl\/de\/wp-json\/wp\/v2\/pages\/11722","targetHints":{"allow":["GET"]}}],"collection":[{"href":"https:\/\/the-church.nl\/de\/wp-json\/wp\/v2\/pages"}],"about":[{"href":"https:\/\/the-church.nl\/de\/wp-json\/wp\/v2\/types\/page"}],"author":[{"embeddable":true,"href":"https:\/\/the-church.nl\/de\/wp-json\/wp\/v2\/users\/1"}],"replies":[{"embeddable":true,"href":"https:\/\/the-church.nl\/de\/wp-json\/wp\/v2\/comments?post=11722"}],"version-history":[{"count":6,"href":"https:\/\/the-church.nl\/de\/wp-json\/wp\/v2\/pages\/11722\/revisions"}],"predecessor-version":[{"id":12898,"href":"https:\/\/the-church.nl\/de\/wp-json\/wp\/v2\/pages\/11722\/revisions\/12898"}],"up":[{"embeddable":true,"href":"https:\/\/the-church.nl\/de\/wp-json\/wp\/v2\/pages\/11579"}],"wp:attachment":[{"href":"https:\/\/the-church.nl\/de\/wp-json\/wp\/v2\/media?parent=11722"}],"curies":[{"name":"wp","href":"https:\/\/api.w.org\/{rel}","templated":true}]}}