{"id":11733,"date":"2023-04-09T10:24:27","date_gmt":"2023-04-09T10:24:27","guid":{"rendered":"https:\/\/the-church.nl\/lebensmittel\/privat-essen\/"},"modified":"2023-04-09T10:24:28","modified_gmt":"2023-04-09T10:24:28","slug":"privat-essen","status":"publish","type":"page","link":"https:\/\/the-church.nl\/de\/essen\/privat-essen\/","title":{"rendered":"Privat essen"},"content":{"rendered":"<section class=\"wpb-content-wrapper\"><p>[vc_row css_animation=&#8220;&#8220; row_type=&#8220;row&#8220; use_row_as_full_screen_section=&#8220;yes&#8220; type=&#8220;full_width&#8220; angled_section=&#8220;no&#8220; text_align=&#8220;center&#8220; background_image_as_pattern=&#8220;without_pattern&#8220; z_index=&#8220;&#8220; css=&#8220;.vc_custom_1680003344349{margin-bottom: 75px !important;}&#8220; background_image=&#8220;11403&#8243; side_padding=&#8220;10%&#8220; padding_top=&#8220;40%&#8220; padding_bottom=&#8220;40%&#8220;][vc_column css=&#8220;.vc_custom_1677800397831{padding-top: 300px !important;padding-bottom: 300px !important;}&#8220;][vc_column_text]<\/p>\n<h1 style=\"color: #ffffff; text-align: center;\">Privat essen<\/h1>\n<p>[\/vc_column_text][vc_separator type=&#8220;small&#8220; position=&#8220;center&#8220; color=&#8220;#ffffff&#8220; transparency=&#8220;0.5&#8243; down=&#8220;35&#8243;][\/vc_column][\/vc_row][vc_row css_animation=&#8220;&#8220; row_type=&#8220;row&#8220; use_row_as_full_screen_section=&#8220;no&#8220; type=&#8220;grid&#8220; angled_section=&#8220;no&#8220; text_align=&#8220;left&#8220; background_image_as_pattern=&#8220;without_pattern&#8220; z_index=&#8220;&#8220;][vc_column width=&#8220;2\/3&#8243;][vc_column_text]<\/p>\n<h3>Privatessen in der Kirche in Arnheim<\/h3>\n<p>[\/vc_column_text][vc_empty_space height=&#8220;20px&#8220;][vc_column_text]Es besteht die M\u00f6glichkeit, mit der eigenen Gruppe in einem historischen Raum in einer ehemaligen Kirche zu speisen, w\u00e4hrend der Chefkoch privat f\u00fcr Sie kocht. W\u00e4hrend des Essens haben Sie einen Blick auf die Kirche, schauen in die K\u00fcche, wo die Gerichte vor Ihren Augen zubereitet werden. Sie werden ein speziell f\u00fcr Sie und Ihre Gruppe zusammengestelltes Men\u00fc genie\u00dfen. Zusammen mit den passenden Getr\u00e4nken bietet dies ein einzigartiges kulinarisches Erlebnis.<span class=\"Apple-converted-space\"> <\/span>[\/vc_column_text][vc_empty_space height=&#8220;25px&#8220;][vc_column_text]<strong>Pauschalpreis 200 \u20ac pro Person (bis zu maximal 6 Personen)<\/strong>[\/vc_column_text][vc_empty_space height=&#8220;25px&#8220;][\/vc_column][\/vc_row]<\/p>\n<\/section>","protected":false},"excerpt":{"rendered":"<p>[vc_row css_animation=&#8220;&#8220; row_type=&#8220;row&#8220; use_row_as_full_screen_section=&#8220;yes&#8220; type=&#8220;full_width&#8220; angled_section=&#8220;no&#8220; text_align=&#8220;center&#8220; background_image_as_pattern=&#8220;without_pattern&#8220; z_index=&#8220;&#8220; css=&#8220;.vc_custom_1680003344349{margin-bottom: 75px !important;}&#8220; background_image=&#8220;11403&#8243; side_padding=&#8220;10%&#8220; padding_top=&#8220;40%&#8220; padding_bottom=&#8220;40%&#8220;][vc_column css=&#8220;.vc_custom_1677800397831{padding-top: 300px !important;padding-bottom: 300px !important;}&#8220;][vc_column_text] Privat essen [\/vc_column_text][vc_separator type=&#8220;small&#8220; position=&#8220;center&#8220; color=&#8220;#ffffff&#8220; transparency=&#8220;0.5&#8243; down=&#8220;35&#8243;][\/vc_column][\/vc_row][vc_row css_animation=&#8220;&#8220; row_type=&#8220;row&#8220; use_row_as_full_screen_section=&#8220;no&#8220; type=&#8220;grid&#8220; angled_section=&#8220;no&#8220; text_align=&#8220;left&#8220; background_image_as_pattern=&#8220;without_pattern&#8220; z_index=&#8220;&#8220;][vc_column width=&#8220;2\/3&#8243;][vc_column_text] Privatessen in der Kirche in Arnheim [\/vc_column_text][vc_empty_space height=&#8220;20px&#8220;][vc_column_text]Es besteht die M\u00f6glichkeit, mit&#8230;<\/p>\n","protected":false},"author":6,"featured_media":0,"parent":11618,"menu_order":0,"comment_status":"closed","ping_status":"closed","template":"","meta":{"footnotes":""},"class_list":["post-11733","page","type-page","status-publish","hentry"],"yoast_head":"<!-- This site is optimized with the Yoast SEO plugin v25.0 - https:\/\/yoast.com\/wordpress\/plugins\/seo\/ -->\n<title>Privat essen - The Church<\/title>\n<meta name=\"description\" content=\"Es besteht die M\u00f6glichkeit, mit der eigenen Gruppe in einem historischen Raum in einer ehemaligen Kirche zu speisen, w\u00e4hrend der Chefkoch privat f\u00fcr Sie kocht. W\u00e4hrend des Essens haben Sie einen Blick auf die Kirche, schauen in die K\u00fcche, wo die Gerichte vor Ihren Augen zubereitet werden.\" \/>\n<meta name=\"robots\" content=\"index, follow, max-snippet:-1, max-image-preview:large, max-video-preview:-1\" \/>\n<link rel=\"canonical\" href=\"https:\/\/the-church.nl\/de\/essen\/privat-essen\/\" \/>\n<meta property=\"og:locale\" content=\"de_DE\" \/>\n<meta property=\"og:type\" content=\"article\" \/>\n<meta property=\"og:title\" content=\"Privat essen - The Church\" \/>\n<meta property=\"og:description\" content=\"Es besteht die M\u00f6glichkeit, mit der eigenen Gruppe in einem historischen Raum in einer ehemaligen Kirche zu speisen, w\u00e4hrend der Chefkoch privat f\u00fcr Sie kocht. W\u00e4hrend des Essens haben Sie einen Blick auf die Kirche, schauen in die K\u00fcche, wo die Gerichte vor Ihren Augen zubereitet werden.\" \/>\n<meta property=\"og:url\" content=\"https:\/\/the-church.nl\/de\/essen\/privat-essen\/\" \/>\n<meta property=\"og:site_name\" content=\"The Church\" \/>\n<meta property=\"article:modified_time\" content=\"2023-04-09T10:24:28+00:00\" \/>\n<meta name=\"twitter:card\" content=\"summary_large_image\" \/>\n<meta name=\"twitter:label1\" content=\"Gesch\u00e4tzte Lesezeit\" \/>\n\t<meta name=\"twitter:data1\" content=\"1\u00a0Minute\" \/>\n<script type=\"application\/ld+json\" class=\"yoast-schema-graph\">{\"@context\":\"https:\/\/schema.org\",\"@graph\":[{\"@type\":\"WebPage\",\"@id\":\"https:\/\/the-church.nl\/de\/essen\/privat-essen\/\",\"url\":\"https:\/\/the-church.nl\/de\/essen\/privat-essen\/\",\"name\":\"Privat essen - The Church\",\"isPartOf\":{\"@id\":\"https:\/\/the-church.nl\/de\/#website\"},\"datePublished\":\"2023-04-09T10:24:27+00:00\",\"dateModified\":\"2023-04-09T10:24:28+00:00\",\"description\":\"Es besteht die M\u00f6glichkeit, mit der eigenen Gruppe in einem historischen Raum in einer ehemaligen Kirche zu speisen, w\u00e4hrend der Chefkoch privat f\u00fcr Sie kocht. W\u00e4hrend des Essens haben Sie einen Blick auf die Kirche, schauen in die K\u00fcche, wo die Gerichte vor Ihren Augen zubereitet werden.\",\"breadcrumb\":{\"@id\":\"https:\/\/the-church.nl\/de\/essen\/privat-essen\/#breadcrumb\"},\"inLanguage\":\"de\",\"potentialAction\":[{\"@type\":\"ReadAction\",\"target\":[\"https:\/\/the-church.nl\/de\/essen\/privat-essen\/\"]}]},{\"@type\":\"BreadcrumbList\",\"@id\":\"https:\/\/the-church.nl\/de\/essen\/privat-essen\/#breadcrumb\",\"itemListElement\":[{\"@type\":\"ListItem\",\"position\":1,\"name\":\"Home\",\"item\":\"https:\/\/the-church.nl\/de\/\"},{\"@type\":\"ListItem\",\"position\":2,\"name\":\"Essen\",\"item\":\"https:\/\/the-church.nl\/de\/essen\/\"},{\"@type\":\"ListItem\",\"position\":3,\"name\":\"Privat essen\"}]},{\"@type\":\"WebSite\",\"@id\":\"https:\/\/the-church.nl\/de\/#website\",\"url\":\"https:\/\/the-church.nl\/de\/\",\"name\":\"The Church\",\"description\":\"Heaven for your senses\",\"potentialAction\":[{\"@type\":\"SearchAction\",\"target\":{\"@type\":\"EntryPoint\",\"urlTemplate\":\"https:\/\/the-church.nl\/de\/?s={search_term_string}\"},\"query-input\":{\"@type\":\"PropertyValueSpecification\",\"valueRequired\":true,\"valueName\":\"search_term_string\"}}],\"inLanguage\":\"de\"}]}<\/script>\n<!-- \/ Yoast SEO plugin. -->","yoast_head_json":{"title":"Privat essen - The Church","description":"Es besteht die M\u00f6glichkeit, mit der eigenen Gruppe in einem historischen Raum in einer ehemaligen Kirche zu speisen, w\u00e4hrend der Chefkoch privat f\u00fcr Sie kocht. W\u00e4hrend des Essens haben Sie einen Blick auf die Kirche, schauen in die K\u00fcche, wo die Gerichte vor Ihren Augen zubereitet werden.","robots":{"index":"index","follow":"follow","max-snippet":"max-snippet:-1","max-image-preview":"max-image-preview:large","max-video-preview":"max-video-preview:-1"},"canonical":"https:\/\/the-church.nl\/de\/essen\/privat-essen\/","og_locale":"de_DE","og_type":"article","og_title":"Privat essen - The Church","og_description":"Es besteht die M\u00f6glichkeit, mit der eigenen Gruppe in einem historischen Raum in einer ehemaligen Kirche zu speisen, w\u00e4hrend der Chefkoch privat f\u00fcr Sie kocht. W\u00e4hrend des Essens haben Sie einen Blick auf die Kirche, schauen in die K\u00fcche, wo die Gerichte vor Ihren Augen zubereitet werden.","og_url":"https:\/\/the-church.nl\/de\/essen\/privat-essen\/","og_site_name":"The Church","article_modified_time":"2023-04-09T10:24:28+00:00","twitter_card":"summary_large_image","twitter_misc":{"Gesch\u00e4tzte Lesezeit":"1\u00a0Minute"},"schema":{"@context":"https:\/\/schema.org","@graph":[{"@type":"WebPage","@id":"https:\/\/the-church.nl\/de\/essen\/privat-essen\/","url":"https:\/\/the-church.nl\/de\/essen\/privat-essen\/","name":"Privat essen - The Church","isPartOf":{"@id":"https:\/\/the-church.nl\/de\/#website"},"datePublished":"2023-04-09T10:24:27+00:00","dateModified":"2023-04-09T10:24:28+00:00","description":"Es besteht die M\u00f6glichkeit, mit der eigenen Gruppe in einem historischen Raum in einer ehemaligen Kirche zu speisen, w\u00e4hrend der Chefkoch privat f\u00fcr Sie kocht. W\u00e4hrend des Essens haben Sie einen Blick auf die Kirche, schauen in die K\u00fcche, wo die Gerichte vor Ihren Augen zubereitet werden.","breadcrumb":{"@id":"https:\/\/the-church.nl\/de\/essen\/privat-essen\/#breadcrumb"},"inLanguage":"de","potentialAction":[{"@type":"ReadAction","target":["https:\/\/the-church.nl\/de\/essen\/privat-essen\/"]}]},{"@type":"BreadcrumbList","@id":"https:\/\/the-church.nl\/de\/essen\/privat-essen\/#breadcrumb","itemListElement":[{"@type":"ListItem","position":1,"name":"Home","item":"https:\/\/the-church.nl\/de\/"},{"@type":"ListItem","position":2,"name":"Essen","item":"https:\/\/the-church.nl\/de\/essen\/"},{"@type":"ListItem","position":3,"name":"Privat essen"}]},{"@type":"WebSite","@id":"https:\/\/the-church.nl\/de\/#website","url":"https:\/\/the-church.nl\/de\/","name":"The Church","description":"Heaven for your senses","potentialAction":[{"@type":"SearchAction","target":{"@type":"EntryPoint","urlTemplate":"https:\/\/the-church.nl\/de\/?s={search_term_string}"},"query-input":{"@type":"PropertyValueSpecification","valueRequired":true,"valueName":"search_term_string"}}],"inLanguage":"de"}]}},"_links":{"self":[{"href":"https:\/\/the-church.nl\/de\/wp-json\/wp\/v2\/pages\/11733","targetHints":{"allow":["GET"]}}],"collection":[{"href":"https:\/\/the-church.nl\/de\/wp-json\/wp\/v2\/pages"}],"about":[{"href":"https:\/\/the-church.nl\/de\/wp-json\/wp\/v2\/types\/page"}],"author":[{"embeddable":true,"href":"https:\/\/the-church.nl\/de\/wp-json\/wp\/v2\/users\/6"}],"replies":[{"embeddable":true,"href":"https:\/\/the-church.nl\/de\/wp-json\/wp\/v2\/comments?post=11733"}],"version-history":[{"count":2,"href":"https:\/\/the-church.nl\/de\/wp-json\/wp\/v2\/pages\/11733\/revisions"}],"predecessor-version":[{"id":11738,"href":"https:\/\/the-church.nl\/de\/wp-json\/wp\/v2\/pages\/11733\/revisions\/11738"}],"up":[{"embeddable":true,"href":"https:\/\/the-church.nl\/de\/wp-json\/wp\/v2\/pages\/11618"}],"wp:attachment":[{"href":"https:\/\/the-church.nl\/de\/wp-json\/wp\/v2\/media?parent=11733"}],"curies":[{"name":"wp","href":"https:\/\/api.w.org\/{rel}","templated":true}]}}