{"id":11735,"date":"2023-04-09T10:24:27","date_gmt":"2023-04-09T10:24:27","guid":{"rendered":"https:\/\/the-church.nl\/contact\/geschichte\/"},"modified":"2023-04-09T10:24:28","modified_gmt":"2023-04-09T10:24:28","slug":"geschichte","status":"publish","type":"page","link":"https:\/\/the-church.nl\/de\/contact\/geschichte\/","title":{"rendered":"Geschichte"},"content":{"rendered":"<section class=\"wpb-content-wrapper\"><p>[vc_row css_animation=&#8220;&#8220; row_type=&#8220;row&#8220; use_row_as_full_screen_section=&#8220;yes&#8220; type=&#8220;full_width&#8220; angled_section=&#8220;no&#8220; text_align=&#8220;center&#8220; background_image_as_pattern=&#8220;without_pattern&#8220; z_index=&#8220;&#8220; css=&#8220;.vc_custom_1677801802393{margin-bottom: 200px !important;}&#8220; background_image=&#8220;11044&#8243; side_padding=&#8220;10%&#8220; padding_top=&#8220;40%&#8220; padding_bottom=&#8220;40%&#8220;][vc_column css=&#8220;.vc_custom_1677753625052{padding-top: 400px !important;padding-bottom: 400px !important;}&#8220;][vc_column_text]<\/p>\n<h1 style=\"color: #ffffff; text-align: center;\">Geschichte<\/h1>\n<p>[\/vc_column_text][vc_separator type=&#8220;small&#8220; position=&#8220;center&#8220; color=&#8220;#ffffff&#8220; transparency=&#8220;0.5&#8243; down=&#8220;35&#8243;][\/vc_column][\/vc_row][vc_row css_animation=&#8220;&#8220; row_type=&#8220;row&#8220; use_row_as_full_screen_section=&#8220;no&#8220; type=&#8220;grid&#8220; angled_section=&#8220;no&#8220; text_align=&#8220;left&#8220; background_image_as_pattern=&#8220;without_pattern&#8220; z_index=&#8220;&#8220;][vc_column][vc_column_text]Die evangelisch-lutherische Kirche an der Spoorwegstraat wurde 1897-1898 erbaut, nachdem die kleine Kirche am Korenmarkt (ehemaliges Lagerhaus &#8222;the Bontenborch&#8220;, Nationaldenkmal) zu klein geworden war. Der Entwurf vom September 1896 im neugotischen Stil stammt von dem Ingenieur A.R. FREEM (1853-1921). Auch die K\u00fcsterwohnung zeigt Einfl\u00fcsse der Neorenaissance. Jahrelang wurde es von der lutherischen Kirche f\u00fcr ihre Gottesdienste genutzt.<span class=\"Apple-converted-space\"> <\/span>[\/vc_column_text][vc_empty_space height=&#8220;20px&#8220;][vc_gallery type=&#8220;image_grid&#8220; images=&#8220;1025,1016,1001&#8243; img_size=&#8220;400&#215;400&#8243; column_number=&#8220;3&#8243; grayscale=&#8220;no&#8220; images_space=&#8220;gallery_without_space&#8220;][vc_empty_space height=&#8220;20px&#8220;][\/vc_column][\/vc_row][vc_row css_animation=&#8220;&#8220; row_type=&#8220;row&#8220; use_row_as_full_screen_section=&#8220;no&#8220; type=&#8220;grid&#8220; angled_section=&#8220;no&#8220; text_align=&#8220;left&#8220; background_image_as_pattern=&#8220;without_pattern&#8220; z_index=&#8220;&#8220;][vc_column][vc_column_text]Als jedoch bekannt wurde, dass sich die Kirchengemeinde die Instandhaltung nicht mehr leisten konnte und das Geb\u00e4ude daher 2017 seiner Funktion enthoben werden sollte, ergriff die Arnheimer Unternehmerin Kreger ihre Chance. Die Kirche war der Ort f\u00fcr das Gastfreundschaftskonzept, von dem sie seit Jahren getr\u00e4umt hatte. Au\u00dferdem sah sie dieses kulturelle Erbe als ultimatives Sprungbrett f\u00fcr das benachbarte Modeviertel. Mit einem Gastronomie-Hotspot in der ehemaligen Kirche soll es Kunden aus dem Stadtzentrum in das hippe und multikulturelle Modekwartier locken. Das liegt daran, dass die Vorderseite der Kirche auf das Stadtzentrum ausgerichtet ist und die R\u00fcckseite auf das Modeviertel, in dem Designer ihre Ateliers und Gesch\u00e4fte haben.<span class=\"Apple-converted-space\"> <\/span>[\/vc_column_text][vc_empty_space height=&#8220;20px&#8220;][vc_gallery type=&#8220;image_grid&#8220; images=&#8220;1004,998,1013&#8243; img_size=&#8220;400&#215;400&#8243; column_number=&#8220;3&#8243; grayscale=&#8220;no&#8220; images_space=&#8220;gallery_without_space&#8220;][vc_empty_space height=&#8220;20px&#8220;][\/vc_column][\/vc_row][vc_row css_animation=&#8220;&#8220; row_type=&#8220;row&#8220; use_row_as_full_screen_section=&#8220;no&#8220; type=&#8220;grid&#8220; angled_section=&#8220;no&#8220; text_align=&#8220;left&#8220; background_image_as_pattern=&#8220;without_pattern&#8220; z_index=&#8220;&#8220;][vc_column][vc_column_text]Bis Ende 2022 werden die Gastgewerbeunternehmer der HIMplus-Gruppe und Bart&amp;Janiek ihre Kr\u00e4fte b\u00fcndeln, um ihren Traum zu verwirklichen und die Lutherse kerk zum Hotspot von Arnheim zu machen.[\/vc_column_text][\/vc_column][\/vc_row]<\/p>\n<\/section>","protected":false},"excerpt":{"rendered":"<p>[vc_row css_animation=&#8220;&#8220; row_type=&#8220;row&#8220; use_row_as_full_screen_section=&#8220;yes&#8220; type=&#8220;full_width&#8220; angled_section=&#8220;no&#8220; text_align=&#8220;center&#8220; background_image_as_pattern=&#8220;without_pattern&#8220; z_index=&#8220;&#8220; css=&#8220;.vc_custom_1677801802393{margin-bottom: 200px !important;}&#8220; background_image=&#8220;11044&#8243; side_padding=&#8220;10%&#8220; padding_top=&#8220;40%&#8220; padding_bottom=&#8220;40%&#8220;][vc_column css=&#8220;.vc_custom_1677753625052{padding-top: 400px !important;padding-bottom: 400px !important;}&#8220;][vc_column_text] Geschichte [\/vc_column_text][vc_separator type=&#8220;small&#8220; position=&#8220;center&#8220; color=&#8220;#ffffff&#8220; transparency=&#8220;0.5&#8243; down=&#8220;35&#8243;][\/vc_column][\/vc_row][vc_row css_animation=&#8220;&#8220; row_type=&#8220;row&#8220; use_row_as_full_screen_section=&#8220;no&#8220; type=&#8220;grid&#8220; angled_section=&#8220;no&#8220; text_align=&#8220;left&#8220; background_image_as_pattern=&#8220;without_pattern&#8220; z_index=&#8220;&#8220;][vc_column][vc_column_text]Die evangelisch-lutherische Kirche an der Spoorwegstraat wurde 1897-1898 erbaut, nachdem die kleine Kirche am Korenmarkt&#8230;<\/p>\n","protected":false},"author":1,"featured_media":0,"parent":3078,"menu_order":0,"comment_status":"closed","ping_status":"closed","template":"","meta":{"footnotes":""},"class_list":["post-11735","page","type-page","status-publish","hentry"],"yoast_head":"<!-- This site is optimized with the Yoast SEO plugin v25.0 - https:\/\/yoast.com\/wordpress\/plugins\/seo\/ -->\n<title>Geschichte - The Church<\/title>\n<meta name=\"robots\" content=\"index, follow, max-snippet:-1, max-image-preview:large, max-video-preview:-1\" \/>\n<link rel=\"canonical\" href=\"https:\/\/the-church.nl\/de\/contact\/geschichte\/\" \/>\n<meta property=\"og:locale\" content=\"de_DE\" \/>\n<meta property=\"og:type\" content=\"article\" \/>\n<meta property=\"og:title\" content=\"Geschichte - The Church\" \/>\n<meta property=\"og:description\" content=\"[vc_row css_animation=&#8220;&#8220; row_type=&#8220;row&#8220; use_row_as_full_screen_section=&#8220;yes&#8220; type=&#8220;full_width&#8220; angled_section=&#8220;no&#8220; text_align=&#8220;center&#8220; background_image_as_pattern=&#8220;without_pattern&#8220; z_index=&#8220;&#8220; css=&#8220;.vc_custom_1677801802393{margin-bottom: 200px !important;}&#8220; background_image=&#8220;11044&#8243; side_padding=&#8220;10%&#8220; padding_top=&#8220;40%&#8220; padding_bottom=&#8220;40%&#8220;][vc_column css=&#8220;.vc_custom_1677753625052{padding-top: 400px !important;padding-bottom: 400px !important;}&#8220;][vc_column_text] Geschichte [\/vc_column_text][vc_separator type=&#8220;small&#8220; position=&#8220;center&#8220; color=&#8220;#ffffff&#8220; transparency=&#8220;0.5&#8243; down=&#8220;35&#8243;][\/vc_column][\/vc_row][vc_row css_animation=&#8220;&#8220; row_type=&#8220;row&#8220; use_row_as_full_screen_section=&#8220;no&#8220; type=&#8220;grid&#8220; angled_section=&#8220;no&#8220; text_align=&#8220;left&#8220; background_image_as_pattern=&#8220;without_pattern&#8220; z_index=&#8220;&#8220;][vc_column][vc_column_text]Die evangelisch-lutherische Kirche an der Spoorwegstraat wurde 1897-1898 erbaut, nachdem die kleine Kirche am Korenmarkt...\" \/>\n<meta property=\"og:url\" content=\"https:\/\/the-church.nl\/de\/contact\/geschichte\/\" \/>\n<meta property=\"og:site_name\" content=\"The Church\" \/>\n<meta property=\"article:modified_time\" content=\"2023-04-09T10:24:28+00:00\" \/>\n<meta name=\"twitter:card\" content=\"summary_large_image\" \/>\n<meta name=\"twitter:label1\" content=\"Gesch\u00e4tzte Lesezeit\" \/>\n\t<meta name=\"twitter:data1\" content=\"2\u00a0Minuten\" \/>\n<script type=\"application\/ld+json\" class=\"yoast-schema-graph\">{\"@context\":\"https:\/\/schema.org\",\"@graph\":[{\"@type\":\"WebPage\",\"@id\":\"https:\/\/the-church.nl\/de\/contact\/geschichte\/\",\"url\":\"https:\/\/the-church.nl\/de\/contact\/geschichte\/\",\"name\":\"Geschichte - The Church\",\"isPartOf\":{\"@id\":\"https:\/\/the-church.nl\/de\/#website\"},\"datePublished\":\"2023-04-09T10:24:27+00:00\",\"dateModified\":\"2023-04-09T10:24:28+00:00\",\"breadcrumb\":{\"@id\":\"https:\/\/the-church.nl\/de\/contact\/geschichte\/#breadcrumb\"},\"inLanguage\":\"de\",\"potentialAction\":[{\"@type\":\"ReadAction\",\"target\":[\"https:\/\/the-church.nl\/de\/contact\/geschichte\/\"]}]},{\"@type\":\"BreadcrumbList\",\"@id\":\"https:\/\/the-church.nl\/de\/contact\/geschichte\/#breadcrumb\",\"itemListElement\":[{\"@type\":\"ListItem\",\"position\":1,\"name\":\"Home\",\"item\":\"https:\/\/the-church.nl\/de\/\"},{\"@type\":\"ListItem\",\"position\":2,\"name\":\"Kontakt\",\"item\":\"https:\/\/the-church.nl\/de\/contact\/\"},{\"@type\":\"ListItem\",\"position\":3,\"name\":\"Geschichte\"}]},{\"@type\":\"WebSite\",\"@id\":\"https:\/\/the-church.nl\/de\/#website\",\"url\":\"https:\/\/the-church.nl\/de\/\",\"name\":\"The Church\",\"description\":\"Heaven for your senses\",\"potentialAction\":[{\"@type\":\"SearchAction\",\"target\":{\"@type\":\"EntryPoint\",\"urlTemplate\":\"https:\/\/the-church.nl\/de\/?s={search_term_string}\"},\"query-input\":{\"@type\":\"PropertyValueSpecification\",\"valueRequired\":true,\"valueName\":\"search_term_string\"}}],\"inLanguage\":\"de\"}]}<\/script>\n<!-- \/ Yoast SEO plugin. -->","yoast_head_json":{"title":"Geschichte - The Church","robots":{"index":"index","follow":"follow","max-snippet":"max-snippet:-1","max-image-preview":"max-image-preview:large","max-video-preview":"max-video-preview:-1"},"canonical":"https:\/\/the-church.nl\/de\/contact\/geschichte\/","og_locale":"de_DE","og_type":"article","og_title":"Geschichte - The Church","og_description":"[vc_row css_animation=&#8220;&#8220; row_type=&#8220;row&#8220; use_row_as_full_screen_section=&#8220;yes&#8220; type=&#8220;full_width&#8220; angled_section=&#8220;no&#8220; text_align=&#8220;center&#8220; background_image_as_pattern=&#8220;without_pattern&#8220; z_index=&#8220;&#8220; css=&#8220;.vc_custom_1677801802393{margin-bottom: 200px !important;}&#8220; background_image=&#8220;11044&#8243; side_padding=&#8220;10%&#8220; padding_top=&#8220;40%&#8220; padding_bottom=&#8220;40%&#8220;][vc_column css=&#8220;.vc_custom_1677753625052{padding-top: 400px !important;padding-bottom: 400px !important;}&#8220;][vc_column_text] Geschichte [\/vc_column_text][vc_separator type=&#8220;small&#8220; position=&#8220;center&#8220; color=&#8220;#ffffff&#8220; transparency=&#8220;0.5&#8243; down=&#8220;35&#8243;][\/vc_column][\/vc_row][vc_row css_animation=&#8220;&#8220; row_type=&#8220;row&#8220; use_row_as_full_screen_section=&#8220;no&#8220; type=&#8220;grid&#8220; angled_section=&#8220;no&#8220; text_align=&#8220;left&#8220; background_image_as_pattern=&#8220;without_pattern&#8220; z_index=&#8220;&#8220;][vc_column][vc_column_text]Die evangelisch-lutherische Kirche an der Spoorwegstraat wurde 1897-1898 erbaut, nachdem die kleine Kirche am Korenmarkt...","og_url":"https:\/\/the-church.nl\/de\/contact\/geschichte\/","og_site_name":"The Church","article_modified_time":"2023-04-09T10:24:28+00:00","twitter_card":"summary_large_image","twitter_misc":{"Gesch\u00e4tzte Lesezeit":"2\u00a0Minuten"},"schema":{"@context":"https:\/\/schema.org","@graph":[{"@type":"WebPage","@id":"https:\/\/the-church.nl\/de\/contact\/geschichte\/","url":"https:\/\/the-church.nl\/de\/contact\/geschichte\/","name":"Geschichte - The Church","isPartOf":{"@id":"https:\/\/the-church.nl\/de\/#website"},"datePublished":"2023-04-09T10:24:27+00:00","dateModified":"2023-04-09T10:24:28+00:00","breadcrumb":{"@id":"https:\/\/the-church.nl\/de\/contact\/geschichte\/#breadcrumb"},"inLanguage":"de","potentialAction":[{"@type":"ReadAction","target":["https:\/\/the-church.nl\/de\/contact\/geschichte\/"]}]},{"@type":"BreadcrumbList","@id":"https:\/\/the-church.nl\/de\/contact\/geschichte\/#breadcrumb","itemListElement":[{"@type":"ListItem","position":1,"name":"Home","item":"https:\/\/the-church.nl\/de\/"},{"@type":"ListItem","position":2,"name":"Kontakt","item":"https:\/\/the-church.nl\/de\/contact\/"},{"@type":"ListItem","position":3,"name":"Geschichte"}]},{"@type":"WebSite","@id":"https:\/\/the-church.nl\/de\/#website","url":"https:\/\/the-church.nl\/de\/","name":"The Church","description":"Heaven for your senses","potentialAction":[{"@type":"SearchAction","target":{"@type":"EntryPoint","urlTemplate":"https:\/\/the-church.nl\/de\/?s={search_term_string}"},"query-input":{"@type":"PropertyValueSpecification","valueRequired":true,"valueName":"search_term_string"}}],"inLanguage":"de"}]}},"_links":{"self":[{"href":"https:\/\/the-church.nl\/de\/wp-json\/wp\/v2\/pages\/11735","targetHints":{"allow":["GET"]}}],"collection":[{"href":"https:\/\/the-church.nl\/de\/wp-json\/wp\/v2\/pages"}],"about":[{"href":"https:\/\/the-church.nl\/de\/wp-json\/wp\/v2\/types\/page"}],"author":[{"embeddable":true,"href":"https:\/\/the-church.nl\/de\/wp-json\/wp\/v2\/users\/1"}],"replies":[{"embeddable":true,"href":"https:\/\/the-church.nl\/de\/wp-json\/wp\/v2\/comments?post=11735"}],"version-history":[{"count":2,"href":"https:\/\/the-church.nl\/de\/wp-json\/wp\/v2\/pages\/11735\/revisions"}],"predecessor-version":[{"id":11742,"href":"https:\/\/the-church.nl\/de\/wp-json\/wp\/v2\/pages\/11735\/revisions\/11742"}],"up":[{"embeddable":true,"href":"https:\/\/the-church.nl\/de\/wp-json\/wp\/v2\/pages\/3078"}],"wp:attachment":[{"href":"https:\/\/the-church.nl\/de\/wp-json\/wp\/v2\/media?parent=11735"}],"curies":[{"name":"wp","href":"https:\/\/api.w.org\/{rel}","templated":true}]}}