{"id":11752,"date":"2023-04-09T10:24:31","date_gmt":"2023-04-09T10:24:31","guid":{"rendered":"https:\/\/the-church.nl\/lebensmittel\/champagner-brunch\/"},"modified":"2024-08-29T07:55:54","modified_gmt":"2024-08-29T07:55:54","slug":"champagner-brunch","status":"publish","type":"page","link":"https:\/\/the-church.nl\/de\/essen\/champagner-brunch\/","title":{"rendered":"Champagner-Brunch"},"content":{"rendered":"<section class=\"wpb-content-wrapper\"><p>[vc_row css_animation=&#8220;&#8220; row_type=&#8220;row&#8220; use_row_as_full_screen_section=&#8220;yes&#8220; type=&#8220;full_width&#8220; angled_section=&#8220;no&#8220; text_align=&#8220;center&#8220; background_image_as_pattern=&#8220;without_pattern&#8220; z_index=&#8220;&#8220; css=&#8220;.vc_custom_1680077564353{margin-bottom: 75px !important;}&#8220; background_image=&#8220;11391&#8243; side_padding=&#8220;10%&#8220; padding_top=&#8220;40%&#8220; padding_bottom=&#8220;40%&#8220;][vc_column css=&#8220;.vc_custom_1677800397831{padding-top: 300px !important;padding-bottom: 300px !important;}&#8220;][vc_column_text]<\/p>\n<h1 style=\"color: #ffffff; text-align: center;\">Champagner-Brunch<\/h1>\n<p>[\/vc_column_text][vc_separator type=&#8220;small&#8220; position=&#8220;center&#8220; color=&#8220;#ffffff&#8220; transparency=&#8220;0.5&#8243; down=&#8220;35&#8243;][\/vc_column][\/vc_row][vc_row css_animation=&#8220;&#8220; row_type=&#8220;row&#8220; use_row_as_full_screen_section=&#8220;no&#8220; type=&#8220;grid&#8220; angled_section=&#8220;no&#8220; text_align=&#8220;left&#8220; background_image_as_pattern=&#8220;without_pattern&#8220; z_index=&#8220;&#8220;][vc_column width=&#8220;2\/3&#8243;][vc_column_text]<\/p>\n<h3>&#8222;Ein Brunch ohne Champagner ist ein trauriges Fr\u00fchst\u00fcck&#8220;<\/h3>\n<p>[\/vc_column_text][vc_empty_space height=&#8220;20px&#8220;][vc_column_text]Zweimal im Monat k\u00f6nnen Sie sonntags einen heilsamen Champagner-Brunch in The Church genie\u00dfen! Das ist das wahre Sonntagsgef\u00fchl. Unser K\u00fcchenteam wird Sie mit sechs kleinen Gerichten \u00fcberraschen. Diese reichen von echten Brunch-Klassikern bis hin zu den Lieblingsgerichten von The Church. Das Men\u00fc kann w\u00f6chentlich variieren. Die K\u00fcche unter der Leitung von Chefkoch Bart bereitet eine geschmackvolle Kombination von Gerichten zu. Ein Champagner-Brunch im The Church ist also immer wieder eine \u00dcberraschung! Der Champagnerbrunch wird in mehreren G\u00e4ngen serviert. Nat\u00fcrlich darf bei diesem Brunch ein Glas Champagner nicht fehlen. Ein Glas Champagner pro Person ist inbegriffen. Prost auf den Sonntag! Reservierungen k\u00f6nnen Sie vornehmen, indem Sie auf die Schaltfl\u00e4che unten klicken und einen Sonntag Ihrer Wahl ausw\u00e4hlen. Die \u00d6ffnungszeiten f\u00fcr den Champagner-Brunch sind zwischen 11:30 und 12:30 Uhr.[\/vc_column_text][vc_empty_space height=&#8220;25px&#8220;][vc_column_text]<strong>65 \u20ac pro Person inklusive einem Glas Champagner<\/strong>[\/vc_column_text][vc_empty_space height=&#8220;25px&#8220;]<a  itemprop=\"url\" href=\"https:\/\/the-church.nl\/de\/essen\/champagner-brunch\/?ft-ticket=3635dbda\" target=\"_self\"  class=\"qbutton  default\" style=\"\">Buchen Sie Ihren Champagner-Brunch<\/a>[vc_empty_space][\/vc_column][\/vc_row]<\/p>\n<\/section>","protected":false},"excerpt":{"rendered":"<p>[vc_row css_animation=&#8220;&#8220; row_type=&#8220;row&#8220; use_row_as_full_screen_section=&#8220;yes&#8220; type=&#8220;full_width&#8220; angled_section=&#8220;no&#8220; text_align=&#8220;center&#8220; background_image_as_pattern=&#8220;without_pattern&#8220; z_index=&#8220;&#8220; css=&#8220;.vc_custom_1680077564353{margin-bottom: 75px !important;}&#8220; background_image=&#8220;11391&#8243; side_padding=&#8220;10%&#8220; padding_top=&#8220;40%&#8220; padding_bottom=&#8220;40%&#8220;][vc_column css=&#8220;.vc_custom_1677800397831{padding-top: 300px !important;padding-bottom: 300px !important;}&#8220;][vc_column_text] Champagner-Brunch [\/vc_column_text][vc_separator type=&#8220;small&#8220; position=&#8220;center&#8220; color=&#8220;#ffffff&#8220; transparency=&#8220;0.5&#8243; down=&#8220;35&#8243;][\/vc_column][\/vc_row][vc_row css_animation=&#8220;&#8220; row_type=&#8220;row&#8220; use_row_as_full_screen_section=&#8220;no&#8220; type=&#8220;grid&#8220; angled_section=&#8220;no&#8220; text_align=&#8220;left&#8220; background_image_as_pattern=&#8220;without_pattern&#8220; z_index=&#8220;&#8220;][vc_column width=&#8220;2\/3&#8243;][vc_column_text] &#8222;Ein Brunch ohne Champagner ist ein trauriges Fr\u00fchst\u00fcck&#8220; [\/vc_column_text][vc_empty_space height=&#8220;20px&#8220;][vc_column_text]Zweimal im Monat k\u00f6nnen&#8230;<\/p>\n","protected":false},"author":1,"featured_media":0,"parent":11618,"menu_order":0,"comment_status":"closed","ping_status":"closed","template":"full_width.php","meta":{"footnotes":""},"class_list":["post-11752","page","type-page","status-publish","hentry"],"yoast_head":"<!-- This site is optimized with the Yoast SEO plugin v25.0 - https:\/\/yoast.com\/wordpress\/plugins\/seo\/ -->\n<title>Champagner-Brunch - The Church<\/title>\n<meta name=\"description\" content=\"Jeden Sonntag k\u00f6nnen Sie in The Church einen heilsamen Champagner-Brunch genie\u00dfen! Das ist das wahre Sonntagsgef\u00fchl. Unser K\u00fcchenpersonal wird Sie mit sechs kleinen Gerichten \u00fcberraschen.\" \/>\n<meta name=\"robots\" content=\"index, follow, max-snippet:-1, max-image-preview:large, max-video-preview:-1\" \/>\n<link rel=\"canonical\" href=\"https:\/\/the-church.nl\/de\/essen\/champagner-brunch\/\" \/>\n<meta property=\"og:locale\" content=\"de_DE\" \/>\n<meta property=\"og:type\" content=\"article\" \/>\n<meta property=\"og:title\" content=\"Champagner-Brunch - The Church\" \/>\n<meta property=\"og:description\" content=\"Jeden Sonntag k\u00f6nnen Sie in The Church einen heilsamen Champagner-Brunch genie\u00dfen! Das ist das wahre Sonntagsgef\u00fchl. Unser K\u00fcchenpersonal wird Sie mit sechs kleinen Gerichten \u00fcberraschen.\" \/>\n<meta property=\"og:url\" content=\"https:\/\/the-church.nl\/de\/essen\/champagner-brunch\/\" \/>\n<meta property=\"og:site_name\" content=\"The Church\" \/>\n<meta property=\"article:modified_time\" content=\"2024-08-29T07:55:54+00:00\" \/>\n<meta name=\"twitter:card\" content=\"summary_large_image\" \/>\n<meta name=\"twitter:label1\" content=\"Gesch\u00e4tzte Lesezeit\" \/>\n\t<meta name=\"twitter:data1\" content=\"1\u00a0Minute\" \/>\n<script type=\"application\/ld+json\" class=\"yoast-schema-graph\">{\"@context\":\"https:\/\/schema.org\",\"@graph\":[{\"@type\":\"WebPage\",\"@id\":\"https:\/\/the-church.nl\/de\/essen\/champagner-brunch\/\",\"url\":\"https:\/\/the-church.nl\/de\/essen\/champagner-brunch\/\",\"name\":\"Champagner-Brunch - The Church\",\"isPartOf\":{\"@id\":\"https:\/\/the-church.nl\/de\/#website\"},\"datePublished\":\"2023-04-09T10:24:31+00:00\",\"dateModified\":\"2024-08-29T07:55:54+00:00\",\"description\":\"Jeden Sonntag k\u00f6nnen Sie in The Church einen heilsamen Champagner-Brunch genie\u00dfen! Das ist das wahre Sonntagsgef\u00fchl. Unser K\u00fcchenpersonal wird Sie mit sechs kleinen Gerichten \u00fcberraschen.\",\"breadcrumb\":{\"@id\":\"https:\/\/the-church.nl\/de\/essen\/champagner-brunch\/#breadcrumb\"},\"inLanguage\":\"de\",\"potentialAction\":[{\"@type\":\"ReadAction\",\"target\":[\"https:\/\/the-church.nl\/de\/essen\/champagner-brunch\/\"]}]},{\"@type\":\"BreadcrumbList\",\"@id\":\"https:\/\/the-church.nl\/de\/essen\/champagner-brunch\/#breadcrumb\",\"itemListElement\":[{\"@type\":\"ListItem\",\"position\":1,\"name\":\"Home\",\"item\":\"https:\/\/the-church.nl\/de\/\"},{\"@type\":\"ListItem\",\"position\":2,\"name\":\"Essen\",\"item\":\"https:\/\/the-church.nl\/de\/essen\/\"},{\"@type\":\"ListItem\",\"position\":3,\"name\":\"Champagner-Brunch\"}]},{\"@type\":\"WebSite\",\"@id\":\"https:\/\/the-church.nl\/de\/#website\",\"url\":\"https:\/\/the-church.nl\/de\/\",\"name\":\"The Church\",\"description\":\"Heaven for your senses\",\"potentialAction\":[{\"@type\":\"SearchAction\",\"target\":{\"@type\":\"EntryPoint\",\"urlTemplate\":\"https:\/\/the-church.nl\/de\/?s={search_term_string}\"},\"query-input\":{\"@type\":\"PropertyValueSpecification\",\"valueRequired\":true,\"valueName\":\"search_term_string\"}}],\"inLanguage\":\"de\"}]}<\/script>\n<!-- \/ Yoast SEO plugin. -->","yoast_head_json":{"title":"Champagner-Brunch - The Church","description":"Jeden Sonntag k\u00f6nnen Sie in The Church einen heilsamen Champagner-Brunch genie\u00dfen! Das ist das wahre Sonntagsgef\u00fchl. Unser K\u00fcchenpersonal wird Sie mit sechs kleinen Gerichten \u00fcberraschen.","robots":{"index":"index","follow":"follow","max-snippet":"max-snippet:-1","max-image-preview":"max-image-preview:large","max-video-preview":"max-video-preview:-1"},"canonical":"https:\/\/the-church.nl\/de\/essen\/champagner-brunch\/","og_locale":"de_DE","og_type":"article","og_title":"Champagner-Brunch - The Church","og_description":"Jeden Sonntag k\u00f6nnen Sie in The Church einen heilsamen Champagner-Brunch genie\u00dfen! Das ist das wahre Sonntagsgef\u00fchl. Unser K\u00fcchenpersonal wird Sie mit sechs kleinen Gerichten \u00fcberraschen.","og_url":"https:\/\/the-church.nl\/de\/essen\/champagner-brunch\/","og_site_name":"The Church","article_modified_time":"2024-08-29T07:55:54+00:00","twitter_card":"summary_large_image","twitter_misc":{"Gesch\u00e4tzte Lesezeit":"1\u00a0Minute"},"schema":{"@context":"https:\/\/schema.org","@graph":[{"@type":"WebPage","@id":"https:\/\/the-church.nl\/de\/essen\/champagner-brunch\/","url":"https:\/\/the-church.nl\/de\/essen\/champagner-brunch\/","name":"Champagner-Brunch - The Church","isPartOf":{"@id":"https:\/\/the-church.nl\/de\/#website"},"datePublished":"2023-04-09T10:24:31+00:00","dateModified":"2024-08-29T07:55:54+00:00","description":"Jeden Sonntag k\u00f6nnen Sie in The Church einen heilsamen Champagner-Brunch genie\u00dfen! Das ist das wahre Sonntagsgef\u00fchl. Unser K\u00fcchenpersonal wird Sie mit sechs kleinen Gerichten \u00fcberraschen.","breadcrumb":{"@id":"https:\/\/the-church.nl\/de\/essen\/champagner-brunch\/#breadcrumb"},"inLanguage":"de","potentialAction":[{"@type":"ReadAction","target":["https:\/\/the-church.nl\/de\/essen\/champagner-brunch\/"]}]},{"@type":"BreadcrumbList","@id":"https:\/\/the-church.nl\/de\/essen\/champagner-brunch\/#breadcrumb","itemListElement":[{"@type":"ListItem","position":1,"name":"Home","item":"https:\/\/the-church.nl\/de\/"},{"@type":"ListItem","position":2,"name":"Essen","item":"https:\/\/the-church.nl\/de\/essen\/"},{"@type":"ListItem","position":3,"name":"Champagner-Brunch"}]},{"@type":"WebSite","@id":"https:\/\/the-church.nl\/de\/#website","url":"https:\/\/the-church.nl\/de\/","name":"The Church","description":"Heaven for your senses","potentialAction":[{"@type":"SearchAction","target":{"@type":"EntryPoint","urlTemplate":"https:\/\/the-church.nl\/de\/?s={search_term_string}"},"query-input":{"@type":"PropertyValueSpecification","valueRequired":true,"valueName":"search_term_string"}}],"inLanguage":"de"}]}},"_links":{"self":[{"href":"https:\/\/the-church.nl\/de\/wp-json\/wp\/v2\/pages\/11752","targetHints":{"allow":["GET"]}}],"collection":[{"href":"https:\/\/the-church.nl\/de\/wp-json\/wp\/v2\/pages"}],"about":[{"href":"https:\/\/the-church.nl\/de\/wp-json\/wp\/v2\/types\/page"}],"author":[{"embeddable":true,"href":"https:\/\/the-church.nl\/de\/wp-json\/wp\/v2\/users\/1"}],"replies":[{"embeddable":true,"href":"https:\/\/the-church.nl\/de\/wp-json\/wp\/v2\/comments?post=11752"}],"version-history":[{"count":6,"href":"https:\/\/the-church.nl\/de\/wp-json\/wp\/v2\/pages\/11752\/revisions"}],"predecessor-version":[{"id":12928,"href":"https:\/\/the-church.nl\/de\/wp-json\/wp\/v2\/pages\/11752\/revisions\/12928"}],"up":[{"embeddable":true,"href":"https:\/\/the-church.nl\/de\/wp-json\/wp\/v2\/pages\/11618"}],"wp:attachment":[{"href":"https:\/\/the-church.nl\/de\/wp-json\/wp\/v2\/media?parent=11752"}],"curies":[{"name":"wp","href":"https:\/\/api.w.org\/{rel}","templated":true}]}}