{"id":11755,"date":"2023-04-09T10:24:32","date_gmt":"2023-04-09T10:24:32","guid":{"rendered":"https:\/\/the-church.nl\/veranstaltungen-und-treffen\/"},"modified":"2023-04-09T10:24:32","modified_gmt":"2023-04-09T10:24:32","slug":"veranstaltungen-und-treffen","status":"publish","type":"page","link":"https:\/\/the-church.nl\/de\/veranstaltungen-und-treffen\/","title":{"rendered":"Veranstaltungen und Treffen"},"content":{"rendered":"<section class=\"wpb-content-wrapper\"><p>[vc_row css_animation=&#8220;&#8220; row_type=&#8220;row&#8220; use_row_as_full_screen_section=&#8220;yes&#8220; type=&#8220;full_width&#8220; angled_section=&#8220;no&#8220; text_align=&#8220;center&#8220; background_image_as_pattern=&#8220;without_pattern&#8220; z_index=&#8220;&#8220; css=&#8220;.vc_custom_1679473375736{margin-bottom: 75px !important;}&#8220; background_image=&#8220;11322&#8243; side_padding=&#8220;10%&#8220; padding_top=&#8220;40%&#8220; padding_bottom=&#8220;40%&#8220;][vc_column css=&#8220;.vc_custom_1677800397831{padding-top: 300px !important;padding-bottom: 300px !important;}&#8220;][vc_column_text]<\/p>\n<h1 style=\"color: #ffffff; text-align: center;\">Veranstaltungen und Treffen<\/h1>\n<p>[\/vc_column_text][vc_separator type=&#8220;small&#8220; position=&#8220;center&#8220; color=&#8220;#ffffff&#8220; transparency=&#8220;0.5&#8243; down=&#8220;35&#8243;][\/vc_column][\/vc_row][vc_row css_animation=&#8220;&#8220; row_type=&#8220;row&#8220; use_row_as_full_screen_section=&#8220;no&#8220; type=&#8220;full_width&#8220; angled_section=&#8220;no&#8220; text_align=&#8220;left&#8220; background_image_as_pattern=&#8220;without_pattern&#8220; css=&#8220;.vc_custom_1679474796725{padding-right: 20px !important;padding-left: 20px !important;}&#8220; z_index=&#8220;&#8220;][vc_column width=&#8220;2\/3&#8243;][vc_column_text]<\/p>\n<h3>Zusammenkommen in der Kirche<\/h3>\n<p>[\/vc_column_text][vc_empty_space height=&#8220;25px&#8220;][vc_column_text]F\u00fcr all Ihre Veranstaltungen und Treffen ist die Kirche der richtige Ort. Ob Sie nun einen inspirierenden Ort f\u00fcr Ihr n\u00e4chstes Gesch\u00e4ftstreffen, eine gem\u00fctliche Bar f\u00fcr Ihre Networking-Drinks oder eine einzigartige Hochzeitslocation suchen: Bei The Church sind Sie an der richtigen Adresse! Entdecken Sie unsere F\u00e4higkeiten.[\/vc_column_text][vc_empty_space height=&#8220;25px&#8220;][\/vc_column][\/vc_row][vc_row css_animation=&#8220;&#8220; row_type=&#8220;row&#8220; use_row_as_full_screen_section=&#8220;no&#8220; type=&#8220;full_width&#8220; angled_section=&#8220;no&#8220; text_align=&#8220;left&#8220; background_image_as_pattern=&#8220;without_pattern&#8220; css=&#8220;.vc_custom_1679474796725{padding-right: 20px !important;padding-left: 20px !important;}&#8220; z_index=&#8220;&#8220;][vc_column width=&#8220;1\/4&#8243;]<div class=\"qode-banner qode-banner-va-center\"><a class=\"qode-banner-link\" href=\"https:\/\/the-church.nl\/events-en-meetings\/zaken-doen\/\" target=\"_self\"><\/a><div class=\"qode-banner-image\"><img decoding=\"async\" itemprop=\"image\" src=\"https:\/\/the-church.nl\/wp-content\/uploads\/2023\/03\/IMG_2149-1-1-scaled.jpg\" alt=\"Events en meetings\" \/><\/div><div class=\"qode-banner-content\"><div class=\"qode-banner-content-inner\"><div class=\"qode-banner-text-holder\"><\/div><\/div><\/div><\/div>[vc_empty_space height=&#8220;25px&#8220;][\/vc_column][vc_column width=&#8220;1\/4&#8243;]<div class=\"qode-banner qode-banner-va-center\"><a class=\"qode-banner-link\" href=\"https:\/\/the-church.nl\/events-en-meetings\/feesten\/\" target=\"_self\"><\/a><div class=\"qode-banner-image\"><img decoding=\"async\" itemprop=\"image\" src=\"https:\/\/the-church.nl\/wp-content\/uploads\/2023\/03\/The_Church_opening_27.jpg\" alt=\"\" \/><\/div><div class=\"qode-banner-content\"><div class=\"qode-banner-content-inner\"><div class=\"qode-banner-text-holder\"><\/div><\/div><\/div><\/div>[vc_empty_space height=&#8220;25px&#8220;][\/vc_column][vc_column width=&#8220;1\/4&#8243;]<div class=\"qode-banner qode-banner-va-center\"><a class=\"qode-banner-link\" href=\"https:\/\/the-church.nl\/events-en-meetings\/trouwen\/\" target=\"_self\"><\/a><div class=\"qode-banner-image\"><img decoding=\"async\" itemprop=\"image\" src=\"https:\/\/the-church.nl\/wp-content\/uploads\/2023\/03\/Trouwen-The-Church-4.png\" alt=\"\" \/><\/div><div class=\"qode-banner-content\"><div class=\"qode-banner-content-inner\"><div class=\"qode-banner-text-holder\"><\/div><\/div><\/div><\/div>[vc_empty_space height=&#8220;25px&#8220;][\/vc_column][vc_column width=&#8220;1\/4&#8243;]<div class=\"qode-banner qode-banner-va-center\"><a class=\"qode-banner-link\" href=\"https:\/\/the-church.nl\/events-en-meetings\/borrelen\/\" target=\"_self\"><\/a><div class=\"qode-banner-image\"><img decoding=\"async\" itemprop=\"image\" src=\"https:\/\/the-church.nl\/wp-content\/uploads\/2023\/03\/Ontwerp-zonder-titel-2.png\" alt=\"\" \/><\/div><div class=\"qode-banner-content\"><div class=\"qode-banner-content-inner\"><div class=\"qode-banner-text-holder\"><\/div><\/div><\/div><\/div>[vc_empty_space height=&#8220;25px&#8220;][\/vc_column][\/vc_row]<\/p>\n<\/section>","protected":false},"excerpt":{"rendered":"<p>[vc_row css_animation=&#8220;&#8220; row_type=&#8220;row&#8220; use_row_as_full_screen_section=&#8220;yes&#8220; type=&#8220;full_width&#8220; angled_section=&#8220;no&#8220; text_align=&#8220;center&#8220; background_image_as_pattern=&#8220;without_pattern&#8220; z_index=&#8220;&#8220; css=&#8220;.vc_custom_1679473375736{margin-bottom: 75px !important;}&#8220; background_image=&#8220;11322&#8243; side_padding=&#8220;10%&#8220; padding_top=&#8220;40%&#8220; padding_bottom=&#8220;40%&#8220;][vc_column css=&#8220;.vc_custom_1677800397831{padding-top: 300px !important;padding-bottom: 300px !important;}&#8220;][vc_column_text] Veranstaltungen und Treffen [\/vc_column_text][vc_separator type=&#8220;small&#8220; position=&#8220;center&#8220; color=&#8220;#ffffff&#8220; transparency=&#8220;0.5&#8243; down=&#8220;35&#8243;][\/vc_column][\/vc_row][vc_row css_animation=&#8220;&#8220; row_type=&#8220;row&#8220; use_row_as_full_screen_section=&#8220;no&#8220; type=&#8220;full_width&#8220; angled_section=&#8220;no&#8220; text_align=&#8220;left&#8220; background_image_as_pattern=&#8220;without_pattern&#8220; css=&#8220;.vc_custom_1679474796725{padding-right: 20px !important;padding-left: 20px !important;}&#8220; z_index=&#8220;&#8220;][vc_column width=&#8220;2\/3&#8243;][vc_column_text] Zusammenkommen in der Kirche [\/vc_column_text][vc_empty_space height=&#8220;25px&#8220;][vc_column_text]F\u00fcr&#8230;<\/p>\n","protected":false},"author":1,"featured_media":0,"parent":0,"menu_order":0,"comment_status":"closed","ping_status":"closed","template":"","meta":{"footnotes":""},"class_list":["post-11755","page","type-page","status-publish","hentry"],"yoast_head":"<!-- This site is optimized with the Yoast SEO plugin v25.0 - https:\/\/yoast.com\/wordpress\/plugins\/seo\/ -->\n<title>Veranstaltungen und Treffen - The Church<\/title>\n<meta name=\"description\" content=\"F\u00fcr all Ihre Veranstaltungen und Treffen ist die Kirche der richtige Ort. Ob Sie nun einen inspirierenden Ort f\u00fcr Ihr n\u00e4chstes Gesch\u00e4ftstreffen, eine gem\u00fctliche Bar f\u00fcr Ihre Networking-Drinks oder eine einzigartige Hochzeitslocation suchen: Bei The Church sind Sie an der richtigen Adresse! Entdecken Sie unsere F\u00e4higkeiten.\" \/>\n<meta name=\"robots\" content=\"index, follow, max-snippet:-1, max-image-preview:large, max-video-preview:-1\" \/>\n<link rel=\"canonical\" href=\"https:\/\/the-church.nl\/de\/veranstaltungen-und-treffen\/\" \/>\n<meta property=\"og:locale\" content=\"de_DE\" \/>\n<meta property=\"og:type\" content=\"article\" \/>\n<meta property=\"og:title\" content=\"Veranstaltungen und Treffen - The Church\" \/>\n<meta property=\"og:description\" content=\"F\u00fcr all Ihre Veranstaltungen und Treffen ist die Kirche der richtige Ort. Ob Sie nun einen inspirierenden Ort f\u00fcr Ihr n\u00e4chstes Gesch\u00e4ftstreffen, eine gem\u00fctliche Bar f\u00fcr Ihre Networking-Drinks oder eine einzigartige Hochzeitslocation suchen: Bei The Church sind Sie an der richtigen Adresse! Entdecken Sie unsere F\u00e4higkeiten.\" \/>\n<meta property=\"og:url\" content=\"https:\/\/the-church.nl\/de\/veranstaltungen-und-treffen\/\" \/>\n<meta property=\"og:site_name\" content=\"The Church\" \/>\n<meta name=\"twitter:card\" content=\"summary_large_image\" \/>\n<meta name=\"twitter:label1\" content=\"Gesch\u00e4tzte Lesezeit\" \/>\n\t<meta name=\"twitter:data1\" content=\"2\u00a0Minuten\" \/>\n<script type=\"application\/ld+json\" class=\"yoast-schema-graph\">{\"@context\":\"https:\/\/schema.org\",\"@graph\":[{\"@type\":\"WebPage\",\"@id\":\"https:\/\/the-church.nl\/de\/veranstaltungen-und-treffen\/\",\"url\":\"https:\/\/the-church.nl\/de\/veranstaltungen-und-treffen\/\",\"name\":\"Veranstaltungen und Treffen - The Church\",\"isPartOf\":{\"@id\":\"https:\/\/the-church.nl\/de\/#website\"},\"datePublished\":\"2023-04-09T10:24:32+00:00\",\"description\":\"F\u00fcr all Ihre Veranstaltungen und Treffen ist die Kirche der richtige Ort. Ob Sie nun einen inspirierenden Ort f\u00fcr Ihr n\u00e4chstes Gesch\u00e4ftstreffen, eine gem\u00fctliche Bar f\u00fcr Ihre Networking-Drinks oder eine einzigartige Hochzeitslocation suchen: Bei The Church sind Sie an der richtigen Adresse! Entdecken Sie unsere F\u00e4higkeiten.\",\"breadcrumb\":{\"@id\":\"https:\/\/the-church.nl\/de\/veranstaltungen-und-treffen\/#breadcrumb\"},\"inLanguage\":\"de\",\"potentialAction\":[{\"@type\":\"ReadAction\",\"target\":[\"https:\/\/the-church.nl\/de\/veranstaltungen-und-treffen\/\"]}]},{\"@type\":\"BreadcrumbList\",\"@id\":\"https:\/\/the-church.nl\/de\/veranstaltungen-und-treffen\/#breadcrumb\",\"itemListElement\":[{\"@type\":\"ListItem\",\"position\":1,\"name\":\"Home\",\"item\":\"https:\/\/the-church.nl\/de\/\"},{\"@type\":\"ListItem\",\"position\":2,\"name\":\"Veranstaltungen und Treffen\"}]},{\"@type\":\"WebSite\",\"@id\":\"https:\/\/the-church.nl\/de\/#website\",\"url\":\"https:\/\/the-church.nl\/de\/\",\"name\":\"The Church\",\"description\":\"Heaven for your senses\",\"potentialAction\":[{\"@type\":\"SearchAction\",\"target\":{\"@type\":\"EntryPoint\",\"urlTemplate\":\"https:\/\/the-church.nl\/de\/?s={search_term_string}\"},\"query-input\":{\"@type\":\"PropertyValueSpecification\",\"valueRequired\":true,\"valueName\":\"search_term_string\"}}],\"inLanguage\":\"de\"}]}<\/script>\n<!-- \/ Yoast SEO plugin. -->","yoast_head_json":{"title":"Veranstaltungen und Treffen - The Church","description":"F\u00fcr all Ihre Veranstaltungen und Treffen ist die Kirche der richtige Ort. Ob Sie nun einen inspirierenden Ort f\u00fcr Ihr n\u00e4chstes Gesch\u00e4ftstreffen, eine gem\u00fctliche Bar f\u00fcr Ihre Networking-Drinks oder eine einzigartige Hochzeitslocation suchen: Bei The Church sind Sie an der richtigen Adresse! Entdecken Sie unsere F\u00e4higkeiten.","robots":{"index":"index","follow":"follow","max-snippet":"max-snippet:-1","max-image-preview":"max-image-preview:large","max-video-preview":"max-video-preview:-1"},"canonical":"https:\/\/the-church.nl\/de\/veranstaltungen-und-treffen\/","og_locale":"de_DE","og_type":"article","og_title":"Veranstaltungen und Treffen - The Church","og_description":"F\u00fcr all Ihre Veranstaltungen und Treffen ist die Kirche der richtige Ort. Ob Sie nun einen inspirierenden Ort f\u00fcr Ihr n\u00e4chstes Gesch\u00e4ftstreffen, eine gem\u00fctliche Bar f\u00fcr Ihre Networking-Drinks oder eine einzigartige Hochzeitslocation suchen: Bei The Church sind Sie an der richtigen Adresse! Entdecken Sie unsere F\u00e4higkeiten.","og_url":"https:\/\/the-church.nl\/de\/veranstaltungen-und-treffen\/","og_site_name":"The Church","twitter_card":"summary_large_image","twitter_misc":{"Gesch\u00e4tzte Lesezeit":"2\u00a0Minuten"},"schema":{"@context":"https:\/\/schema.org","@graph":[{"@type":"WebPage","@id":"https:\/\/the-church.nl\/de\/veranstaltungen-und-treffen\/","url":"https:\/\/the-church.nl\/de\/veranstaltungen-und-treffen\/","name":"Veranstaltungen und Treffen - The Church","isPartOf":{"@id":"https:\/\/the-church.nl\/de\/#website"},"datePublished":"2023-04-09T10:24:32+00:00","description":"F\u00fcr all Ihre Veranstaltungen und Treffen ist die Kirche der richtige Ort. Ob Sie nun einen inspirierenden Ort f\u00fcr Ihr n\u00e4chstes Gesch\u00e4ftstreffen, eine gem\u00fctliche Bar f\u00fcr Ihre Networking-Drinks oder eine einzigartige Hochzeitslocation suchen: Bei The Church sind Sie an der richtigen Adresse! Entdecken Sie unsere F\u00e4higkeiten.","breadcrumb":{"@id":"https:\/\/the-church.nl\/de\/veranstaltungen-und-treffen\/#breadcrumb"},"inLanguage":"de","potentialAction":[{"@type":"ReadAction","target":["https:\/\/the-church.nl\/de\/veranstaltungen-und-treffen\/"]}]},{"@type":"BreadcrumbList","@id":"https:\/\/the-church.nl\/de\/veranstaltungen-und-treffen\/#breadcrumb","itemListElement":[{"@type":"ListItem","position":1,"name":"Home","item":"https:\/\/the-church.nl\/de\/"},{"@type":"ListItem","position":2,"name":"Veranstaltungen und Treffen"}]},{"@type":"WebSite","@id":"https:\/\/the-church.nl\/de\/#website","url":"https:\/\/the-church.nl\/de\/","name":"The Church","description":"Heaven for your senses","potentialAction":[{"@type":"SearchAction","target":{"@type":"EntryPoint","urlTemplate":"https:\/\/the-church.nl\/de\/?s={search_term_string}"},"query-input":{"@type":"PropertyValueSpecification","valueRequired":true,"valueName":"search_term_string"}}],"inLanguage":"de"}]}},"_links":{"self":[{"href":"https:\/\/the-church.nl\/de\/wp-json\/wp\/v2\/pages\/11755","targetHints":{"allow":["GET"]}}],"collection":[{"href":"https:\/\/the-church.nl\/de\/wp-json\/wp\/v2\/pages"}],"about":[{"href":"https:\/\/the-church.nl\/de\/wp-json\/wp\/v2\/types\/page"}],"author":[{"embeddable":true,"href":"https:\/\/the-church.nl\/de\/wp-json\/wp\/v2\/users\/1"}],"replies":[{"embeddable":true,"href":"https:\/\/the-church.nl\/de\/wp-json\/wp\/v2\/comments?post=11755"}],"version-history":[{"count":2,"href":"https:\/\/the-church.nl\/de\/wp-json\/wp\/v2\/pages\/11755\/revisions"}],"predecessor-version":[{"id":11758,"href":"https:\/\/the-church.nl\/de\/wp-json\/wp\/v2\/pages\/11755\/revisions\/11758"}],"wp:attachment":[{"href":"https:\/\/the-church.nl\/de\/wp-json\/wp\/v2\/media?parent=11755"}],"curies":[{"name":"wp","href":"https:\/\/api.w.org\/{rel}","templated":true}]}}