{"id":11756,"date":"2023-04-09T10:24:32","date_gmt":"2023-04-09T10:24:32","guid":{"rendered":"https:\/\/the-church.nl\/lebensmittel\/chefs-table\/"},"modified":"2024-01-12T13:24:27","modified_gmt":"2024-01-12T13:24:27","slug":"chefs-table","status":"publish","type":"page","link":"https:\/\/the-church.nl\/de\/essen\/chefs-table\/","title":{"rendered":"Chef&#8217;s Table"},"content":{"rendered":"<section class=\"wpb-content-wrapper\"><p>[vc_row css_animation=&#8220;&#8220; row_type=&#8220;row&#8220; use_row_as_full_screen_section=&#8220;yes&#8220; type=&#8220;full_width&#8220; angled_section=&#8220;no&#8220; text_align=&#8220;center&#8220; background_image_as_pattern=&#8220;without_pattern&#8220; z_index=&#8220;&#8220; css=&#8220;.vc_custom_1680090936286{margin-bottom: 75px !important;}&#8220; background_image=&#8220;11394&#8243; side_padding=&#8220;10%&#8220; padding_top=&#8220;40%&#8220; padding_bottom=&#8220;40%&#8220;][vc_column css=&#8220;.vc_custom_1677800397831{padding-top: 300px !important;padding-bottom: 300px !important;}&#8220;][vc_column_text]<\/p>\n<h1 style=\"color: #ffffff; text-align: center;\">Chef&#8217;s Table<\/h1>\n<p>[\/vc_column_text][vc_separator type=&#8220;small&#8220; position=&#8220;center&#8220; color=&#8220;#ffffff&#8220; transparency=&#8220;0.5&#8243; down=&#8220;35&#8243;][\/vc_column][\/vc_row][vc_row css_animation=&#8220;&#8220; row_type=&#8220;row&#8220; use_row_as_full_screen_section=&#8220;no&#8220; type=&#8220;grid&#8220; angled_section=&#8220;no&#8220; text_align=&#8220;left&#8220; background_image_as_pattern=&#8220;without_pattern&#8220; z_index=&#8220;&#8220;][vc_column width=&#8220;2\/3&#8243;][vc_column_text]<\/p>\n<h3>So nah kommt man der K\u00fcche selten!<\/h3>\n<p>[\/vc_column_text][vc_empty_space height=&#8220;20px&#8220;][vc_column_text]Ein einzigartiges Erlebnis in der riesigen offenen K\u00fcche, wo Sie Bart Leussink und seinem Team direkt gegen\u00fcberstehen. Hier gibt es nicht weniger als 16 Sitzpl\u00e4tze, an denen man die Zubereitung der Gerichte buchst\u00e4blich riechen, schmecken und sehen kann. Am Tisch des Chefkochs servieren wir ausschlie\u00dflich das Chef Experience-Men\u00fc, das aus 6, 9 oder 12 Gerichten besteht.[\/vc_column_text][vc_empty_space height=&#8220;40px&#8220;][\/vc_column][\/vc_row][vc_row css_animation=&#8220;&#8220; row_type=&#8220;row&#8220; use_row_as_full_screen_section=&#8220;no&#8220; type=&#8220;full_width&#8220; angled_section=&#8220;no&#8220; text_align=&#8220;left&#8220; background_image_as_pattern=&#8220;without_pattern&#8220;][vc_column][vc_gallery type=&#8220;image_grid&#8220; images=&#8220;11552,11549,11546,11543&#8243; img_size=&#8220;400&#215;400&#8243; onclick=&#8220;&#8220; column_number=&#8220;4&#8243; grayscale=&#8220;no&#8220; images_space=&#8220;gallery_without_space&#8220;][\/vc_column][\/vc_row]<\/p>\n<\/section>","protected":false},"excerpt":{"rendered":"<p>[vc_row css_animation=&#8220;&#8220; row_type=&#8220;row&#8220; use_row_as_full_screen_section=&#8220;yes&#8220; type=&#8220;full_width&#8220; angled_section=&#8220;no&#8220; text_align=&#8220;center&#8220; background_image_as_pattern=&#8220;without_pattern&#8220; z_index=&#8220;&#8220; css=&#8220;.vc_custom_1680090936286{margin-bottom: 75px !important;}&#8220; background_image=&#8220;11394&#8243; side_padding=&#8220;10%&#8220; padding_top=&#8220;40%&#8220; padding_bottom=&#8220;40%&#8220;][vc_column css=&#8220;.vc_custom_1677800397831{padding-top: 300px !important;padding-bottom: 300px !important;}&#8220;][vc_column_text] Chef&#8217;s Table [\/vc_column_text][vc_separator type=&#8220;small&#8220; position=&#8220;center&#8220; color=&#8220;#ffffff&#8220; transparency=&#8220;0.5&#8243; down=&#8220;35&#8243;][\/vc_column][\/vc_row][vc_row css_animation=&#8220;&#8220; row_type=&#8220;row&#8220; use_row_as_full_screen_section=&#8220;no&#8220; type=&#8220;grid&#8220; angled_section=&#8220;no&#8220; text_align=&#8220;left&#8220; background_image_as_pattern=&#8220;without_pattern&#8220; z_index=&#8220;&#8220;][vc_column width=&#8220;2\/3&#8243;][vc_column_text] So nah kommt man der K\u00fcche selten! [\/vc_column_text][vc_empty_space height=&#8220;20px&#8220;][vc_column_text]Ein einzigartiges Erlebnis in&#8230;<\/p>\n","protected":false},"author":1,"featured_media":0,"parent":11618,"menu_order":0,"comment_status":"closed","ping_status":"closed","template":"","meta":{"footnotes":""},"class_list":["post-11756","page","type-page","status-publish","hentry"],"yoast_head":"<!-- This site is optimized with the Yoast SEO plugin v25.0 - https:\/\/yoast.com\/wordpress\/plugins\/seo\/ -->\n<title>Chef&#039;s Table - The Church<\/title>\n<meta name=\"description\" content=\"Chef&#039;s Table in The Church. Auge in Auge mit Bart Leussink und seinem Team. Hier gibt es nicht weniger als 16 Sitzpl\u00e4tze, an denen man die Zubereitung der Gerichte buchst\u00e4blich riechen, schmecken und sehen kann.\" \/>\n<meta name=\"robots\" content=\"index, follow, max-snippet:-1, max-image-preview:large, max-video-preview:-1\" \/>\n<link rel=\"canonical\" href=\"https:\/\/the-church.nl\/de\/essen\/chefs-table\/\" \/>\n<meta property=\"og:locale\" content=\"de_DE\" \/>\n<meta property=\"og:type\" content=\"article\" \/>\n<meta property=\"og:title\" content=\"Chef&#039;s Table - The Church\" \/>\n<meta property=\"og:description\" content=\"Chef&#039;s Table in The Church. Auge in Auge mit Bart Leussink und seinem Team. Hier gibt es nicht weniger als 16 Sitzpl\u00e4tze, an denen man die Zubereitung der Gerichte buchst\u00e4blich riechen, schmecken und sehen kann.\" \/>\n<meta property=\"og:url\" content=\"https:\/\/the-church.nl\/de\/essen\/chefs-table\/\" \/>\n<meta property=\"og:site_name\" content=\"The Church\" \/>\n<meta property=\"article:modified_time\" content=\"2024-01-12T13:24:27+00:00\" \/>\n<meta name=\"twitter:card\" content=\"summary_large_image\" \/>\n<meta name=\"twitter:label1\" content=\"Gesch\u00e4tzte Lesezeit\" \/>\n\t<meta name=\"twitter:data1\" content=\"1\u00a0Minute\" \/>\n<script type=\"application\/ld+json\" class=\"yoast-schema-graph\">{\"@context\":\"https:\/\/schema.org\",\"@graph\":[{\"@type\":\"WebPage\",\"@id\":\"https:\/\/the-church.nl\/de\/essen\/chefs-table\/\",\"url\":\"https:\/\/the-church.nl\/de\/essen\/chefs-table\/\",\"name\":\"Chef's Table - The Church\",\"isPartOf\":{\"@id\":\"https:\/\/the-church.nl\/de\/#website\"},\"datePublished\":\"2023-04-09T10:24:32+00:00\",\"dateModified\":\"2024-01-12T13:24:27+00:00\",\"description\":\"Chef's Table in The Church. Auge in Auge mit Bart Leussink und seinem Team. Hier gibt es nicht weniger als 16 Sitzpl\u00e4tze, an denen man die Zubereitung der Gerichte buchst\u00e4blich riechen, schmecken und sehen kann.\",\"breadcrumb\":{\"@id\":\"https:\/\/the-church.nl\/de\/essen\/chefs-table\/#breadcrumb\"},\"inLanguage\":\"de\",\"potentialAction\":[{\"@type\":\"ReadAction\",\"target\":[\"https:\/\/the-church.nl\/de\/essen\/chefs-table\/\"]}]},{\"@type\":\"BreadcrumbList\",\"@id\":\"https:\/\/the-church.nl\/de\/essen\/chefs-table\/#breadcrumb\",\"itemListElement\":[{\"@type\":\"ListItem\",\"position\":1,\"name\":\"Home\",\"item\":\"https:\/\/the-church.nl\/de\/\"},{\"@type\":\"ListItem\",\"position\":2,\"name\":\"Essen\",\"item\":\"https:\/\/the-church.nl\/de\/essen\/\"},{\"@type\":\"ListItem\",\"position\":3,\"name\":\"Chef&#8217;s Table\"}]},{\"@type\":\"WebSite\",\"@id\":\"https:\/\/the-church.nl\/de\/#website\",\"url\":\"https:\/\/the-church.nl\/de\/\",\"name\":\"The Church\",\"description\":\"Heaven for your senses\",\"potentialAction\":[{\"@type\":\"SearchAction\",\"target\":{\"@type\":\"EntryPoint\",\"urlTemplate\":\"https:\/\/the-church.nl\/de\/?s={search_term_string}\"},\"query-input\":{\"@type\":\"PropertyValueSpecification\",\"valueRequired\":true,\"valueName\":\"search_term_string\"}}],\"inLanguage\":\"de\"}]}<\/script>\n<!-- \/ Yoast SEO plugin. -->","yoast_head_json":{"title":"Chef's Table - The Church","description":"Chef's Table in The Church. Auge in Auge mit Bart Leussink und seinem Team. Hier gibt es nicht weniger als 16 Sitzpl\u00e4tze, an denen man die Zubereitung der Gerichte buchst\u00e4blich riechen, schmecken und sehen kann.","robots":{"index":"index","follow":"follow","max-snippet":"max-snippet:-1","max-image-preview":"max-image-preview:large","max-video-preview":"max-video-preview:-1"},"canonical":"https:\/\/the-church.nl\/de\/essen\/chefs-table\/","og_locale":"de_DE","og_type":"article","og_title":"Chef's Table - The Church","og_description":"Chef's Table in The Church. Auge in Auge mit Bart Leussink und seinem Team. Hier gibt es nicht weniger als 16 Sitzpl\u00e4tze, an denen man die Zubereitung der Gerichte buchst\u00e4blich riechen, schmecken und sehen kann.","og_url":"https:\/\/the-church.nl\/de\/essen\/chefs-table\/","og_site_name":"The Church","article_modified_time":"2024-01-12T13:24:27+00:00","twitter_card":"summary_large_image","twitter_misc":{"Gesch\u00e4tzte Lesezeit":"1\u00a0Minute"},"schema":{"@context":"https:\/\/schema.org","@graph":[{"@type":"WebPage","@id":"https:\/\/the-church.nl\/de\/essen\/chefs-table\/","url":"https:\/\/the-church.nl\/de\/essen\/chefs-table\/","name":"Chef's Table - The Church","isPartOf":{"@id":"https:\/\/the-church.nl\/de\/#website"},"datePublished":"2023-04-09T10:24:32+00:00","dateModified":"2024-01-12T13:24:27+00:00","description":"Chef's Table in The Church. Auge in Auge mit Bart Leussink und seinem Team. Hier gibt es nicht weniger als 16 Sitzpl\u00e4tze, an denen man die Zubereitung der Gerichte buchst\u00e4blich riechen, schmecken und sehen kann.","breadcrumb":{"@id":"https:\/\/the-church.nl\/de\/essen\/chefs-table\/#breadcrumb"},"inLanguage":"de","potentialAction":[{"@type":"ReadAction","target":["https:\/\/the-church.nl\/de\/essen\/chefs-table\/"]}]},{"@type":"BreadcrumbList","@id":"https:\/\/the-church.nl\/de\/essen\/chefs-table\/#breadcrumb","itemListElement":[{"@type":"ListItem","position":1,"name":"Home","item":"https:\/\/the-church.nl\/de\/"},{"@type":"ListItem","position":2,"name":"Essen","item":"https:\/\/the-church.nl\/de\/essen\/"},{"@type":"ListItem","position":3,"name":"Chef&#8217;s Table"}]},{"@type":"WebSite","@id":"https:\/\/the-church.nl\/de\/#website","url":"https:\/\/the-church.nl\/de\/","name":"The Church","description":"Heaven for your senses","potentialAction":[{"@type":"SearchAction","target":{"@type":"EntryPoint","urlTemplate":"https:\/\/the-church.nl\/de\/?s={search_term_string}"},"query-input":{"@type":"PropertyValueSpecification","valueRequired":true,"valueName":"search_term_string"}}],"inLanguage":"de"}]}},"_links":{"self":[{"href":"https:\/\/the-church.nl\/de\/wp-json\/wp\/v2\/pages\/11756","targetHints":{"allow":["GET"]}}],"collection":[{"href":"https:\/\/the-church.nl\/de\/wp-json\/wp\/v2\/pages"}],"about":[{"href":"https:\/\/the-church.nl\/de\/wp-json\/wp\/v2\/types\/page"}],"author":[{"embeddable":true,"href":"https:\/\/the-church.nl\/de\/wp-json\/wp\/v2\/users\/1"}],"replies":[{"embeddable":true,"href":"https:\/\/the-church.nl\/de\/wp-json\/wp\/v2\/comments?post=11756"}],"version-history":[{"count":4,"href":"https:\/\/the-church.nl\/de\/wp-json\/wp\/v2\/pages\/11756\/revisions"}],"predecessor-version":[{"id":12354,"href":"https:\/\/the-church.nl\/de\/wp-json\/wp\/v2\/pages\/11756\/revisions\/12354"}],"up":[{"embeddable":true,"href":"https:\/\/the-church.nl\/de\/wp-json\/wp\/v2\/pages\/11618"}],"wp:attachment":[{"href":"https:\/\/the-church.nl\/de\/wp-json\/wp\/v2\/media?parent=11756"}],"curies":[{"name":"wp","href":"https:\/\/api.w.org\/{rel}","templated":true}]}}