{"id":11761,"date":"2023-04-09T10:24:32","date_gmt":"2023-04-09T10:24:32","guid":{"rendered":"https:\/\/the-church.nl\/getraenke\/"},"modified":"2023-04-09T10:24:33","modified_gmt":"2023-04-09T10:24:33","slug":"getraenke","status":"publish","type":"page","link":"https:\/\/the-church.nl\/de\/veranstaltungen-und-treffen\/getraenke\/","title":{"rendered":"Getr\u00e4nke"},"content":{"rendered":"<section class=\"wpb-content-wrapper\"><p>[vc_row css_animation=&#8220;&#8220; row_type=&#8220;row&#8220; use_row_as_full_screen_section=&#8220;yes&#8220; type=&#8220;full_width&#8220; angled_section=&#8220;no&#8220; text_align=&#8220;center&#8220; background_image_as_pattern=&#8220;without_pattern&#8220; z_index=&#8220;&#8220; css=&#8220;.vc_custom_1679476966232{margin-bottom: 75px !important;}&#8220; background_image=&#8220;11342&#8243; side_padding=&#8220;10%&#8220; padding_top=&#8220;40%&#8220; padding_bottom=&#8220;40%&#8220;][vc_column css=&#8220;.vc_custom_1677800397831{padding-top: 300px !important;padding-bottom: 300px !important;}&#8220;][vc_column_text]<\/p>\n<h1 style=\"color: #ffffff; text-align: center;\">Getr\u00e4nke<\/h1>\n<p>[\/vc_column_text][vc_separator type=&#8220;small&#8220; position=&#8220;center&#8220; color=&#8220;#ffffff&#8220; transparency=&#8220;0.5&#8243; down=&#8220;35&#8243;][\/vc_column][\/vc_row][vc_row css_animation=&#8220;&#8220; row_type=&#8220;row&#8220; use_row_as_full_screen_section=&#8220;no&#8220; type=&#8220;grid&#8220; angled_section=&#8220;no&#8220; text_align=&#8220;left&#8220; background_image_as_pattern=&#8220;without_pattern&#8220; z_index=&#8220;&#8220;][vc_column width=&#8220;2\/3&#8243;][vc_column_text]<\/p>\n<h2>Das Leben in der Kirche genie\u00dfen<\/h2>\n<p>[\/vc_column_text][vc_empty_space height=&#8220;20px&#8220;][vc_column_text]<\/p>\n<p dir=\"ltr\">Zeit und Aufmerksamkeit f\u00fcreinander! Ganz gleich, ob Sie sich bei Ihren Kollegen bedanken, die Woche ausklingen lassen oder etwas feiern wollen &#8211; The Church bietet alles, was Sie f\u00fcr ein gelungenes Treffen brauchen.<\/p>\n<p>[\/vc_column_text][vc_empty_space height=&#8220;25px&#8220;][vc_column_text]<\/p>\n<p dir=\"ltr\">Genie\u00dfen Sie einen gem\u00fctlichen Drink an der Cocktailbar, wo unser Barmann die leckersten Cocktails f\u00fcr Sie sch\u00fcttelt. Chefkoch Bart sorgt f\u00fcr die passenden Vorspeisen, damit es Ihnen an nichts fehlt. Oder gem\u00fctlich und privat in einem unserer stimmungsvollen Zimmer.<\/p>\n<p>[\/vc_column_text][vc_empty_space height=&#8220;25px&#8220;][vc_column_text]D\u00fcrfen wir Ihnen einen Drink f\u00fcr Ihre (Gesch\u00e4fts-)Getr\u00e4nke einschenken? Wir sind gerne bereit, die M\u00f6glichkeiten gemeinsam zu besprechen. Kontaktieren Sie Janiek<a href=\"mailto:sales@the-church.nl\" target=\"_blank\" rel=\"noopener\">(sales@the-church.nl)<\/a> f\u00fcr weitere Informationen und\/oder ein Angebot oder rufen Sie <a href=\"tel:0031262148800\">026-2148800<\/a> an.[\/vc_column_text][vc_empty_space height=&#8220;25px&#8220;][\/vc_column][\/vc_row]<\/p>\n<\/section>","protected":false},"excerpt":{"rendered":"<p>[vc_row css_animation=&#8220;&#8220; row_type=&#8220;row&#8220; use_row_as_full_screen_section=&#8220;yes&#8220; type=&#8220;full_width&#8220; angled_section=&#8220;no&#8220; text_align=&#8220;center&#8220; background_image_as_pattern=&#8220;without_pattern&#8220; z_index=&#8220;&#8220; css=&#8220;.vc_custom_1679476966232{margin-bottom: 75px !important;}&#8220; background_image=&#8220;11342&#8243; side_padding=&#8220;10%&#8220; padding_top=&#8220;40%&#8220; padding_bottom=&#8220;40%&#8220;][vc_column css=&#8220;.vc_custom_1677800397831{padding-top: 300px !important;padding-bottom: 300px !important;}&#8220;][vc_column_text] Getr\u00e4nke [\/vc_column_text][vc_separator type=&#8220;small&#8220; position=&#8220;center&#8220; color=&#8220;#ffffff&#8220; transparency=&#8220;0.5&#8243; down=&#8220;35&#8243;][\/vc_column][\/vc_row][vc_row css_animation=&#8220;&#8220; row_type=&#8220;row&#8220; use_row_as_full_screen_section=&#8220;no&#8220; type=&#8220;grid&#8220; angled_section=&#8220;no&#8220; text_align=&#8220;left&#8220; background_image_as_pattern=&#8220;without_pattern&#8220; z_index=&#8220;&#8220;][vc_column width=&#8220;2\/3&#8243;][vc_column_text] Das Leben in der Kirche genie\u00dfen [\/vc_column_text][vc_empty_space height=&#8220;20px&#8220;][vc_column_text] Zeit und Aufmerksamkeit f\u00fcreinander! Ganz&#8230;<\/p>\n","protected":false},"author":1,"featured_media":0,"parent":11755,"menu_order":0,"comment_status":"closed","ping_status":"closed","template":"","meta":{"footnotes":""},"class_list":["post-11761","page","type-page","status-publish","hentry"],"yoast_head":"<!-- This site is optimized with the Yoast SEO plugin v25.0 - https:\/\/yoast.com\/wordpress\/plugins\/seo\/ -->\n<title>Getr\u00e4nke - The Church<\/title>\n<meta name=\"description\" content=\"Zeit und Aufmerksamkeit f\u00fcreinander! Ganz gleich, ob Sie sich bei Ihren Kollegen bedanken, die Woche ausklingen lassen oder etwas feiern wollen - The Church bietet alles, was Sie f\u00fcr ein gelungenes Treffen brauchen.\" \/>\n<meta name=\"robots\" content=\"index, follow, max-snippet:-1, max-image-preview:large, max-video-preview:-1\" \/>\n<link rel=\"canonical\" href=\"https:\/\/the-church.nl\/de\/veranstaltungen-und-treffen\/getraenke\/\" \/>\n<meta property=\"og:locale\" content=\"de_DE\" \/>\n<meta property=\"og:type\" content=\"article\" \/>\n<meta property=\"og:title\" content=\"Getr\u00e4nke - The Church\" \/>\n<meta property=\"og:description\" content=\"Zeit und Aufmerksamkeit f\u00fcreinander! Ganz gleich, ob Sie sich bei Ihren Kollegen bedanken, die Woche ausklingen lassen oder etwas feiern wollen - The Church bietet alles, was Sie f\u00fcr ein gelungenes Treffen brauchen.\" \/>\n<meta property=\"og:url\" content=\"https:\/\/the-church.nl\/de\/veranstaltungen-und-treffen\/getraenke\/\" \/>\n<meta property=\"og:site_name\" content=\"The Church\" \/>\n<meta property=\"article:modified_time\" content=\"2023-04-09T10:24:33+00:00\" \/>\n<meta name=\"twitter:card\" content=\"summary_large_image\" \/>\n<meta name=\"twitter:label1\" content=\"Gesch\u00e4tzte Lesezeit\" \/>\n\t<meta name=\"twitter:data1\" content=\"1\u00a0Minute\" \/>\n<script type=\"application\/ld+json\" class=\"yoast-schema-graph\">{\"@context\":\"https:\/\/schema.org\",\"@graph\":[{\"@type\":\"WebPage\",\"@id\":\"https:\/\/the-church.nl\/de\/veranstaltungen-und-treffen\/getraenke\/\",\"url\":\"https:\/\/the-church.nl\/de\/veranstaltungen-und-treffen\/getraenke\/\",\"name\":\"Getr\u00e4nke - The Church\",\"isPartOf\":{\"@id\":\"https:\/\/the-church.nl\/de\/#website\"},\"datePublished\":\"2023-04-09T10:24:32+00:00\",\"dateModified\":\"2023-04-09T10:24:33+00:00\",\"description\":\"Zeit und Aufmerksamkeit f\u00fcreinander! Ganz gleich, ob Sie sich bei Ihren Kollegen bedanken, die Woche ausklingen lassen oder etwas feiern wollen - The Church bietet alles, was Sie f\u00fcr ein gelungenes Treffen brauchen.\",\"breadcrumb\":{\"@id\":\"https:\/\/the-church.nl\/de\/veranstaltungen-und-treffen\/getraenke\/#breadcrumb\"},\"inLanguage\":\"de\",\"potentialAction\":[{\"@type\":\"ReadAction\",\"target\":[\"https:\/\/the-church.nl\/de\/veranstaltungen-und-treffen\/getraenke\/\"]}]},{\"@type\":\"BreadcrumbList\",\"@id\":\"https:\/\/the-church.nl\/de\/veranstaltungen-und-treffen\/getraenke\/#breadcrumb\",\"itemListElement\":[{\"@type\":\"ListItem\",\"position\":1,\"name\":\"Home\",\"item\":\"https:\/\/the-church.nl\/de\/\"},{\"@type\":\"ListItem\",\"position\":2,\"name\":\"Veranstaltungen und Treffen\",\"item\":\"https:\/\/the-church.nl\/de\/events-en-meetings\/\"},{\"@type\":\"ListItem\",\"position\":3,\"name\":\"Getr\u00e4nke\"}]},{\"@type\":\"WebSite\",\"@id\":\"https:\/\/the-church.nl\/de\/#website\",\"url\":\"https:\/\/the-church.nl\/de\/\",\"name\":\"The Church\",\"description\":\"Heaven for your senses\",\"potentialAction\":[{\"@type\":\"SearchAction\",\"target\":{\"@type\":\"EntryPoint\",\"urlTemplate\":\"https:\/\/the-church.nl\/de\/?s={search_term_string}\"},\"query-input\":{\"@type\":\"PropertyValueSpecification\",\"valueRequired\":true,\"valueName\":\"search_term_string\"}}],\"inLanguage\":\"de\"}]}<\/script>\n<!-- \/ Yoast SEO plugin. -->","yoast_head_json":{"title":"Getr\u00e4nke - The Church","description":"Zeit und Aufmerksamkeit f\u00fcreinander! Ganz gleich, ob Sie sich bei Ihren Kollegen bedanken, die Woche ausklingen lassen oder etwas feiern wollen - The Church bietet alles, was Sie f\u00fcr ein gelungenes Treffen brauchen.","robots":{"index":"index","follow":"follow","max-snippet":"max-snippet:-1","max-image-preview":"max-image-preview:large","max-video-preview":"max-video-preview:-1"},"canonical":"https:\/\/the-church.nl\/de\/veranstaltungen-und-treffen\/getraenke\/","og_locale":"de_DE","og_type":"article","og_title":"Getr\u00e4nke - The Church","og_description":"Zeit und Aufmerksamkeit f\u00fcreinander! Ganz gleich, ob Sie sich bei Ihren Kollegen bedanken, die Woche ausklingen lassen oder etwas feiern wollen - The Church bietet alles, was Sie f\u00fcr ein gelungenes Treffen brauchen.","og_url":"https:\/\/the-church.nl\/de\/veranstaltungen-und-treffen\/getraenke\/","og_site_name":"The Church","article_modified_time":"2023-04-09T10:24:33+00:00","twitter_card":"summary_large_image","twitter_misc":{"Gesch\u00e4tzte Lesezeit":"1\u00a0Minute"},"schema":{"@context":"https:\/\/schema.org","@graph":[{"@type":"WebPage","@id":"https:\/\/the-church.nl\/de\/veranstaltungen-und-treffen\/getraenke\/","url":"https:\/\/the-church.nl\/de\/veranstaltungen-und-treffen\/getraenke\/","name":"Getr\u00e4nke - The Church","isPartOf":{"@id":"https:\/\/the-church.nl\/de\/#website"},"datePublished":"2023-04-09T10:24:32+00:00","dateModified":"2023-04-09T10:24:33+00:00","description":"Zeit und Aufmerksamkeit f\u00fcreinander! Ganz gleich, ob Sie sich bei Ihren Kollegen bedanken, die Woche ausklingen lassen oder etwas feiern wollen - The Church bietet alles, was Sie f\u00fcr ein gelungenes Treffen brauchen.","breadcrumb":{"@id":"https:\/\/the-church.nl\/de\/veranstaltungen-und-treffen\/getraenke\/#breadcrumb"},"inLanguage":"de","potentialAction":[{"@type":"ReadAction","target":["https:\/\/the-church.nl\/de\/veranstaltungen-und-treffen\/getraenke\/"]}]},{"@type":"BreadcrumbList","@id":"https:\/\/the-church.nl\/de\/veranstaltungen-und-treffen\/getraenke\/#breadcrumb","itemListElement":[{"@type":"ListItem","position":1,"name":"Home","item":"https:\/\/the-church.nl\/de\/"},{"@type":"ListItem","position":2,"name":"Veranstaltungen und Treffen","item":"https:\/\/the-church.nl\/de\/events-en-meetings\/"},{"@type":"ListItem","position":3,"name":"Getr\u00e4nke"}]},{"@type":"WebSite","@id":"https:\/\/the-church.nl\/de\/#website","url":"https:\/\/the-church.nl\/de\/","name":"The Church","description":"Heaven for your senses","potentialAction":[{"@type":"SearchAction","target":{"@type":"EntryPoint","urlTemplate":"https:\/\/the-church.nl\/de\/?s={search_term_string}"},"query-input":{"@type":"PropertyValueSpecification","valueRequired":true,"valueName":"search_term_string"}}],"inLanguage":"de"}]}},"_links":{"self":[{"href":"https:\/\/the-church.nl\/de\/wp-json\/wp\/v2\/pages\/11761","targetHints":{"allow":["GET"]}}],"collection":[{"href":"https:\/\/the-church.nl\/de\/wp-json\/wp\/v2\/pages"}],"about":[{"href":"https:\/\/the-church.nl\/de\/wp-json\/wp\/v2\/types\/page"}],"author":[{"embeddable":true,"href":"https:\/\/the-church.nl\/de\/wp-json\/wp\/v2\/users\/1"}],"replies":[{"embeddable":true,"href":"https:\/\/the-church.nl\/de\/wp-json\/wp\/v2\/comments?post=11761"}],"version-history":[{"count":2,"href":"https:\/\/the-church.nl\/de\/wp-json\/wp\/v2\/pages\/11761\/revisions"}],"predecessor-version":[{"id":11765,"href":"https:\/\/the-church.nl\/de\/wp-json\/wp\/v2\/pages\/11761\/revisions\/11765"}],"up":[{"embeddable":true,"href":"https:\/\/the-church.nl\/de\/wp-json\/wp\/v2\/pages\/11755"}],"wp:attachment":[{"href":"https:\/\/the-church.nl\/de\/wp-json\/wp\/v2\/media?parent=11761"}],"curies":[{"name":"wp","href":"https:\/\/api.w.org\/{rel}","templated":true}]}}