{"id":12598,"date":"2024-04-26T10:51:12","date_gmt":"2024-04-26T10:51:12","guid":{"rendered":"https:\/\/the-church.nl\/?page_id=12598"},"modified":"2024-04-26T11:00:23","modified_gmt":"2024-04-26T11:00:23","slug":"schlafen-und-essen-in-denkmalgeschuetzten-gebaeuden","status":"publish","type":"page","link":"https:\/\/the-church.nl\/de\/uebernachten\/arrangements\/schlafen-und-essen-in-denkmalgeschuetzten-gebaeuden\/","title":{"rendered":"Schlafen und Essen in denkmalgesch\u00fctzten Geb\u00e4uden"},"content":{"rendered":"<section class=\"wpb-content-wrapper\"><p>[vc_row css_animation=&#8220;&#8220; row_type=&#8220;row&#8220; use_row_as_full_screen_section=&#8220;yes&#8220; type=&#8220;full_width&#8220; angled_section=&#8220;no&#8220; text_align=&#8220;center&#8220; background_image_as_pattern=&#8220;without_pattern&#8220; z_index=&#8220;&#8220; css=&#8220;.vc_custom_1705490551059{margin-bottom: 20px !important;}&#8220; background_image=&#8220;12362&#8243; side_padding=&#8220;10%&#8220; padding_top=&#8220;40%&#8220; padding_bottom=&#8220;40%&#8220;][vc_column css=&#8220;.vc_custom_1677753625052{padding-top: 400px !important;padding-bottom: 400px !important;}&#8220;][vc_column_text]<\/p>\n<h1 style=\"color: #ffffff; text-align: center;\">Entdecken Sie diese einzigartigen Orte<\/h1>\n<p>[\/vc_column_text][\/vc_column][\/vc_row][vc_row css_animation=&#8220;&#8220; row_type=&#8220;row&#8220; use_row_as_full_screen_section=&#8220;no&#8220; type=&#8220;grid&#8220; angled_section=&#8220;no&#8220; text_align=&#8220;left&#8220; background_image_as_pattern=&#8220;without_pattern&#8220; z_index=&#8220;&#8220;][vc_column width=&#8220;3\/4&#8243;][vc_empty_space height=&#8220;20px&#8220;][vc_column_text]<\/p>\n<h1 style=\"text-align: center;\">Entdecken Sie diese einzigartigen Orte<\/h1>\n<p>[\/vc_column_text][vc_empty_space height=&#8220;20px&#8220;][vc_column_text]Wussten Sie, dass wir sehr gute Beziehungen zu einigen weiteren monumentalen Hotels haben? Hotel Villa Ruimzicht in Doetinchem und Hotel de Wereld in Wageningen! Entdecken Sie drei einzigartige Hotels in monumentalen Geb\u00e4uden, \u00fcbernachten Sie, genie\u00dfen Sie die Kochk\u00fcnste der K\u00fcchenteams und fahren Sie mit dem Auto (oder dem Fahrrad) durch das sch\u00f6ne Gelderland. Jedes Hotel befindet sich in einem einzigartigen Geb\u00e4ude. Hotel Villa Ruimzicht wurde vom Buitenplaats zur Schule und dann zum Hotel. Das Hotel de Wereld ist vielen durch seine einzigartige Rolle w\u00e4hrend der Kapitulation im Zweiten Weltkrieg bekannt. Die Kirche befindet sich in einer ehemaligen lutherischen Kirche am Rande des Stadtzentrums von Arnheim, ein wahres verstecktes Juwel.[\/vc_column_text][vc_empty_space height=&#8220;20px&#8220;][vc_column_text]<\/p>\n<ul>\n<li>3 \u00dcbernachtungen in monumentalen Geb\u00e4uden im <a href=\"https:\/\/www.hotelvillaruimzicht.nl\/\">Hotel Villa Ruimzicht<\/a>, <a href=\"https:\/\/www.hoteldewereld.nl\/\">Hotel de Wereld<\/a> und The Church<\/li>\n<li>Begr\u00fc\u00dfung mit einem Glas Sekt im Hotel Villa Ruimzicht<\/li>\n<li>6 Eindr\u00fccke im Restaurant Lokaal an Tag 1<\/li>\n<li>4-G\u00e4nge-Kochmen\u00fc im LEV @ The World am Tag 2<\/li>\n<li>6 G\u00e4nge Chef&#8217;s Experience in The Church an Tag 3<\/li>\n<li>3 geschmackvolle und reichhaltige Fr\u00fchst\u00fccke<\/li>\n<li>3 Autorouten, um die sch\u00f6nsten Orte auf dem Weg zu besuchen*<\/li>\n<\/ul>\n<p><em>*Auf Wunsch kann dieses Paket auch mit dem Fahrrad durchgef\u00fchrt werden.<\/em> <em>Dann wird ein Aufenthalt im Hotel de Wereld und The Church umgekehrt.<\/em><em>\u00a0<\/em>[\/vc_column_text][vc_empty_space height=&#8220;20px&#8220;][vc_column_text]<\/p>\n<p>Tag 1<\/p>\n<ul>\n<li>Ankunft im Hotel Villa Ruimzicht mit einem Willkommensdrink<\/li>\n<li>6 Eindr\u00fccke im Restaurant Lokaal<\/li>\n<li>\u00dcbernachtung im Hotel Villa Ruimzicht<\/li>\n<\/ul>\n<p>2. Tag<\/p>\n<ul>\n<li>Live-Cooking-Fr\u00fchst\u00fcck im Hotel Villa Ruimzicht<\/li>\n<li>Autofahrt nach Wageningen<\/li>\n<li>4-G\u00e4nge-Men\u00fc des K\u00fcchenchefs im LEV @ De Wereld<\/li>\n<li>\u00dcbernachtung im Hotel de Wereld<\/li>\n<\/ul>\n<p>3. Tag<\/p>\n<ul>\n<li>Ausgiebiges Fr\u00fchst\u00fcck im Hotel de Wereld<\/li>\n<li>Autofahrt nach Arnheim<\/li>\n<li>6-G\u00e4nge-Erlebnismen\u00fc des K\u00fcchenchefs in The Church<\/li>\n<li>\u00dcbernachtung in The Church<\/li>\n<\/ul>\n<p>4. Tag<\/p>\n<ul>\n<li>Ausgiebiges Fr\u00fchst\u00fcck in The Church<\/li>\n<li>Abreise nach Hause<\/li>\n<\/ul>\n<p><em>Wenn Sie sich f\u00fcr dieses Paket entscheiden, ist die Reihenfolge Hotel Villa Ruimzicht, The Church und schlie\u00dflich Hotel de Wereld.<\/em>[\/vc_column_text][vc_empty_space height=&#8220;20px&#8220;][vc_column_text<strong>]Ab \u20ac450 pro Person bei Doppelbelegung und Verf\u00fcgbarkeit<\/strong><\/p>\n<p>Die Preise k\u00f6nnen je nach Zeitraum und Zimmertyp variieren, der oben genannte Preis ist daher ein Anfangspreis.<\/p>\n<p><em>Startpreis basierend auf einem Aufenthalt in den Standard-Zimmertypen<\/em>[\/vc_column_text][vc_empty_space height=&#8220;20px&#8220;][vc_column_text]Buchung? Erkundigen Sie sich unter <a href=\"mailto:info@the-church.nl\">info@the-church.nl<\/a> oder rufen Sie die Reservierungsabteilung an: +31 (0)26 &#8211; 214 8800.<\/p>\n<p><em>Restaurant Die Kirche ist sonntags und montags geschlossen.<\/em> <em>Eine Anreise an diesen Tagen ist daher in Arnheim nicht m\u00f6glich.<\/em>[\/vc_column_text][vc_empty_space height=&#8220;10px&#8220;][\/vc_column][vc_column width=&#8220;1\/4&#8243;][\/vc_column][\/vc_row][vc_row css_animation=&#8220;&#8220; row_type=&#8220;row&#8220; use_row_as_full_screen_section=&#8220;no&#8220; type=&#8220;grid&#8220; angled_section=&#8220;no&#8220; text_align=&#8220;left&#8220; background_image_as_pattern=&#8220;without_pattern&#8220; z_index=&#8220;&#8220;][vc_column width=&#8220;1\/3&#8243;][vc_single_image image=&#8220;12048&#8243; img_size=&#8220;1000&#215;700&#8243; qode_css_animation=&#8220;&#8220;][vc_empty_space height=&#8220;20px&#8220;][\/vc_column][vc_column width=&#8220;1\/3&#8243;][vc_single_image image=&#8220;12274&#8243; img_size=&#8220;1000&#215;700&#8243; qode_css_animation=&#8220;&#8220;][vc_empty_space height=&#8220;20px&#8220;][\/vc_column][vc_column width=&#8220;1\/3&#8243;][vc_single_image image=&#8220;12039&#8243; img_size=&#8220;1000&#215;700&#8243; qode_css_animation=&#8220;&#8220;][vc_empty_space height=&#8220;20px&#8220;][\/vc_column][\/vc_row]<\/p>\n<\/section>","protected":false},"excerpt":{"rendered":"<p>[vc_row css_animation=&#8220;&#8220; row_type=&#8220;row&#8220; use_row_as_full_screen_section=&#8220;yes&#8220; type=&#8220;full_width&#8220; angled_section=&#8220;no&#8220; text_align=&#8220;center&#8220; background_image_as_pattern=&#8220;without_pattern&#8220; z_index=&#8220;&#8220; css=&#8220;.vc_custom_1705490551059{margin-bottom: 20px !important;}&#8220; background_image=&#8220;12362&#8243; side_padding=&#8220;10%&#8220; padding_top=&#8220;40%&#8220; padding_bottom=&#8220;40%&#8220;][vc_column css=&#8220;.vc_custom_1677753625052{padding-top: 400px !important;padding-bottom: 400px !important;}&#8220;][vc_column_text] Entdecken Sie diese einzigartigen Orte [\/vc_column_text][\/vc_column][\/vc_row][vc_row css_animation=&#8220;&#8220; row_type=&#8220;row&#8220; use_row_as_full_screen_section=&#8220;no&#8220; type=&#8220;grid&#8220; angled_section=&#8220;no&#8220; text_align=&#8220;left&#8220; background_image_as_pattern=&#8220;without_pattern&#8220; z_index=&#8220;&#8220;][vc_column width=&#8220;3\/4&#8243;][vc_empty_space height=&#8220;20px&#8220;][vc_column_text] Entdecken Sie diese einzigartigen Orte [\/vc_column_text][vc_empty_space height=&#8220;20px&#8220;][vc_column_text]Wussten Sie, dass wir sehr gute Beziehungen&#8230;<\/p>\n","protected":false},"author":1,"featured_media":12363,"parent":3214,"menu_order":0,"comment_status":"closed","ping_status":"closed","template":"","meta":{"footnotes":""},"class_list":["post-12598","page","type-page","status-publish","has-post-thumbnail","hentry"],"yoast_head":"<!-- This site is optimized with the Yoast SEO plugin v25.0 - https:\/\/yoast.com\/wordpress\/plugins\/seo\/ -->\n<title>Schlafen und Essen in denkmalgesch\u00fctzten Geb\u00e4uden - The Church<\/title>\n<meta name=\"robots\" content=\"index, follow, max-snippet:-1, max-image-preview:large, max-video-preview:-1\" \/>\n<link rel=\"canonical\" href=\"https:\/\/the-church.nl\/de\/uebernachten\/arrangements\/schlafen-und-essen-in-denkmalgeschuetzten-gebaeuden\/\" \/>\n<meta property=\"og:locale\" content=\"de_DE\" \/>\n<meta property=\"og:type\" content=\"article\" \/>\n<meta property=\"og:title\" content=\"Schlafen und Essen in denkmalgesch\u00fctzten Geb\u00e4uden - The Church\" \/>\n<meta property=\"og:description\" content=\"[vc_row css_animation=&#8220;&#8220; row_type=&#8220;row&#8220; use_row_as_full_screen_section=&#8220;yes&#8220; type=&#8220;full_width&#8220; angled_section=&#8220;no&#8220; text_align=&#8220;center&#8220; background_image_as_pattern=&#8220;without_pattern&#8220; z_index=&#8220;&#8220; css=&#8220;.vc_custom_1705490551059{margin-bottom: 20px !important;}&#8220; background_image=&#8220;12362&#8243; side_padding=&#8220;10%&#8220; padding_top=&#8220;40%&#8220; padding_bottom=&#8220;40%&#8220;][vc_column css=&#8220;.vc_custom_1677753625052{padding-top: 400px !important;padding-bottom: 400px !important;}&#8220;][vc_column_text] Entdecken Sie diese einzigartigen Orte [\/vc_column_text][\/vc_column][\/vc_row][vc_row css_animation=&#8220;&#8220; row_type=&#8220;row&#8220; use_row_as_full_screen_section=&#8220;no&#8220; type=&#8220;grid&#8220; angled_section=&#8220;no&#8220; text_align=&#8220;left&#8220; background_image_as_pattern=&#8220;without_pattern&#8220; z_index=&#8220;&#8220;][vc_column width=&#8220;3\/4&#8243;][vc_empty_space height=&#8220;20px&#8220;][vc_column_text] Entdecken Sie diese einzigartigen Orte [\/vc_column_text][vc_empty_space height=&#8220;20px&#8220;][vc_column_text]Wussten Sie, dass wir sehr gute Beziehungen...\" \/>\n<meta property=\"og:url\" content=\"https:\/\/the-church.nl\/de\/uebernachten\/arrangements\/schlafen-und-essen-in-denkmalgeschuetzten-gebaeuden\/\" \/>\n<meta property=\"og:site_name\" content=\"The Church\" \/>\n<meta property=\"article:modified_time\" content=\"2024-04-26T11:00:23+00:00\" \/>\n<meta property=\"og:image\" content=\"https:\/\/the-church.nl\/wp-content\/uploads\/2024\/01\/Slapen-in-monumentale-panden.jpg\" \/>\n\t<meta property=\"og:image:width\" content=\"1200\" \/>\n\t<meta property=\"og:image:height\" content=\"1000\" \/>\n\t<meta property=\"og:image:type\" content=\"image\/jpeg\" \/>\n<meta name=\"twitter:card\" content=\"summary_large_image\" \/>\n<meta name=\"twitter:label1\" content=\"Gesch\u00e4tzte Lesezeit\" \/>\n\t<meta name=\"twitter:data1\" content=\"3\u00a0Minuten\" \/>\n<script type=\"application\/ld+json\" class=\"yoast-schema-graph\">{\"@context\":\"https:\/\/schema.org\",\"@graph\":[{\"@type\":\"WebPage\",\"@id\":\"https:\/\/the-church.nl\/de\/uebernachten\/arrangements\/schlafen-und-essen-in-denkmalgeschuetzten-gebaeuden\/\",\"url\":\"https:\/\/the-church.nl\/de\/uebernachten\/arrangements\/schlafen-und-essen-in-denkmalgeschuetzten-gebaeuden\/\",\"name\":\"Schlafen und Essen in denkmalgesch\u00fctzten Geb\u00e4uden - The Church\",\"isPartOf\":{\"@id\":\"https:\/\/the-church.nl\/de\/#website\"},\"primaryImageOfPage\":{\"@id\":\"https:\/\/the-church.nl\/de\/uebernachten\/arrangements\/schlafen-und-essen-in-denkmalgeschuetzten-gebaeuden\/#primaryimage\"},\"image\":{\"@id\":\"https:\/\/the-church.nl\/de\/uebernachten\/arrangements\/schlafen-und-essen-in-denkmalgeschuetzten-gebaeuden\/#primaryimage\"},\"thumbnailUrl\":\"https:\/\/the-church.nl\/wp-content\/uploads\/2024\/01\/Slapen-in-monumentale-panden.jpg\",\"datePublished\":\"2024-04-26T10:51:12+00:00\",\"dateModified\":\"2024-04-26T11:00:23+00:00\",\"breadcrumb\":{\"@id\":\"https:\/\/the-church.nl\/de\/uebernachten\/arrangements\/schlafen-und-essen-in-denkmalgeschuetzten-gebaeuden\/#breadcrumb\"},\"inLanguage\":\"de\",\"potentialAction\":[{\"@type\":\"ReadAction\",\"target\":[\"https:\/\/the-church.nl\/de\/uebernachten\/arrangements\/schlafen-und-essen-in-denkmalgeschuetzten-gebaeuden\/\"]}]},{\"@type\":\"ImageObject\",\"inLanguage\":\"de\",\"@id\":\"https:\/\/the-church.nl\/de\/uebernachten\/arrangements\/schlafen-und-essen-in-denkmalgeschuetzten-gebaeuden\/#primaryimage\",\"url\":\"https:\/\/the-church.nl\/wp-content\/uploads\/2024\/01\/Slapen-in-monumentale-panden.jpg\",\"contentUrl\":\"https:\/\/the-church.nl\/wp-content\/uploads\/2024\/01\/Slapen-in-monumentale-panden.jpg\",\"width\":1200,\"height\":1000},{\"@type\":\"BreadcrumbList\",\"@id\":\"https:\/\/the-church.nl\/de\/uebernachten\/arrangements\/schlafen-und-essen-in-denkmalgeschuetzten-gebaeuden\/#breadcrumb\",\"itemListElement\":[{\"@type\":\"ListItem\",\"position\":1,\"name\":\"Home\",\"item\":\"https:\/\/the-church.nl\/de\/\"},{\"@type\":\"ListItem\",\"position\":2,\"name\":\"Schlaf\",\"item\":\"https:\/\/the-church.nl\/de\/slapen-bij\/\"},{\"@type\":\"ListItem\",\"position\":3,\"name\":\"Arrangements\",\"item\":\"https:\/\/the-church.nl\/de\/uebernachten\/arrangements\/\"},{\"@type\":\"ListItem\",\"position\":4,\"name\":\"Schlafen und Essen in denkmalgesch\u00fctzten Geb\u00e4uden\"}]},{\"@type\":\"WebSite\",\"@id\":\"https:\/\/the-church.nl\/de\/#website\",\"url\":\"https:\/\/the-church.nl\/de\/\",\"name\":\"The Church\",\"description\":\"Heaven for your senses\",\"potentialAction\":[{\"@type\":\"SearchAction\",\"target\":{\"@type\":\"EntryPoint\",\"urlTemplate\":\"https:\/\/the-church.nl\/de\/?s={search_term_string}\"},\"query-input\":{\"@type\":\"PropertyValueSpecification\",\"valueRequired\":true,\"valueName\":\"search_term_string\"}}],\"inLanguage\":\"de\"}]}<\/script>\n<!-- \/ Yoast SEO plugin. -->","yoast_head_json":{"title":"Schlafen und Essen in denkmalgesch\u00fctzten Geb\u00e4uden - The Church","robots":{"index":"index","follow":"follow","max-snippet":"max-snippet:-1","max-image-preview":"max-image-preview:large","max-video-preview":"max-video-preview:-1"},"canonical":"https:\/\/the-church.nl\/de\/uebernachten\/arrangements\/schlafen-und-essen-in-denkmalgeschuetzten-gebaeuden\/","og_locale":"de_DE","og_type":"article","og_title":"Schlafen und Essen in denkmalgesch\u00fctzten Geb\u00e4uden - The Church","og_description":"[vc_row css_animation=&#8220;&#8220; row_type=&#8220;row&#8220; use_row_as_full_screen_section=&#8220;yes&#8220; type=&#8220;full_width&#8220; angled_section=&#8220;no&#8220; text_align=&#8220;center&#8220; background_image_as_pattern=&#8220;without_pattern&#8220; z_index=&#8220;&#8220; css=&#8220;.vc_custom_1705490551059{margin-bottom: 20px !important;}&#8220; background_image=&#8220;12362&#8243; side_padding=&#8220;10%&#8220; padding_top=&#8220;40%&#8220; padding_bottom=&#8220;40%&#8220;][vc_column css=&#8220;.vc_custom_1677753625052{padding-top: 400px !important;padding-bottom: 400px !important;}&#8220;][vc_column_text] Entdecken Sie diese einzigartigen Orte [\/vc_column_text][\/vc_column][\/vc_row][vc_row css_animation=&#8220;&#8220; row_type=&#8220;row&#8220; use_row_as_full_screen_section=&#8220;no&#8220; type=&#8220;grid&#8220; angled_section=&#8220;no&#8220; text_align=&#8220;left&#8220; background_image_as_pattern=&#8220;without_pattern&#8220; z_index=&#8220;&#8220;][vc_column width=&#8220;3\/4&#8243;][vc_empty_space height=&#8220;20px&#8220;][vc_column_text] Entdecken Sie diese einzigartigen Orte [\/vc_column_text][vc_empty_space height=&#8220;20px&#8220;][vc_column_text]Wussten Sie, dass wir sehr gute Beziehungen...","og_url":"https:\/\/the-church.nl\/de\/uebernachten\/arrangements\/schlafen-und-essen-in-denkmalgeschuetzten-gebaeuden\/","og_site_name":"The Church","article_modified_time":"2024-04-26T11:00:23+00:00","og_image":[{"width":1200,"height":1000,"url":"https:\/\/the-church.nl\/wp-content\/uploads\/2024\/01\/Slapen-in-monumentale-panden.jpg","type":"image\/jpeg"}],"twitter_card":"summary_large_image","twitter_misc":{"Gesch\u00e4tzte Lesezeit":"3\u00a0Minuten"},"schema":{"@context":"https:\/\/schema.org","@graph":[{"@type":"WebPage","@id":"https:\/\/the-church.nl\/de\/uebernachten\/arrangements\/schlafen-und-essen-in-denkmalgeschuetzten-gebaeuden\/","url":"https:\/\/the-church.nl\/de\/uebernachten\/arrangements\/schlafen-und-essen-in-denkmalgeschuetzten-gebaeuden\/","name":"Schlafen und Essen in denkmalgesch\u00fctzten Geb\u00e4uden - The Church","isPartOf":{"@id":"https:\/\/the-church.nl\/de\/#website"},"primaryImageOfPage":{"@id":"https:\/\/the-church.nl\/de\/uebernachten\/arrangements\/schlafen-und-essen-in-denkmalgeschuetzten-gebaeuden\/#primaryimage"},"image":{"@id":"https:\/\/the-church.nl\/de\/uebernachten\/arrangements\/schlafen-und-essen-in-denkmalgeschuetzten-gebaeuden\/#primaryimage"},"thumbnailUrl":"https:\/\/the-church.nl\/wp-content\/uploads\/2024\/01\/Slapen-in-monumentale-panden.jpg","datePublished":"2024-04-26T10:51:12+00:00","dateModified":"2024-04-26T11:00:23+00:00","breadcrumb":{"@id":"https:\/\/the-church.nl\/de\/uebernachten\/arrangements\/schlafen-und-essen-in-denkmalgeschuetzten-gebaeuden\/#breadcrumb"},"inLanguage":"de","potentialAction":[{"@type":"ReadAction","target":["https:\/\/the-church.nl\/de\/uebernachten\/arrangements\/schlafen-und-essen-in-denkmalgeschuetzten-gebaeuden\/"]}]},{"@type":"ImageObject","inLanguage":"de","@id":"https:\/\/the-church.nl\/de\/uebernachten\/arrangements\/schlafen-und-essen-in-denkmalgeschuetzten-gebaeuden\/#primaryimage","url":"https:\/\/the-church.nl\/wp-content\/uploads\/2024\/01\/Slapen-in-monumentale-panden.jpg","contentUrl":"https:\/\/the-church.nl\/wp-content\/uploads\/2024\/01\/Slapen-in-monumentale-panden.jpg","width":1200,"height":1000},{"@type":"BreadcrumbList","@id":"https:\/\/the-church.nl\/de\/uebernachten\/arrangements\/schlafen-und-essen-in-denkmalgeschuetzten-gebaeuden\/#breadcrumb","itemListElement":[{"@type":"ListItem","position":1,"name":"Home","item":"https:\/\/the-church.nl\/de\/"},{"@type":"ListItem","position":2,"name":"Schlaf","item":"https:\/\/the-church.nl\/de\/slapen-bij\/"},{"@type":"ListItem","position":3,"name":"Arrangements","item":"https:\/\/the-church.nl\/de\/uebernachten\/arrangements\/"},{"@type":"ListItem","position":4,"name":"Schlafen und Essen in denkmalgesch\u00fctzten Geb\u00e4uden"}]},{"@type":"WebSite","@id":"https:\/\/the-church.nl\/de\/#website","url":"https:\/\/the-church.nl\/de\/","name":"The Church","description":"Heaven for your senses","potentialAction":[{"@type":"SearchAction","target":{"@type":"EntryPoint","urlTemplate":"https:\/\/the-church.nl\/de\/?s={search_term_string}"},"query-input":{"@type":"PropertyValueSpecification","valueRequired":true,"valueName":"search_term_string"}}],"inLanguage":"de"}]}},"_links":{"self":[{"href":"https:\/\/the-church.nl\/de\/wp-json\/wp\/v2\/pages\/12598","targetHints":{"allow":["GET"]}}],"collection":[{"href":"https:\/\/the-church.nl\/de\/wp-json\/wp\/v2\/pages"}],"about":[{"href":"https:\/\/the-church.nl\/de\/wp-json\/wp\/v2\/types\/page"}],"author":[{"embeddable":true,"href":"https:\/\/the-church.nl\/de\/wp-json\/wp\/v2\/users\/1"}],"replies":[{"embeddable":true,"href":"https:\/\/the-church.nl\/de\/wp-json\/wp\/v2\/comments?post=12598"}],"version-history":[{"count":3,"href":"https:\/\/the-church.nl\/de\/wp-json\/wp\/v2\/pages\/12598\/revisions"}],"predecessor-version":[{"id":12667,"href":"https:\/\/the-church.nl\/de\/wp-json\/wp\/v2\/pages\/12598\/revisions\/12667"}],"up":[{"embeddable":true,"href":"https:\/\/the-church.nl\/de\/wp-json\/wp\/v2\/pages\/3214"}],"wp:featuredmedia":[{"embeddable":true,"href":"https:\/\/the-church.nl\/de\/wp-json\/wp\/v2\/media\/12363"}],"wp:attachment":[{"href":"https:\/\/the-church.nl\/de\/wp-json\/wp\/v2\/media?parent=12598"}],"curies":[{"name":"wp","href":"https:\/\/api.w.org\/{rel}","templated":true}]}}